{"id":52940,"date":"2025-01-30T23:02:26","date_gmt":"2025-01-30T22:02:26","guid":{"rendered":"http:\/\/fokussrl.com\/prodotto\/cheminee-murale-bois-ch-22-10-5-kw\/"},"modified":"2025-01-30T22:46:46","modified_gmt":"2025-01-30T21:46:46","slug":"cheminee-murale-bois-ch-22-10-5-kw","status":"publish","type":"product","link":"https:\/\/www.fokussrl.com\/fr\/produit\/cheminee-murale-bois-ch-22-10-5-kw\/","title":{"rendered":"Chemin\u00e9e murale \u00e0 bois CH 22 10,5 kW &#8211; Focgrup"},"content":{"rendered":"<ul>\n<li>Structure: acier &eacute;pais peint anthracite<\/li>\n<li>Puissance thermique : 10,5 kW<\/li>\n<li>Rendement : 41%<\/li>\n<li>Dimensions : 1050 x 2700 x 690 mm<\/li>\n<\/ul>\n","protected":false},"excerpt":{"rendered":"<p>Chemin\u00e9e d\u00e9corative et de cuisson adapt\u00e9e \u00e0 une installation murale avec rev\u00eatement int\u00e9rieur en briques.<\/p>\n","protected":false},"featured_media":52941,"template":"","meta":{"_acf_changed":false},"product_brand":[4810],"product_cat":[4582,4585],"product_tag":[],"class_list":{"0":"post-52940","1":"product","2":"type-product","3":"status-publish","4":"has-post-thumbnail","6":"product_brand-focgrup-fr","7":"product_cat-cheminees-design","8":"product_cat-cheminees-modernes-au-bois-murales","9":"product_shipping_class-caminetti-di-design-2-2","10":"sales-flash-overlay","11":"woocommerce-text-align-center","12":"woocommerce-image-align-center","13":"do-quantity-buttons","15":"first","16":"instock","17":"taxable","18":"shipping-taxable","19":"purchasable","20":"product-type-simple"},"acf":[],"_links":{"self":[{"href":"https:\/\/www.fokussrl.com\/fr\/wp-json\/wp\/v2\/product\/52940","targetHints":{"allow":["GET"]}}],"collection":[{"href":"https:\/\/www.fokussrl.com\/fr\/wp-json\/wp\/v2\/product"}],"about":[{"href":"https:\/\/www.fokussrl.com\/fr\/wp-json\/wp\/v2\/types\/product"}],"wp:featuredmedia":[{"embeddable":true,"href":"https:\/\/www.fokussrl.com\/fr\/wp-json\/wp\/v2\/media\/52941"}],"wp:attachment":[{"href":"https:\/\/www.fokussrl.com\/fr\/wp-json\/wp\/v2\/media?parent=52940"}],"wp:term":[{"taxonomy":"product_brand","embeddable":true,"href":"https:\/\/www.fokussrl.com\/fr\/wp-json\/wp\/v2\/product_brand?post=52940"},{"taxonomy":"product_cat","embeddable":true,"href":"https:\/\/www.fokussrl.com\/fr\/wp-json\/wp\/v2\/product_cat?post=52940"},{"taxonomy":"product_tag","embeddable":true,"href":"https:\/\/www.fokussrl.com\/fr\/wp-json\/wp\/v2\/product_tag?post=52940"}],"curies":[{"name":"wp","href":"https:\/\/api.w.org\/{rel}","templated":true}]}}