{"id":52944,"date":"2025-01-30T23:02:26","date_gmt":"2025-01-30T22:02:26","guid":{"rendered":"http:\/\/fokussrl.com\/prodotto\/four-a-pizza-gaz-mangiafuoco-gas\/"},"modified":"2025-01-30T22:46:47","modified_gmt":"2025-01-30T21:46:47","slug":"four-a-pizza-gaz-mangiafuoco-gas","status":"publish","type":"product","link":"https:\/\/www.fokussrl.com\/fr\/produit\/four-a-pizza-gaz-mangiafuoco-gas\/","title":{"rendered":"Four \u00e0 pizza au gaz MANGIAFUOCO GAS &#8211; Fontana"},"content":{"rendered":"<ul>\n<li><strong>Type de combustible :<\/strong> Gaz \/ M&eacute;thane<\/li>\n<li><strong>Dimensions ext&eacute;rieures :<\/strong> P 85,5 x L 98 x H 196 cm<\/li>\n<li><strong>Dimensions de la chambre de cuisson :<\/strong> P 60 x L 80 x H 34 cm<\/li>\n<li><strong>Diam&egrave;tre du conduit de fum&eacute;e :<\/strong> 140 mm<\/li>\n<li><strong>Poids :<\/strong> 145 kg<\/li>\n<\/ul>\n","protected":false},"excerpt":{"rendered":"<p>Terrasses de copropri\u00e9t\u00e9, espaces communs, voisins ennuyeux; voici la praticit\u00e9 et la commodit\u00e9 d&rsquo;un four \u00e0 pizza \u00e0 gaz qui ne produit pas de fum\u00e9e. Un br\u00fbleur professionnel tr\u00e8s puissant permettant d&rsquo;atteindre les m\u00eames performances qu&rsquo;un four \u00e0 bois. La plaque de cuisson en r\u00e9fractaire naturel garantit une cuisson optimale des aliments et la saveur du pain et de la pizza. Description de l&rsquo;\u00e9quipement technique : br\u00fbleur atmosph\u00e9rique avec flamme pilote. Vanne de s\u00e9curit\u00e9 thermo\u00e9lectrique avec bouton de r\u00e9glage et allumeur pi\u00e9zo\u00e9lectrique. Connexions et montage inclus et r\u00e9alis\u00e9s par l&rsquo;entreprise. Tube et r\u00e9gulateur de pression fournis. Le br\u00fbleur est exclusivement pr\u00e9vu pour les mod\u00e8les Margherita et Mangiafuoco.<\/p>\n","protected":false},"featured_media":52945,"template":"","meta":{"_acf_changed":false},"product_brand":[4811],"product_cat":[4569],"product_tag":[],"class_list":{"0":"post-52944","1":"product","2":"type-product","3":"status-publish","4":"has-post-thumbnail","6":"product_brand-fontana-fr","7":"product_cat-barbecues-a-gaz","8":"product_shipping_class-barbecue-a-gas-2-2","9":"sales-flash-overlay","10":"woocommerce-text-align-center","11":"woocommerce-image-align-center","12":"do-quantity-buttons","14":"first","15":"instock","16":"taxable","17":"shipping-taxable","18":"purchasable","19":"product-type-simple"},"acf":[],"_links":{"self":[{"href":"https:\/\/www.fokussrl.com\/fr\/wp-json\/wp\/v2\/product\/52944","targetHints":{"allow":["GET"]}}],"collection":[{"href":"https:\/\/www.fokussrl.com\/fr\/wp-json\/wp\/v2\/product"}],"about":[{"href":"https:\/\/www.fokussrl.com\/fr\/wp-json\/wp\/v2\/types\/product"}],"wp:featuredmedia":[{"embeddable":true,"href":"https:\/\/www.fokussrl.com\/fr\/wp-json\/wp\/v2\/media\/52945"}],"wp:attachment":[{"href":"https:\/\/www.fokussrl.com\/fr\/wp-json\/wp\/v2\/media?parent=52944"}],"wp:term":[{"taxonomy":"product_brand","embeddable":true,"href":"https:\/\/www.fokussrl.com\/fr\/wp-json\/wp\/v2\/product_brand?post=52944"},{"taxonomy":"product_cat","embeddable":true,"href":"https:\/\/www.fokussrl.com\/fr\/wp-json\/wp\/v2\/product_cat?post=52944"},{"taxonomy":"product_tag","embeddable":true,"href":"https:\/\/www.fokussrl.com\/fr\/wp-json\/wp\/v2\/product_tag?post=52944"}],"curies":[{"name":"wp","href":"https:\/\/api.w.org\/{rel}","templated":true}]}}