{"id":52948,"date":"2025-01-30T23:02:26","date_gmt":"2025-01-30T22:02:26","guid":{"rendered":"http:\/\/fokussrl.com\/prodotto\/four-a-pizza-hybride-piero-appoggio\/"},"modified":"2025-01-30T22:46:47","modified_gmt":"2025-01-30T21:46:47","slug":"four-a-pizza-hybride-piero-appoggio","status":"publish","type":"product","link":"https:\/\/www.fokussrl.com\/fr\/produit\/four-a-pizza-hybride-piero-appoggio\/","title":{"rendered":"Four \u00e0 pizza hybride PIERO APPOGGIO &#8211; Fontana"},"content":{"rendered":"<ul>\n<li>Capacit\u00e9 du r\u00e9servoir de granul\u00e9s : 6 kg<\/li>\n<li>Sortie de fum\u00e9e : 80 mm<\/li>\n<li>Dimensions : 658 x 640 x 988 mm<\/li>\n<li>Poids : 68 kg<\/li>\n<li>Couleurs : Anthracite, Rouge, Vert<\/li>\n<li>Combustible : Granul\u00e9s<\/li>\n<li>Rev\u00eatement : Acier<\/li>\n<li>Consommation de granul\u00e9s : de 0,60 \u00e0 1,90 kg\/h<\/li>\n<li>Dimensions de la plaque de cuisson : de 50 \u00e0 40 cm<\/li>\n<\/ul>\n<p>La plaque standard est en pierre de lave.<\/p>\n<p>Plaque en pierre ollaire ou en fonte disponible en option.<\/p>\n","protected":false},"excerpt":{"rendered":"<p>Le four \u00e0 pizza (mais pas seulement) qui peut fonctionner \u00e0 la fois au bois et au gaz, pour la premi\u00e8re fois (dispositif brevet\u00e9) sans avoir besoin d&rsquo;op\u00e9rations fastidieuses de d\u00e9montage et de montage de br\u00fblleurs ou d&rsquo;insertion compliqu\u00e9e de cloisons ou de protections de s\u00e9curit\u00e9 pour prot\u00e9ger le br\u00fblleur.<\/p>\n<p><strong>PEU DE TEMPS ?<\/strong><\/p>\n<p>D\u00e9sormais, la d\u00e9cision d&rsquo;utiliser le four \u00e0 gaz ou avec une braise parfum\u00e9e de bois peut se faire simultan\u00e9ment, uniquement en fonction du temps que vous pouvez consacrer \u00e0 vos invit\u00e9s. Le week-end, avec tout le temps disponible, d\u00e9gustez des plats cuisin\u00e9s avec le go\u00fbt traditionnel d&rsquo;un four \u00e0 bois, et pendant les d\u00eeners en semaine, lorsque le temps presse, comptez sur un four aliment\u00e9 au gaz qui atteint la temp\u00e9rature en seulement 10 minutes pour cuire les pizzas les plus savoureuses.<\/p>\n","protected":false},"featured_media":52949,"template":"","meta":{"_acf_changed":false},"product_brand":[4811],"product_cat":[4569],"product_tag":[],"class_list":{"0":"post-52948","1":"product","2":"type-product","3":"status-publish","4":"has-post-thumbnail","6":"product_brand-fontana-fr","7":"product_cat-barbecues-a-gaz","8":"product_shipping_class-barbecue-a-gas-2-2","9":"sales-flash-overlay","10":"woocommerce-text-align-center","11":"woocommerce-image-align-center","12":"do-quantity-buttons","14":"first","15":"instock","16":"taxable","17":"shipping-taxable","18":"purchasable","19":"product-type-simple"},"acf":[],"_links":{"self":[{"href":"https:\/\/www.fokussrl.com\/fr\/wp-json\/wp\/v2\/product\/52948","targetHints":{"allow":["GET"]}}],"collection":[{"href":"https:\/\/www.fokussrl.com\/fr\/wp-json\/wp\/v2\/product"}],"about":[{"href":"https:\/\/www.fokussrl.com\/fr\/wp-json\/wp\/v2\/types\/product"}],"wp:featuredmedia":[{"embeddable":true,"href":"https:\/\/www.fokussrl.com\/fr\/wp-json\/wp\/v2\/media\/52949"}],"wp:attachment":[{"href":"https:\/\/www.fokussrl.com\/fr\/wp-json\/wp\/v2\/media?parent=52948"}],"wp:term":[{"taxonomy":"product_brand","embeddable":true,"href":"https:\/\/www.fokussrl.com\/fr\/wp-json\/wp\/v2\/product_brand?post=52948"},{"taxonomy":"product_cat","embeddable":true,"href":"https:\/\/www.fokussrl.com\/fr\/wp-json\/wp\/v2\/product_cat?post=52948"},{"taxonomy":"product_tag","embeddable":true,"href":"https:\/\/www.fokussrl.com\/fr\/wp-json\/wp\/v2\/product_tag?post=52948"}],"curies":[{"name":"wp","href":"https:\/\/api.w.org\/{rel}","templated":true}]}}