{"id":52956,"date":"2025-01-30T23:02:37","date_gmt":"2025-01-30T22:02:37","guid":{"rendered":"http:\/\/fokussrl.com\/prodotto\/cheminee-murale-bois-thea-avec-vitre-7-kw\/"},"modified":"2025-01-30T22:46:49","modified_gmt":"2025-01-30T21:46:49","slug":"cheminee-murale-bois-thea-avec-vitre-7-kw","status":"publish","type":"product","link":"https:\/\/www.fokussrl.com\/fr\/produit\/cheminee-murale-bois-thea-avec-vitre-7-kw\/","title":{"rendered":"Chemin\u00e9e murale \u00e0 bois THEA avec vitre 7 kW &#8211; Fugar"},"content":{"rendered":"<ul>\n<li><strong>Structure :<\/strong> acier<\/li>\n<li><strong>Foyer :<\/strong> ferm\u00e9 avec vitre<\/li>\n<li><strong>Carburant :<\/strong> bois<\/li>\n<li><strong>Chauffage :<\/strong> convection naturelle et rayonnement<\/li>\n<li><strong>Conduit de sortie de fum\u00e9e :<\/strong> &oslash; 200 mm<\/li>\n<li><strong>Dimensions :<\/strong> 800 x 760 x 2700 mm<\/li>\n<li><strong>Diam\u00e8tre de sortie de fum\u00e9e :<\/strong> 200 mm<\/li>\n<li><strong>Cadre :<\/strong> acier<\/li>\n<\/ul>\n","protected":false},"excerpt":{"rendered":"<p>Chemin\u00e9e suspendue murale en acier peint anthracite, id\u00e9ale pour un d\u00e9cor moderne minimaliste, enti\u00e8rement sur mesure. Dans ce cas, nous avons r\u00e9alis\u00e9 la chemin\u00e9e avec une taille standard en consid\u00e9rant une hauteur de plafond de 270 cm et une sortie de fum\u00e9e au plafond. De nombreuses variantes sont disponibles sur devis.<\/p>\n","protected":false},"featured_media":52957,"template":"","meta":{"_acf_changed":false},"product_brand":[4812],"product_cat":[4582,4585],"product_tag":[],"class_list":{"0":"post-52956","1":"product","2":"type-product","3":"status-publish","4":"has-post-thumbnail","6":"product_brand-fugar-fr","7":"product_cat-cheminees-design","8":"product_cat-cheminees-modernes-au-bois-murales","9":"product_shipping_class-caminetti-di-design-2-2","10":"sales-flash-overlay","11":"woocommerce-text-align-center","12":"woocommerce-image-align-center","13":"do-quantity-buttons","15":"first","16":"instock","17":"taxable","18":"shipping-taxable","19":"purchasable","20":"product-type-simple"},"acf":[],"_links":{"self":[{"href":"https:\/\/www.fokussrl.com\/fr\/wp-json\/wp\/v2\/product\/52956","targetHints":{"allow":["GET"]}}],"collection":[{"href":"https:\/\/www.fokussrl.com\/fr\/wp-json\/wp\/v2\/product"}],"about":[{"href":"https:\/\/www.fokussrl.com\/fr\/wp-json\/wp\/v2\/types\/product"}],"wp:featuredmedia":[{"embeddable":true,"href":"https:\/\/www.fokussrl.com\/fr\/wp-json\/wp\/v2\/media\/52957"}],"wp:attachment":[{"href":"https:\/\/www.fokussrl.com\/fr\/wp-json\/wp\/v2\/media?parent=52956"}],"wp:term":[{"taxonomy":"product_brand","embeddable":true,"href":"https:\/\/www.fokussrl.com\/fr\/wp-json\/wp\/v2\/product_brand?post=52956"},{"taxonomy":"product_cat","embeddable":true,"href":"https:\/\/www.fokussrl.com\/fr\/wp-json\/wp\/v2\/product_cat?post=52956"},{"taxonomy":"product_tag","embeddable":true,"href":"https:\/\/www.fokussrl.com\/fr\/wp-json\/wp\/v2\/product_tag?post=52956"}],"curies":[{"name":"wp","href":"https:\/\/api.w.org\/{rel}","templated":true}]}}