{"id":52959,"date":"2025-01-30T23:02:37","date_gmt":"2025-01-30T22:02:37","guid":{"rendered":"http:\/\/fokussrl.com\/prodotto\/cheminee-ouverte-bois-attica-9-kw\/"},"modified":"2025-01-30T22:46:49","modified_gmt":"2025-01-30T21:46:49","slug":"cheminee-ouverte-bois-attica-9-kw","status":"publish","type":"product","link":"https:\/\/www.fokussrl.com\/fr\/produit\/cheminee-ouverte-bois-attica-9-kw\/","title":{"rendered":"Chemin\u00e9e ouverte \u00e0 bois ATTICA 9 kW &#8211; Fugar"},"content":{"rendered":"<ul>\n<li>Structure en acier \u00e9pais peint anthracite<\/li>\n<li>Puissance thermique : 9 kW<\/li>\n<li>Rendement : 52%<\/li>\n<li>Dimensions : 2160 x 2600 x 760 mm<\/li>\n<li>Dimensions de la chambre de combustion : 640 x 360 mm<\/li>\n<li>Diam\u00e8tre de sortie de fum\u00e9e : 200 mm<\/li>\n<li>Cadre : acier<\/li>\n<\/ul>\n","protected":false},"excerpt":{"rendered":"<p>Chemin\u00e9e de cuisson ouverte en m\u00e9tal avec mur en ardoise, base en bois massif et pieds en m\u00e9tal. Avant avec grille et tiroir \u00e0 cendres.<\/p>\n","protected":false},"featured_media":52960,"template":"","meta":{"_acf_changed":false},"product_brand":[4812],"product_cat":[4582],"product_tag":[],"class_list":{"0":"post-52959","1":"product","2":"type-product","3":"status-publish","4":"has-post-thumbnail","6":"product_brand-fugar-fr","7":"product_cat-cheminees-design","8":"product_shipping_class-caminetti-di-design-2-2","9":"sales-flash-overlay","10":"woocommerce-text-align-center","11":"woocommerce-image-align-center","12":"do-quantity-buttons","14":"first","15":"instock","16":"taxable","17":"shipping-taxable","18":"purchasable","19":"product-type-simple"},"acf":[],"_links":{"self":[{"href":"https:\/\/www.fokussrl.com\/fr\/wp-json\/wp\/v2\/product\/52959","targetHints":{"allow":["GET"]}}],"collection":[{"href":"https:\/\/www.fokussrl.com\/fr\/wp-json\/wp\/v2\/product"}],"about":[{"href":"https:\/\/www.fokussrl.com\/fr\/wp-json\/wp\/v2\/types\/product"}],"wp:featuredmedia":[{"embeddable":true,"href":"https:\/\/www.fokussrl.com\/fr\/wp-json\/wp\/v2\/media\/52960"}],"wp:attachment":[{"href":"https:\/\/www.fokussrl.com\/fr\/wp-json\/wp\/v2\/media?parent=52959"}],"wp:term":[{"taxonomy":"product_brand","embeddable":true,"href":"https:\/\/www.fokussrl.com\/fr\/wp-json\/wp\/v2\/product_brand?post=52959"},{"taxonomy":"product_cat","embeddable":true,"href":"https:\/\/www.fokussrl.com\/fr\/wp-json\/wp\/v2\/product_cat?post=52959"},{"taxonomy":"product_tag","embeddable":true,"href":"https:\/\/www.fokussrl.com\/fr\/wp-json\/wp\/v2\/product_tag?post=52959"}],"curies":[{"name":"wp","href":"https:\/\/api.w.org\/{rel}","templated":true}]}}