{"id":52964,"date":"2025-01-30T23:02:37","date_gmt":"2025-01-30T22:02:37","guid":{"rendered":"http:\/\/fokussrl.com\/prodotto\/cheminee-murale-bois-irina-16-kw\/"},"modified":"2025-01-30T22:46:49","modified_gmt":"2025-01-30T21:46:49","slug":"cheminee-murale-bois-irina-16-kw","status":"publish","type":"product","link":"https:\/\/www.fokussrl.com\/fr\/produit\/cheminee-murale-bois-irina-16-kw\/","title":{"rendered":"Chemin\u00e9e murale \u00e0 bois IRINA 16 kW &#8211; Fugar"},"content":{"rendered":"<ul>\n<li>Structure en acier peint noir de grande &eacute;paisseur avec porte-b&ucirc;ches &agrave; la base<\/li>\n<li>Puissance thermique: 16 kW<\/li>\n<li>Rendement 82%<\/li>\n<li>Dimensions: 990 x 2600 x 580 mm<\/li>\n<li>Dimensions de l&rsquo;ouverture: 720 x 380 x 440 mm<\/li>\n<li>Diam&egrave;tre de sortie des fum&eacute;es: 200 mm<\/li>\n<li>Cadre: acier<\/li>\n<\/ul>\n","protected":false},"excerpt":{"rendered":"<p>Chemin\u00e9e d\u00e9corative et de chauffage trilat\u00e9rale avec int\u00e9rieur en briques, adapt\u00e9e \u00e0 une installation murale.<\/p>\n","protected":false},"featured_media":52965,"template":"","meta":{"_acf_changed":false},"product_brand":[4812],"product_cat":[4582,4585],"product_tag":[],"class_list":{"0":"post-52964","1":"product","2":"type-product","3":"status-publish","4":"has-post-thumbnail","6":"product_brand-fugar-fr","7":"product_cat-cheminees-design","8":"product_cat-cheminees-modernes-au-bois-murales","9":"product_shipping_class-caminetti-di-design-2-2","10":"sales-flash-overlay","11":"woocommerce-text-align-center","12":"woocommerce-image-align-center","13":"do-quantity-buttons","15":"first","16":"instock","17":"taxable","18":"shipping-taxable","19":"purchasable","20":"product-type-simple"},"acf":[],"_links":{"self":[{"href":"https:\/\/www.fokussrl.com\/fr\/wp-json\/wp\/v2\/product\/52964","targetHints":{"allow":["GET"]}}],"collection":[{"href":"https:\/\/www.fokussrl.com\/fr\/wp-json\/wp\/v2\/product"}],"about":[{"href":"https:\/\/www.fokussrl.com\/fr\/wp-json\/wp\/v2\/types\/product"}],"wp:featuredmedia":[{"embeddable":true,"href":"https:\/\/www.fokussrl.com\/fr\/wp-json\/wp\/v2\/media\/52965"}],"wp:attachment":[{"href":"https:\/\/www.fokussrl.com\/fr\/wp-json\/wp\/v2\/media?parent=52964"}],"wp:term":[{"taxonomy":"product_brand","embeddable":true,"href":"https:\/\/www.fokussrl.com\/fr\/wp-json\/wp\/v2\/product_brand?post=52964"},{"taxonomy":"product_cat","embeddable":true,"href":"https:\/\/www.fokussrl.com\/fr\/wp-json\/wp\/v2\/product_cat?post=52964"},{"taxonomy":"product_tag","embeddable":true,"href":"https:\/\/www.fokussrl.com\/fr\/wp-json\/wp\/v2\/product_tag?post=52964"}],"curies":[{"name":"wp","href":"https:\/\/api.w.org\/{rel}","templated":true}]}}