{"id":52979,"date":"2025-01-30T23:02:37","date_gmt":"2025-01-30T22:02:37","guid":{"rendered":"http:\/\/fokussrl.com\/prodotto\/cheminee-murale-bois-bohi-13-kw\/"},"modified":"2025-01-30T22:46:51","modified_gmt":"2025-01-30T21:46:51","slug":"cheminee-murale-bois-bohi-13-kw","status":"publish","type":"product","link":"https:\/\/www.fokussrl.com\/fr\/produit\/cheminee-murale-bois-bohi-13-kw\/","title":{"rendered":"Chemin\u00e9e murale \u00e0 bois BOHI 13 kW &#8211; Fugar"},"content":{"rendered":"<ul>\n<li>Structure en acier peint noir haute \u00e9paisseur avec porte-b\u00fbches int\u00e9gr\u00e9<\/li>\n<li>Puissance thermique : 13 kW<\/li>\n<li>Rendement : 77%<\/li>\n<li>Dimensions : 730 x 2690 x 450 mm<\/li>\n<li>Dimensions de la porte : 600 x 280 x 380 mm<\/li>\n<li>Dimensions de la porte : 770 x 430 x 380 mm<\/li>\n<\/ul>\n","protected":false},"excerpt":{"rendered":"<p>Chemin\u00e9e d\u00e9corative et de chauffage de grande taille avec verre prismatique, adapt\u00e9e \u00e0 une installation murale. Nouveau concept de chemin\u00e9es avec un style plus sobre et moderne. Disponible \u00e9galement en version plus grande : BOHI 90.<\/p>\n","protected":false},"featured_media":52971,"template":"","meta":{"_acf_changed":false},"product_brand":[4812],"product_cat":[4582,4585],"product_tag":[],"class_list":{"0":"post-52979","1":"product","2":"type-product","3":"status-publish","4":"has-post-thumbnail","6":"product_brand-fugar-fr","7":"product_cat-cheminees-design","8":"product_cat-cheminees-modernes-au-bois-murales","9":"product_shipping_class-caminetti-di-design-2-2","10":"sales-flash-overlay","11":"woocommerce-text-align-center","12":"woocommerce-image-align-center","13":"do-quantity-buttons","15":"first","16":"instock","17":"taxable","18":"shipping-taxable","19":"purchasable","20":"product-type-simple"},"acf":[],"_links":{"self":[{"href":"https:\/\/www.fokussrl.com\/fr\/wp-json\/wp\/v2\/product\/52979","targetHints":{"allow":["GET"]}}],"collection":[{"href":"https:\/\/www.fokussrl.com\/fr\/wp-json\/wp\/v2\/product"}],"about":[{"href":"https:\/\/www.fokussrl.com\/fr\/wp-json\/wp\/v2\/types\/product"}],"wp:featuredmedia":[{"embeddable":true,"href":"https:\/\/www.fokussrl.com\/fr\/wp-json\/wp\/v2\/media\/52971"}],"wp:attachment":[{"href":"https:\/\/www.fokussrl.com\/fr\/wp-json\/wp\/v2\/media?parent=52979"}],"wp:term":[{"taxonomy":"product_brand","embeddable":true,"href":"https:\/\/www.fokussrl.com\/fr\/wp-json\/wp\/v2\/product_brand?post=52979"},{"taxonomy":"product_cat","embeddable":true,"href":"https:\/\/www.fokussrl.com\/fr\/wp-json\/wp\/v2\/product_cat?post=52979"},{"taxonomy":"product_tag","embeddable":true,"href":"https:\/\/www.fokussrl.com\/fr\/wp-json\/wp\/v2\/product_tag?post=52979"}],"curies":[{"name":"wp","href":"https:\/\/api.w.org\/{rel}","templated":true}]}}