{"id":52985,"date":"2025-01-30T23:02:37","date_gmt":"2025-01-30T22:02:37","guid":{"rendered":"http:\/\/fokussrl.com\/prodotto\/cheminee-angle-bois-aspe-13-kw\/"},"modified":"2025-01-30T22:46:51","modified_gmt":"2025-01-30T21:46:51","slug":"cheminee-angle-bois-aspe-13-kw","status":"publish","type":"product","link":"https:\/\/www.fokussrl.com\/fr\/produit\/cheminee-angle-bois-aspe-13-kw\/","title":{"rendered":"Chemin\u00e9e d&rsquo;angle \u00e0 bois ASPE 13 kW &#8211; Fugar"},"content":{"rendered":"<ul>\n<li>Structure: acier peint noir de grande \u00e9paisseur avec porte-b\u00fbches \u00e0 la base<\/li>\n<li>Puissance thermique: 13 kW<\/li>\n<li>Rendement: 77%<\/li>\n<li>Dimensions: 940 x 2690 x 660 mm<\/li>\n<li>Dimensions de l&rsquo;ouverture: 700 x 420 x 380 mm<\/li>\n<li>Diam\u00e8tre de sortie des fum\u00e9es: 200 mm<\/li>\n<li>Cadre: acier<\/li>\n<\/ul>\n","protected":false},"excerpt":{"rendered":"<p>Chemin\u00e9e d\u00e9corative et de chauffage de taille moyenne avec verre prismatique, adapt\u00e9e \u00e0 une installation en angle. Nouveau concept de chemin\u00e9es avec un style plus sobre et moderne. Disponible \u00e9galement en version plus grande : ASPE 85.<\/p>\n","protected":false},"featured_media":52968,"template":"","meta":{"_acf_changed":false},"product_brand":[4812],"product_cat":[4582],"product_tag":[],"class_list":{"0":"post-52985","1":"product","2":"type-product","3":"status-publish","4":"has-post-thumbnail","6":"product_brand-fugar-fr","7":"product_cat-cheminees-design","8":"product_shipping_class-caminetti-di-design-2-2","9":"sales-flash-overlay","10":"woocommerce-text-align-center","11":"woocommerce-image-align-center","12":"do-quantity-buttons","14":"first","15":"instock","16":"taxable","17":"shipping-taxable","18":"purchasable","19":"product-type-simple"},"acf":[],"_links":{"self":[{"href":"https:\/\/www.fokussrl.com\/fr\/wp-json\/wp\/v2\/product\/52985","targetHints":{"allow":["GET"]}}],"collection":[{"href":"https:\/\/www.fokussrl.com\/fr\/wp-json\/wp\/v2\/product"}],"about":[{"href":"https:\/\/www.fokussrl.com\/fr\/wp-json\/wp\/v2\/types\/product"}],"wp:featuredmedia":[{"embeddable":true,"href":"https:\/\/www.fokussrl.com\/fr\/wp-json\/wp\/v2\/media\/52968"}],"wp:attachment":[{"href":"https:\/\/www.fokussrl.com\/fr\/wp-json\/wp\/v2\/media?parent=52985"}],"wp:term":[{"taxonomy":"product_brand","embeddable":true,"href":"https:\/\/www.fokussrl.com\/fr\/wp-json\/wp\/v2\/product_brand?post=52985"},{"taxonomy":"product_cat","embeddable":true,"href":"https:\/\/www.fokussrl.com\/fr\/wp-json\/wp\/v2\/product_cat?post=52985"},{"taxonomy":"product_tag","embeddable":true,"href":"https:\/\/www.fokussrl.com\/fr\/wp-json\/wp\/v2\/product_tag?post=52985"}],"curies":[{"name":"wp","href":"https:\/\/api.w.org\/{rel}","templated":true}]}}