{"id":52991,"date":"2025-01-30T23:02:37","date_gmt":"2025-01-30T22:02:37","guid":{"rendered":"http:\/\/fokussrl.com\/prodotto\/cheminee-electrique-onyx-avanti-190-rw\/"},"modified":"2025-01-30T22:46:52","modified_gmt":"2025-01-30T21:46:52","slug":"cheminee-electrique-onyx-avanti-190-rw","status":"publish","type":"product","link":"https:\/\/www.fokussrl.com\/fr\/produit\/cheminee-electrique-onyx-avanti-190-rw\/","title":{"rendered":"Chemin\u00e9e \u00e9lectrique ONYX AVANTI 190 RW &#8211; Gazco"},"content":{"rendered":"<ul>\n<li>Peut &ecirc;tre install&eacute; comme chemin&eacute;e &agrave; un, deux ou trois c&ocirc;t&eacute;s<\/li>\n<li>Syst&egrave;mes LED design Chromalight&reg; Plus<\/li>\n<li>Multiples options de flammes primaires et secondaires<\/li>\n<li>Vitesse de la flamme r&eacute;glable<\/li>\n<li>Lit de braises r&eacute;aliste et lumineux<\/li>\n<li>Effets r&eacute;alistes en ch&ecirc;ne ou bouleau argent&eacute; en option<\/li>\n<li>&Eacute;clairage multiple du lit de braises, &eacute;clairage vers le bas et &eacute;clairage des b&ucirc;ches avec les modes Spectrum<\/li>\n<li>Enregistrez vos param&egrave;tres personnalis&eacute;s pour un acc&egrave;s facile<\/li>\n<li>T&eacute;l&eacute;commande Thermostatique &Eacute;co Programmable<\/li>\n<li>Contr&ocirc;le de l&rsquo;application MyFlame sur appareils iOS et Android<\/li>\n<li>Jusqu&rsquo;&agrave; 2 kW de chauffage programmable<\/li>\n<li>Fonctionnalit&eacute; d&rsquo;&eacute;conomie d&rsquo;&eacute;nergie &eacute;codesign<\/li>\n<li>Syst&egrave;me d&rsquo;&eacute;clairage d&rsquo;ambiance en option<\/li>\n<li>Les flammes peuvent &ecirc;tre appr&eacute;ci&eacute;es avec ou sans chaleur<\/li>\n<\/ul>\n","protected":false},"excerpt":{"rendered":"<p>Onyx est le fruit de 40 ans de design et d&rsquo;ing\u00e9nierie britanniques pour offrir le nec plus ultra en mati\u00e8re d&rsquo;innovation dans les chemin\u00e9es \u00e9lectriques. Des flammes scintillantes qui semblent danser avec des effets r\u00e9alistes, illumin\u00e9es dynamiquement sous tous les angles pour une immersion totale. Mais l&rsquo;Avanti est bien plus qu&rsquo;une chemin\u00e9e \u00e9lectrique. Couche apr\u00e8s couche d&rsquo;images, la technologie tisse une palette d&rsquo;effets lumineux captivants qui peuvent \u00eatre personnalis\u00e9s pour transformer vos int\u00e9rieurs.<\/p>\n<p>La technologie ChromaLight\u00ae Plus d&rsquo;Avanti permet de r\u00e9gler les couleurs des flammes principales, des flammes secondaires, de l&rsquo;allumage des b\u00fbches, de l&rsquo;\u00e9clairage et des lumi\u00e8res de fond du lit de braises. Chaque syst\u00e8me d&rsquo;\u00e9clairage peut \u00eatre r\u00e9gl\u00e9 sur des teintes assorties ou contrast\u00e9es pour cr\u00e9er un point focal v\u00e9ritablement personnalis\u00e9. Verrouillez l&rsquo;un des effets visuels d&rsquo;Avanti pour d\u00e9finir des couleurs ou changez-les progressivement en mode Spectre. Les flammes principales, la lumi\u00e8re descendante et le lit de braises peuvent \u00eatre synchronis\u00e9s via l&rsquo;application MyFlame ou la t\u00e9l\u00e9commande.<\/p>\n<p>Nous avons tous une id\u00e9e diff\u00e9rente de la flamme parfaite. Pour vous aider \u00e0 trouver la vitesse de flamme que vous pr\u00e9f\u00e9rez, vous pouvez l&rsquo;acc\u00e9l\u00e9rer ou la ralentir \u00e0 votre guise pour cr\u00e9er le rythme qui vous convient le mieux.<\/p>\n","protected":false},"featured_media":52992,"template":"","meta":{"_acf_changed":false},"product_brand":[4813],"product_cat":[4583],"product_tag":[],"class_list":{"0":"post-52991","1":"product","2":"type-product","3":"status-publish","4":"has-post-thumbnail","6":"product_brand-gazco-fr","7":"product_cat-cheminees-electriques","8":"product_shipping_class-caminetti-elettrici-2-2","9":"sales-flash-overlay","10":"woocommerce-text-align-center","11":"woocommerce-image-align-center","12":"do-quantity-buttons","14":"first","15":"instock","16":"taxable","17":"shipping-taxable","18":"purchasable","19":"product-type-simple"},"acf":[],"_links":{"self":[{"href":"https:\/\/www.fokussrl.com\/fr\/wp-json\/wp\/v2\/product\/52991","targetHints":{"allow":["GET"]}}],"collection":[{"href":"https:\/\/www.fokussrl.com\/fr\/wp-json\/wp\/v2\/product"}],"about":[{"href":"https:\/\/www.fokussrl.com\/fr\/wp-json\/wp\/v2\/types\/product"}],"wp:featuredmedia":[{"embeddable":true,"href":"https:\/\/www.fokussrl.com\/fr\/wp-json\/wp\/v2\/media\/52992"}],"wp:attachment":[{"href":"https:\/\/www.fokussrl.com\/fr\/wp-json\/wp\/v2\/media?parent=52991"}],"wp:term":[{"taxonomy":"product_brand","embeddable":true,"href":"https:\/\/www.fokussrl.com\/fr\/wp-json\/wp\/v2\/product_brand?post=52991"},{"taxonomy":"product_cat","embeddable":true,"href":"https:\/\/www.fokussrl.com\/fr\/wp-json\/wp\/v2\/product_cat?post=52991"},{"taxonomy":"product_tag","embeddable":true,"href":"https:\/\/www.fokussrl.com\/fr\/wp-json\/wp\/v2\/product_tag?post=52991"}],"curies":[{"name":"wp","href":"https:\/\/api.w.org\/{rel}","templated":true}]}}