{"id":53009,"date":"2025-01-30T23:02:37","date_gmt":"2025-01-30T22:02:37","guid":{"rendered":"http:\/\/fokussrl.com\/prodotto\/cheminee-electrique-skope-inset-135-r\/"},"modified":"2025-01-30T22:46:58","modified_gmt":"2025-01-30T21:46:58","slug":"cheminee-electrique-skope-inset-135-r","status":"publish","type":"product","link":"https:\/\/www.fokussrl.com\/fr\/produit\/cheminee-electrique-skope-inset-135-r\/","title":{"rendered":"Chemin\u00e9e \u00e9lectrique SKOPE INSET 135 R &#8211; Gazco"},"content":{"rendered":"<ul>\n<li>Dimensions requises pour l&rsquo;installation (l x h x p) : 142 x 56 x 27 cm<\/li>\n<li>Dimensions visibles de la chemin\u00e9e apr\u00e8s installation (l x h) : 140 x 38 cm<\/li>\n<li>Puissance thermique : z\u00e9ro ou 1 ou 2 kW<\/li>\n<li>Programmation hebdomadaire : oui, via t\u00e9l\u00e9commande<\/li>\n<li>R\u00e9glage puissance &#038; luminosit\u00e9 : via t\u00e9l\u00e9commande<\/li>\n<li>R\u00e9gulation thermostatique de la puissance : via t\u00e9l\u00e9commande<\/li>\n<li>Couleurs de flamme au choix : orange, bleu ou m\u00e9lange orange\/bleu<\/li>\n<li>Rev\u00eatement au choix \u00e0 la base : b\u00fbches de bois, galets gris et clairs ou effet glace<\/li>\n<li>Sortie de fum\u00e9e : PAS de chemin\u00e9e<\/li>\n<li>Possibilit\u00e9 d&rsquo;utilisation sans chauffage : oui<\/li>\n<li>Installation : insert encastrable<\/li>\n<\/ul>\n","protected":false},"excerpt":{"rendered":"<p>La s\u00e9rie de chemin\u00e9es encastrables Skope Inset se distingue par son effet de flammes qui semblent vraiment r\u00e9elles!<\/p>\n<p>La chemin\u00e9e \u00e9lectrique Skope Inset 135R s&rsquo;installe dans le mur et n\u00e9cessite tr\u00e8s peu d&rsquo;espace car elle est peu profonde, ne d\u00e9passant que l\u00e9g\u00e8rement de votre mur. Elle est facilement et confortablement command\u00e9e par une t\u00e9l\u00e9commande.<\/p>\n<p>Avec deux r\u00e9glages de puissance thermique, quatre niveaux de luminosit\u00e9 et trois couleurs de flammes diff\u00e9rentes, vous pouvez cr\u00e9er l&rsquo;atmosph\u00e8re parfaite pour chaque pi\u00e8ce. Branchez simplement votre Skope Inset 135R sur une prise \u00e9lectrique et profitez de l&rsquo;effet de flammes cr\u00e9\u00e9 par sa technologie LED d\u00e9di\u00e9e.<\/p>\n<p> La s\u00e9rie Skope Inset est disponible en 4 tailles.<\/p>\n","protected":false},"featured_media":53010,"template":"","meta":{"_acf_changed":false},"product_brand":[4813],"product_cat":[4583],"product_tag":[],"class_list":{"0":"post-53009","1":"product","2":"type-product","3":"status-publish","4":"has-post-thumbnail","6":"product_brand-gazco-fr","7":"product_cat-cheminees-electriques","8":"product_shipping_class-caminetti-elettrici-2-2","9":"sales-flash-overlay","10":"woocommerce-text-align-center","11":"woocommerce-image-align-center","12":"do-quantity-buttons","14":"first","15":"instock","16":"taxable","17":"shipping-taxable","18":"purchasable","19":"product-type-simple"},"acf":[],"_links":{"self":[{"href":"https:\/\/www.fokussrl.com\/fr\/wp-json\/wp\/v2\/product\/53009","targetHints":{"allow":["GET"]}}],"collection":[{"href":"https:\/\/www.fokussrl.com\/fr\/wp-json\/wp\/v2\/product"}],"about":[{"href":"https:\/\/www.fokussrl.com\/fr\/wp-json\/wp\/v2\/types\/product"}],"wp:featuredmedia":[{"embeddable":true,"href":"https:\/\/www.fokussrl.com\/fr\/wp-json\/wp\/v2\/media\/53010"}],"wp:attachment":[{"href":"https:\/\/www.fokussrl.com\/fr\/wp-json\/wp\/v2\/media?parent=53009"}],"wp:term":[{"taxonomy":"product_brand","embeddable":true,"href":"https:\/\/www.fokussrl.com\/fr\/wp-json\/wp\/v2\/product_brand?post=53009"},{"taxonomy":"product_cat","embeddable":true,"href":"https:\/\/www.fokussrl.com\/fr\/wp-json\/wp\/v2\/product_cat?post=53009"},{"taxonomy":"product_tag","embeddable":true,"href":"https:\/\/www.fokussrl.com\/fr\/wp-json\/wp\/v2\/product_tag?post=53009"}],"curies":[{"name":"wp","href":"https:\/\/api.w.org\/{rel}","templated":true}]}}