{"id":53012,"date":"2025-01-30T23:02:37","date_gmt":"2025-01-30T22:02:37","guid":{"rendered":"http:\/\/fokussrl.com\/prodotto\/poele-electrique-chesterfield-5\/"},"modified":"2025-01-30T22:46:59","modified_gmt":"2025-01-30T21:46:59","slug":"poele-electrique-chesterfield-5","status":"publish","type":"product","link":"https:\/\/www.fokussrl.com\/fr\/produit\/poele-electrique-chesterfield-5\/","title":{"rendered":"Po\u00eale \u00e9lectrique CHESTERFIELD 5 &#8211; Gazco"},"content":{"rendered":"<ul>\n<li>Dimensions (l x h x p): 47,2 x 61,4 x 39,1 cm<\/li>\n<li>Puissance thermique: 0\/1\/2 kW<\/li>\n<li>Poids: 56 kg<\/li>\n<li>Efficacit&eacute;: 99%<\/li>\n<li>Sortie des fum&eacute;es: PAS de conduit de fum&eacute;e<\/li>\n<li>R&eacute;glage puissance &amp; luminosit&eacute;: avec t&eacute;l&eacute;commande<\/li>\n<li>Utilisation possible sans chauffage: oui<\/li>\n<\/ul>\n","protected":false},"excerpt":{"rendered":"<p>Avec son style \u00e9l\u00e9gant mais r\u00e9solument sophistiqu\u00e9, le Chesterfield 5 Electric combine un look design avec une esth\u00e9tique traditionnelle. Pour une authenticit\u00e9 in\u00e9gal\u00e9e, le po\u00eale Chesterfield 5 pr\u00e9sente la m\u00eame structure en fer et acier \u00e9pais utilis\u00e9e dans les versions \u00e0 bois et \u00e0 gaz. \u00c0 l&rsquo;int\u00e9rieur, ce po\u00eale \u00e9lectrique cr\u00e9e une superbe image de flamme gr\u00e2ce \u00e0 la technologie Chromalight et \u00e0 des effets de b\u00fbches interchangeables et hautement r\u00e9alistes.<\/p>\n","protected":false},"featured_media":53013,"template":"","meta":{"_acf_changed":false},"product_brand":[4813],"product_cat":[4607],"product_tag":[],"class_list":{"0":"post-53012","1":"product","2":"type-product","3":"status-publish","4":"has-post-thumbnail","6":"product_brand-gazco-fr","7":"product_cat-poeles-electriques","8":"product_shipping_class-stufe-elettriche-2-2","9":"sales-flash-overlay","10":"woocommerce-text-align-center","11":"woocommerce-image-align-center","12":"do-quantity-buttons","14":"first","15":"instock","16":"taxable","17":"shipping-taxable","18":"purchasable","19":"product-type-simple"},"acf":[],"_links":{"self":[{"href":"https:\/\/www.fokussrl.com\/fr\/wp-json\/wp\/v2\/product\/53012","targetHints":{"allow":["GET"]}}],"collection":[{"href":"https:\/\/www.fokussrl.com\/fr\/wp-json\/wp\/v2\/product"}],"about":[{"href":"https:\/\/www.fokussrl.com\/fr\/wp-json\/wp\/v2\/types\/product"}],"wp:featuredmedia":[{"embeddable":true,"href":"https:\/\/www.fokussrl.com\/fr\/wp-json\/wp\/v2\/media\/53013"}],"wp:attachment":[{"href":"https:\/\/www.fokussrl.com\/fr\/wp-json\/wp\/v2\/media?parent=53012"}],"wp:term":[{"taxonomy":"product_brand","embeddable":true,"href":"https:\/\/www.fokussrl.com\/fr\/wp-json\/wp\/v2\/product_brand?post=53012"},{"taxonomy":"product_cat","embeddable":true,"href":"https:\/\/www.fokussrl.com\/fr\/wp-json\/wp\/v2\/product_cat?post=53012"},{"taxonomy":"product_tag","embeddable":true,"href":"https:\/\/www.fokussrl.com\/fr\/wp-json\/wp\/v2\/product_tag?post=53012"}],"curies":[{"name":"wp","href":"https:\/\/api.w.org\/{rel}","templated":true}]}}