{"id":53015,"date":"2025-01-30T23:02:55","date_gmt":"2025-01-30T22:02:55","guid":{"rendered":"http:\/\/fokussrl.com\/prodotto\/poele-electrique-sheraton-5\/"},"modified":"2025-01-30T22:47:00","modified_gmt":"2025-01-30T21:47:00","slug":"poele-electrique-sheraton-5","status":"publish","type":"product","link":"https:\/\/www.fokussrl.com\/fr\/produit\/poele-electrique-sheraton-5\/","title":{"rendered":"Po\u00eale \u00e9lectrique SHERATON 5 &#8211; Gazco"},"content":{"rendered":"<ul>\n<li>Dimensions (l x h x p): 48 x 61,4 x 37,1 cm<\/li>\n<li>Puissance thermique: 0\/1\/2 kW<\/li>\n<li>Poids: 55 kg<\/li>\n<li>Efficacit&eacute;: 99%<\/li>\n<li>Sortie des fum&eacute;es: PAS de conduit de fum&eacute;e<\/li>\n<li>R&eacute;glage puissance &amp; luminosit&eacute;: avec t&eacute;l&eacute;commande<\/li>\n<li>Utilisation possible sans chauffage: oui<\/li>\n<\/ul>\n","protected":false},"excerpt":{"rendered":"<p>Le Sheraton 5 Electric apporte style, \u00e9l\u00e9gance et des images de flammes \u00e9tonnamment r\u00e9alistes \u00e0 tout int\u00e9rieur. Le biseau et le cadre en fonte de la porte, de la plaque sup\u00e9rieure et de la base conf\u00e8rent \u00e0 ce po\u00eale un aspect classique mais intemporel qui s&rsquo;int\u00e8gre \u00e0 la fois aux environnements modernes et traditionnels.<br \/>Il est dot\u00e9 d&rsquo;un large choix d&rsquo;effets de feu avec nos syst\u00e8mes LED Chromalight\u00ae Immersive, offrant une vari\u00e9t\u00e9 d&rsquo;options d&rsquo;affichage qui peuvent \u00eatre combin\u00e9es et assorties pour cr\u00e9er un point focal sur mesure.<\/p>\n","protected":false},"featured_media":53016,"template":"","meta":{"_acf_changed":false},"product_brand":[4813],"product_cat":[4607],"product_tag":[],"class_list":{"0":"post-53015","1":"product","2":"type-product","3":"status-publish","4":"has-post-thumbnail","6":"product_brand-gazco-fr","7":"product_cat-poeles-electriques","8":"product_shipping_class-stufe-elettriche-2-2","9":"sales-flash-overlay","10":"woocommerce-text-align-center","11":"woocommerce-image-align-center","12":"do-quantity-buttons","14":"first","15":"instock","16":"taxable","17":"shipping-taxable","18":"purchasable","19":"product-type-simple"},"acf":[],"_links":{"self":[{"href":"https:\/\/www.fokussrl.com\/fr\/wp-json\/wp\/v2\/product\/53015","targetHints":{"allow":["GET"]}}],"collection":[{"href":"https:\/\/www.fokussrl.com\/fr\/wp-json\/wp\/v2\/product"}],"about":[{"href":"https:\/\/www.fokussrl.com\/fr\/wp-json\/wp\/v2\/types\/product"}],"wp:featuredmedia":[{"embeddable":true,"href":"https:\/\/www.fokussrl.com\/fr\/wp-json\/wp\/v2\/media\/53016"}],"wp:attachment":[{"href":"https:\/\/www.fokussrl.com\/fr\/wp-json\/wp\/v2\/media?parent=53015"}],"wp:term":[{"taxonomy":"product_brand","embeddable":true,"href":"https:\/\/www.fokussrl.com\/fr\/wp-json\/wp\/v2\/product_brand?post=53015"},{"taxonomy":"product_cat","embeddable":true,"href":"https:\/\/www.fokussrl.com\/fr\/wp-json\/wp\/v2\/product_cat?post=53015"},{"taxonomy":"product_tag","embeddable":true,"href":"https:\/\/www.fokussrl.com\/fr\/wp-json\/wp\/v2\/product_tag?post=53015"}],"curies":[{"name":"wp","href":"https:\/\/api.w.org\/{rel}","templated":true}]}}