{"id":53021,"date":"2025-11-17T23:02:55","date_gmt":"2025-11-17T22:02:55","guid":{"rendered":"http:\/\/fokussrl.com\/prodotto\/cheminee-electrique-ereflex-75-rw\/"},"modified":"2025-12-03T09:50:14","modified_gmt":"2025-12-03T08:50:14","slug":"cheminee-electrique-solus-75-e-trimline","status":"publish","type":"product","link":"https:\/\/www.fokussrl.com\/fr\/produit\/cheminee-electrique-solus-75-e-trimline\/","title":{"rendered":"Chemin\u00e9e \u00e9lectrique SOLUS 75 E &#8211; Trimline"},"content":{"rendered":"<ul>\n<li>Dimensions n\u00e9cessaires pour l\u2019encastrement (L x H x P) : 78 x 84,8 x 29,6 cm<br data-start=\"120\" data-end=\"123\" \/>Dimensions du foyer visibles apr\u00e8s encastrement (L x H) : 75 x 69,4 cm<br data-start=\"197\" data-end=\"200\" \/>Puissance maximale : 1,8 kW<br data-start=\"231\" data-end=\"234\" \/>Puissance minimale : 0,9 kW<br data-start=\"265\" data-end=\"268\" \/>Poids : 47,5 kg<br data-start=\"287\" data-end=\"290\" \/>R\u00e9glage de la puissance et de la luminosit\u00e9 : via t\u00e9l\u00e9commande<br data-start=\"356\" data-end=\"359\" \/>R\u00e9glage thermostatique de la puissance : via t\u00e9l\u00e9commande<br data-start=\"420\" data-end=\"423\" \/>Couleurs de la flamme : diff\u00e9rentes combinaisons ou flamme \u00e9teinte<br data-start=\"493\" data-end=\"496\" \/>Couleurs du lit de combustion : diff\u00e9rentes combinaisons ou flamme \u00e9teinte<br data-start=\"574\" data-end=\"577\" \/>Couleurs de la lumi\u00e8re sous le lit de combustion : diff\u00e9rentes combinaisons ou flamme \u00e9teinte<br data-start=\"674\" data-end=\"677\" \/>Six th\u00e8mes lumineux pr\u00e9programm\u00e9s inclus<br data-start=\"721\" data-end=\"724\" \/>Rev\u00eatement au choix \u00e0 la base : b\u00fbches, galets gris et clairs ou effet glace<br data-start=\"804\" data-end=\"807\" \/>Effet sonore cr\u00e9pitement du feu<br data-start=\"842\" data-end=\"845\" \/>\u00c9vacuation des fum\u00e9es : PAS de conduit de chemin\u00e9e n\u00e9cessaire<br data-start=\"910\" data-end=\"913\" \/>Possibilit\u00e9 d\u2019utilisation sans chauffage : oui<br data-start=\"963\" data-end=\"966\" \/>Installation : insert encastrable<br data-start=\"1003\" data-end=\"1006\" \/>Commande via t\u00e9l\u00e9commande ou application TUYA SMART, t\u00e9l\u00e9chargeable depuis l\u2019App Store iOS ou Android<\/li>\n<\/ul>\n","protected":false},"excerpt":{"rendered":"<p data-start=\"40\" data-end=\"426\">Le <strong data-start=\"43\" data-end=\"66\">Trimline 75 E Solus<\/strong> est une chemin\u00e9e polyvalente, parfaitement \u00e0 l\u2019aise dans un environnement contemporain comme dans un cadre plus traditionnel. La largeur du vitrage permet de l\u2019associer facilement \u00e0 diff\u00e9rents \u00e9l\u00e9ments de mobilier. Cette chemin\u00e9e peut \u00eatre transform\u00e9e sans probl\u00e8me d\u2019un mod\u00e8le \u00e0 face unique en mod\u00e8le d\u2019angle droit ou gauche, voire en mod\u00e8le \u00e0 trois faces.<\/p>\n<p data-start=\"428\" data-end=\"445\"><strong data-start=\"428\" data-end=\"443\">OPTIONNEL :<\/strong><\/p>\n<p data-start=\"447\" data-end=\"868\">Le <strong data-start=\"450\" data-end=\"474\">Coppice real log set<\/strong> est une am\u00e9lioration premium pour les chemin\u00e9es Solus, con\u00e7ue pour augmenter le r\u00e9alisme de l\u2019effet de flamme. Il s\u2019agit d\u2019un ensemble artisanal r\u00e9alis\u00e9 avec des b\u00fbches naturelles soigneusement s\u00e9lectionn\u00e9es, recr\u00e9ant un v\u00e9ritable lit de combustible sur grille. Le r\u00e9sultat est extr\u00eamement r\u00e9aliste, donnant l\u2019illusion de braises incandescentes semblables \u00e0 celles d\u2019un feu de bois en for\u00eat.<\/p>\n<p data-start=\"870\" data-end=\"1265\" data-is-only-node=\"\">L\u2019<strong data-start=\"872\" data-end=\"898\">Ambient Lighting Solus<\/strong> permet d\u2019\u00e9tendre l\u2019ambiance de la chemin\u00e9e \u00e0 toute la pi\u00e8ce gr\u00e2ce \u00e0 un kit d\u2019\u00e9clairage suppl\u00e9mentaire. Il offre 15 modes de couleur et permet de cr\u00e9er un environnement encore plus immersif et personnalis\u00e9. L\u2019\u00e9clairage peut \u00eatre contr\u00f4l\u00e9 soit via la t\u00e9l\u00e9commande de la chemin\u00e9e, soit via un dispositif intelligent, ajoutant une dimension interactive \u00e0 l\u2019exp\u00e9rience.<\/p>\n","protected":false},"featured_media":67545,"template":"","meta":{"_acf_changed":false},"product_brand":[],"product_cat":[4583],"product_tag":[],"class_list":{"0":"post-53021","1":"product","2":"type-product","3":"status-publish","4":"has-post-thumbnail","6":"product_cat-cheminees-electriques","7":"product_shipping_class-caminetti-elettrici-2-2","8":"sales-flash-overlay","9":"woocommerce-text-align-center","10":"woocommerce-image-align-center","11":"do-quantity-buttons","13":"first","14":"instock","15":"taxable","16":"shipping-taxable","17":"purchasable","18":"product-type-simple"},"acf":[],"_links":{"self":[{"href":"https:\/\/www.fokussrl.com\/fr\/wp-json\/wp\/v2\/product\/53021","targetHints":{"allow":["GET"]}}],"collection":[{"href":"https:\/\/www.fokussrl.com\/fr\/wp-json\/wp\/v2\/product"}],"about":[{"href":"https:\/\/www.fokussrl.com\/fr\/wp-json\/wp\/v2\/types\/product"}],"wp:featuredmedia":[{"embeddable":true,"href":"https:\/\/www.fokussrl.com\/fr\/wp-json\/wp\/v2\/media\/67545"}],"wp:attachment":[{"href":"https:\/\/www.fokussrl.com\/fr\/wp-json\/wp\/v2\/media?parent=53021"}],"wp:term":[{"taxonomy":"product_brand","embeddable":true,"href":"https:\/\/www.fokussrl.com\/fr\/wp-json\/wp\/v2\/product_brand?post=53021"},{"taxonomy":"product_cat","embeddable":true,"href":"https:\/\/www.fokussrl.com\/fr\/wp-json\/wp\/v2\/product_cat?post=53021"},{"taxonomy":"product_tag","embeddable":true,"href":"https:\/\/www.fokussrl.com\/fr\/wp-json\/wp\/v2\/product_tag?post=53021"}],"curies":[{"name":"wp","href":"https:\/\/api.w.org\/{rel}","templated":true}]}}