{"id":53031,"date":"2025-01-30T23:02:55","date_gmt":"2025-01-30T22:02:55","guid":{"rendered":"http:\/\/fokussrl.com\/prodotto\/cheminee-electrique-ereflex-outset-55-rw\/"},"modified":"2025-01-30T22:47:04","modified_gmt":"2025-01-30T21:47:04","slug":"cheminee-electrique-ereflex-outset-55-rw","status":"publish","type":"product","link":"https:\/\/www.fokussrl.com\/fr\/produit\/cheminee-electrique-ereflex-outset-55-rw\/","title":{"rendered":"Chemin\u00e9e \u00e9lectrique eReflex Outset 55 RW &#8211; Gazco"},"content":{"rendered":"<ul>\n<li>Dimensions n\u00e9cessaires pour l&rsquo;encastrement (l x h x p) : 60,4 x 76,9 x 30,6 cm<\/li>\n<li>Dimensions de la chemin\u00e9e visible apr\u00e8s encastrement (l x h) : 55 x 56 cm<\/li>\n<li>Puissance thermique : z\u00e9ro ou 1 ou 2 kW<\/li>\n<li>Programmation hebdomadaire : oui, via t\u00e9l\u00e9commande<\/li>\n<li>R\u00e9glage de la puissance et de la luminosit\u00e9 : via t\u00e9l\u00e9commande<\/li>\n<li>R\u00e9glage thermostatique de la puissance : via t\u00e9l\u00e9commande<\/li>\n<li>Couleurs des flammes au choix : orange, bleu ou m\u00e9lange orange\/bleu<\/li>\n<li>Rev\u00eatement de base au choix : b\u00fbches de bois, galets gris et clairs ou effet glace<\/li>\n<li>\u00c9vacuation des fum\u00e9es : PAS de conduit<\/li>\n<li>Possibilit\u00e9 d&rsquo;utilisation sans chauffage : oui<\/li>\n<li>Installation : encastrement avec ou sans c\u00f4t\u00e9s vitr\u00e9s<\/li>\n<\/ul>\n","protected":false},"excerpt":{"rendered":"<p>La s\u00e9rie de chemin\u00e9es encastrables eReflex Outset (anciennement Skope) se distingue par ses effets de flammes qui semblent vraiment r\u00e9els!<\/p>\n<p>La chemin\u00e9e \u00e9lectrique eReflex Outset 55RW est la plus petite de la s\u00e9rie, permettant de voir le feu de 2 ou 3 c\u00f4t\u00e9s. Elle peut \u00eatre install\u00e9e dans du placopl\u00e2tre, du bois ou tout autre mat\u00e9riau et prend tr\u00e8s peu de place car elle n&rsquo;a qu&rsquo;une profondeur de 30,6 cm.<\/p>\n<p>Elle est facilement et confortablement command\u00e9e par une t\u00e9l\u00e9commande. Avec deux r\u00e9glages de puissance thermique, quatre niveaux de luminosit\u00e9 et trois couleurs de flammes diff\u00e9rentes, vous pouvez cr\u00e9er l&rsquo;atmosph\u00e8re parfaite pour chaque pi\u00e8ce.<\/p>\n<p>Branchez simplement votre eReflex Outset 55RW sur une prise \u00e9lectrique et profitez de l&rsquo;effet de flammes cr\u00e9\u00e9 par sa technologie LED d\u00e9di\u00e9e.<\/p>\n<p>Pour les espaces plus grands, le mod\u00e8le eReflex Outset 75RW est recommand\u00e9.<\/p>\n","protected":false},"featured_media":53032,"template":"","meta":{"_acf_changed":false},"product_brand":[4813],"product_cat":[4583],"product_tag":[],"class_list":{"0":"post-53031","1":"product","2":"type-product","3":"status-publish","4":"has-post-thumbnail","6":"product_brand-gazco-fr","7":"product_cat-cheminees-electriques","8":"product_shipping_class-caminetti-elettrici-2-2","9":"sales-flash-overlay","10":"woocommerce-text-align-center","11":"woocommerce-image-align-center","12":"do-quantity-buttons","14":"first","15":"instock","16":"taxable","17":"shipping-taxable","18":"purchasable","19":"product-type-simple"},"acf":[],"_links":{"self":[{"href":"https:\/\/www.fokussrl.com\/fr\/wp-json\/wp\/v2\/product\/53031","targetHints":{"allow":["GET"]}}],"collection":[{"href":"https:\/\/www.fokussrl.com\/fr\/wp-json\/wp\/v2\/product"}],"about":[{"href":"https:\/\/www.fokussrl.com\/fr\/wp-json\/wp\/v2\/types\/product"}],"wp:featuredmedia":[{"embeddable":true,"href":"https:\/\/www.fokussrl.com\/fr\/wp-json\/wp\/v2\/media\/53032"}],"wp:attachment":[{"href":"https:\/\/www.fokussrl.com\/fr\/wp-json\/wp\/v2\/media?parent=53031"}],"wp:term":[{"taxonomy":"product_brand","embeddable":true,"href":"https:\/\/www.fokussrl.com\/fr\/wp-json\/wp\/v2\/product_brand?post=53031"},{"taxonomy":"product_cat","embeddable":true,"href":"https:\/\/www.fokussrl.com\/fr\/wp-json\/wp\/v2\/product_cat?post=53031"},{"taxonomy":"product_tag","embeddable":true,"href":"https:\/\/www.fokussrl.com\/fr\/wp-json\/wp\/v2\/product_tag?post=53031"}],"curies":[{"name":"wp","href":"https:\/\/api.w.org\/{rel}","templated":true}]}}