{"id":53037,"date":"2025-01-30T23:02:55","date_gmt":"2025-01-30T22:02:55","guid":{"rendered":"http:\/\/fokussrl.com\/prodotto\/cheminee-electrique-skope-inset-85-r\/"},"modified":"2025-01-30T22:47:05","modified_gmt":"2025-01-30T21:47:05","slug":"cheminee-electrique-skope-inset-85-r","status":"publish","type":"product","link":"https:\/\/www.fokussrl.com\/fr\/produit\/cheminee-electrique-skope-inset-85-r\/","title":{"rendered":"Chemin\u00e9e \u00e9lectrique SKOPE INSET 85 R &#8211; Gazco"},"content":{"rendered":"<ul>\n<li>Dimensions n\u00e9cessaires pour l&rsquo;encastrement (l x h x p) : 92 x 56 x 27 cm<\/li>\n<li>Dimensions de la chemin\u00e9e visible apr\u00e8s encastrement (l x h) : 90 x 38 cm<\/li>\n<li>Puissance thermique : z\u00e9ro ou 1 ou 2 kW<\/li>\n<li>Programmation hebdomadaire : oui, via t\u00e9l\u00e9commande<\/li>\n<li>R\u00e9glage de la puissance et de la luminosit\u00e9 : via t\u00e9l\u00e9commande<\/li>\n<li>R\u00e9glage thermostatique de la puissance : via t\u00e9l\u00e9commande<\/li>\n<li>Couleurs des flammes au choix : orange, bleu ou m\u00e9lange orange\/bleu<\/li>\n<li>Rev\u00eatement de base au choix : b\u00fbches de bois, galets gris et clairs ou effet glace<\/li>\n<li>\u00c9vacuation des fum\u00e9es : PAS de conduit<\/li>\n<li>Possibilit\u00e9 d&rsquo;utilisation sans chauffage : oui<\/li>\n<li>Installation : insert encastrable<\/li>\n<\/ul>\n","protected":false},"excerpt":{"rendered":"<p>La ligne de chemin\u00e9es \u00e9lectriques Skope Inset est la derni\u00e8re innovation de Gazco.<\/p>\n<p>L&rsquo;Inset 85R est le plus petit mod\u00e8le de la s\u00e9rie encastr\u00e9e Skope, mais comme toutes les chemin\u00e9es Skope, m\u00eame ce mod\u00e8le plus petit garantit une puissance thermique maximale de 2 kW. Si la pi\u00e8ce est d\u00e9j\u00e0 chaude et que vous voulez simplement profiter de la soir\u00e9e avec vos invit\u00e9s devant le spectaculaire jeu de flammes, un simple clic sur la t\u00e9l\u00e9commande multifonction fournie avec cette chemin\u00e9e suffit.<\/p>\n<p>Avec la t\u00e9l\u00e9commande, vous pouvez \u00e9galement ajuster la luminosit\u00e9 des flammes et choisir la couleur de l&rsquo;\u00e9clairage de la base de bois. La s\u00e9rie Skope Inset est disponible en 4 tailles.<\/p>\n","protected":false},"featured_media":53038,"template":"","meta":{"_acf_changed":false},"product_brand":[4813],"product_cat":[4583],"product_tag":[],"class_list":{"0":"post-53037","1":"product","2":"type-product","3":"status-publish","4":"has-post-thumbnail","6":"product_brand-gazco-fr","7":"product_cat-cheminees-electriques","8":"product_shipping_class-caminetti-elettrici-2-2","9":"sales-flash-overlay","10":"woocommerce-text-align-center","11":"woocommerce-image-align-center","12":"do-quantity-buttons","14":"first","15":"instock","16":"taxable","17":"shipping-taxable","18":"purchasable","19":"product-type-simple"},"acf":[],"_links":{"self":[{"href":"https:\/\/www.fokussrl.com\/fr\/wp-json\/wp\/v2\/product\/53037","targetHints":{"allow":["GET"]}}],"collection":[{"href":"https:\/\/www.fokussrl.com\/fr\/wp-json\/wp\/v2\/product"}],"about":[{"href":"https:\/\/www.fokussrl.com\/fr\/wp-json\/wp\/v2\/types\/product"}],"wp:featuredmedia":[{"embeddable":true,"href":"https:\/\/www.fokussrl.com\/fr\/wp-json\/wp\/v2\/media\/53038"}],"wp:attachment":[{"href":"https:\/\/www.fokussrl.com\/fr\/wp-json\/wp\/v2\/media?parent=53037"}],"wp:term":[{"taxonomy":"product_brand","embeddable":true,"href":"https:\/\/www.fokussrl.com\/fr\/wp-json\/wp\/v2\/product_brand?post=53037"},{"taxonomy":"product_cat","embeddable":true,"href":"https:\/\/www.fokussrl.com\/fr\/wp-json\/wp\/v2\/product_cat?post=53037"},{"taxonomy":"product_tag","embeddable":true,"href":"https:\/\/www.fokussrl.com\/fr\/wp-json\/wp\/v2\/product_tag?post=53037"}],"curies":[{"name":"wp","href":"https:\/\/api.w.org\/{rel}","templated":true}]}}