{"id":53040,"date":"2025-01-30T23:02:55","date_gmt":"2025-01-30T22:02:55","guid":{"rendered":"http:\/\/fokussrl.com\/prodotto\/poele-combine-bois-granules-autonettoyant-twin-mini-6\/"},"modified":"2025-01-30T22:47:06","modified_gmt":"2025-01-30T21:47:06","slug":"poele-combine-bois-granules-autonettoyant-twin-mini-6","status":"publish","type":"product","link":"https:\/\/www.fokussrl.com\/fr\/produit\/poele-combine-bois-granules-autonettoyant-twin-mini-6\/","title":{"rendered":"Po\u00eale combin\u00e9 bois-granul\u00e9s autonettoyant TWIN MINI 6 &#8211; Girolami"},"content":{"rendered":"<h2>Caract\u00e9ristiques techniques<\/h2>\n<ul>\n<li>Poids : 155 Kg<\/li>\n<li>Sortie de fum\u00e9e : 130 mm<\/li>\n<li>Efficacit\u00e9 max : 95,7%<\/li>\n<li>R\u00e9servoir \u00e0 granul\u00e9s : 15 kg<\/li>\n<li>Volume chauffable : 191 m&sup3;<\/li>\n<\/ul>\n<h2>Caract\u00e9ristiques g\u00e9n\u00e9rales<\/h2>\n<ul>\n<li>Fonctionnement \u00e0 granul\u00e9s et \u00e0 bois<\/li>\n<li>Passage automatique entre granul\u00e9s\/bois et bois\/granul\u00e9s<\/li>\n<li>Syst\u00e8me d&rsquo;alimentation par le bas<\/li>\n<li>Ventilation forc\u00e9e dans la pi\u00e8ce<\/li>\n<li>Mode silencieux (convection naturelle) activable via la t\u00e9l\u00e9commande<\/li>\n<li>Grande visibilit\u00e9 de la flamme<\/li>\n<li>Fonctionnement \u00e9galement en convection naturelle<\/li>\n<li>Sortie de fum\u00e9e sup\u00e9rieure<\/li>\n<li>T\u00e9l\u00e9commande LCD avec sonde de temp\u00e9rature<\/li>\n<li>Chambre de combustion en r\u00e9fractaire c\u00e9ramique<\/li>\n<li>Syst\u00e8me d&rsquo;alimentation avec motor\u00e9ducteur sans balais<\/li>\n<li>Tiroir \u00e0 cendres<\/li>\n<li>Verre c\u00e9ramique s\u00e9rigraphi\u00e9<\/li>\n<li>Vanne \u00e9toile<\/li>\n<li>Vanne m\u00e9canique anti-rupture<\/li>\n<li>Dispositif de s\u00e9curit\u00e9 \u00e9lectrom\u00e9canique pour coupure de courant<\/li>\n<\/ul>\n","protected":false},"excerpt":{"rendered":"<p>The Twin Mini is a hybrid air stove that allows you to choose between wood and pellets as fuel, using a single combustion chamber. It features an elegant design with aluminum profiles that enhance heat distribution. The stove is highly technological, including functionalities such as an optional radio handset, a patented source-feed fuel loading system, WiFi, and a brushless gear motor. It also has a SuperSilent\u00a0\u00bb mode for silent operation through natural convection. Additionally<\/p>\n","protected":false},"featured_media":53041,"template":"","meta":{"_acf_changed":false},"product_brand":[4814],"product_cat":[4602],"product_tag":[],"class_list":{"0":"post-53040","1":"product","2":"type-product","3":"status-publish","4":"has-post-thumbnail","6":"product_brand-girolami-fr","7":"product_cat-poeles-combines-bois-granules","8":"product_shipping_class-stufe-legna-pellet-2-2","9":"sales-flash-overlay","10":"woocommerce-text-align-center","11":"woocommerce-image-align-center","12":"do-quantity-buttons","14":"first","15":"instock","16":"taxable","17":"shipping-taxable","18":"purchasable","19":"product-type-simple"},"acf":[],"_links":{"self":[{"href":"https:\/\/www.fokussrl.com\/fr\/wp-json\/wp\/v2\/product\/53040","targetHints":{"allow":["GET"]}}],"collection":[{"href":"https:\/\/www.fokussrl.com\/fr\/wp-json\/wp\/v2\/product"}],"about":[{"href":"https:\/\/www.fokussrl.com\/fr\/wp-json\/wp\/v2\/types\/product"}],"wp:featuredmedia":[{"embeddable":true,"href":"https:\/\/www.fokussrl.com\/fr\/wp-json\/wp\/v2\/media\/53041"}],"wp:attachment":[{"href":"https:\/\/www.fokussrl.com\/fr\/wp-json\/wp\/v2\/media?parent=53040"}],"wp:term":[{"taxonomy":"product_brand","embeddable":true,"href":"https:\/\/www.fokussrl.com\/fr\/wp-json\/wp\/v2\/product_brand?post=53040"},{"taxonomy":"product_cat","embeddable":true,"href":"https:\/\/www.fokussrl.com\/fr\/wp-json\/wp\/v2\/product_cat?post=53040"},{"taxonomy":"product_tag","embeddable":true,"href":"https:\/\/www.fokussrl.com\/fr\/wp-json\/wp\/v2\/product_tag?post=53040"}],"curies":[{"name":"wp","href":"https:\/\/api.w.org\/{rel}","templated":true}]}}