{"id":53044,"date":"2025-01-30T23:02:55","date_gmt":"2025-01-30T22:02:55","guid":{"rendered":"http:\/\/fokussrl.com\/prodotto\/cheminee-bois-granules-foghet-evo-aria\/"},"modified":"2025-07-20T22:14:25","modified_gmt":"2025-07-20T20:14:25","slug":"cheminee-bois-granules-foghet-evo-aria","status":"publish","type":"product","link":"https:\/\/www.fokussrl.com\/fr\/produit\/cheminee-bois-granules-foghet-evo-aria\/","title":{"rendered":"Chemin\u00e9e bois\/granul\u00e9s FOGHET EVO ARIA &#8211; Jolly Mec"},"content":{"rendered":"<ul>\n<li>Version : 11-12 kW Certifi\u00e9 4 \u00e9toiles<\/li>\n<li>Dimensions : 159,3(h) x 89(l) x 49,6(p)<\/li>\n<li>Puissance bois br\u00fbl\u00e9 : 12,8 kW<\/li>\n<li>Puissance nominale bois : 11,0 kW<\/li>\n<li>Rendement bois : 85,6%<\/li>\n<li>Puissance granul\u00e9s br\u00fbl\u00e9s : 13,5 kW<\/li>\n<li>Puissance nominale granul\u00e9s : 12,0 kW<\/li>\n<li>Rendement granul\u00e9s : 88,9%<\/li>\n<\/ul>\n","protected":false},"excerpt":{"rendered":"<p>Les chemin\u00e9es combin\u00e9es bois et granul\u00e9s FOGHET EVO ARIA sont des produits de derni\u00e8re g\u00e9n\u00e9ration utilisant la technologie EVO pour respecter les limites d&rsquo;\u00e9missions environnementales. Avec FOGHET EVO ARIA, vous pouvez choisir de chauffer l&rsquo;environnement naturellement par rayonnement ou avec de la chaleur forc\u00e9e via un ventilateur. FOGHET EVO ARIA convient \u00e0 tout environnement et est id\u00e9al pour les nouvelles maisons \u00e0 faible consommation d&rsquo;\u00e9nergie. Le syst\u00e8me herm\u00e9tique permet d&rsquo;utiliser de l&rsquo;air ext\u00e9rieur sans jamais pr\u00e9lever d&rsquo;air de l&rsquo;environnement int\u00e9rieur. FOGHET EVO ARIA, lorsqu&rsquo;il est aliment\u00e9 au bois, fonctionne et chauffe m\u00eame sans \u00e9lectricit\u00e9. Il est \u00e9quip\u00e9 d&rsquo;un humidificateur pour une meilleure qualit\u00e9 d&rsquo;air chaud, qui peut \u00e9galement \u00eatre canalis\u00e9 vers d&rsquo;autres pi\u00e8ces.<\/p>\n","protected":false},"featured_media":53045,"template":"","meta":{"_acf_changed":false},"product_brand":[4816],"product_cat":[4584],"product_tag":[],"class_list":{"0":"post-53044","1":"product","2":"type-product","3":"status-publish","4":"has-post-thumbnail","6":"product_brand-jolly-mec-fr","7":"product_cat-cheminees-au-bois-et-a-granules","8":"product_shipping_class-caminetti-legna-pellet-2-2","9":"sales-flash-overlay","10":"woocommerce-text-align-center","11":"woocommerce-image-align-center","12":"do-quantity-buttons","14":"first","15":"instock","16":"taxable","17":"shipping-taxable","18":"purchasable","19":"product-type-simple"},"acf":[],"_links":{"self":[{"href":"https:\/\/www.fokussrl.com\/fr\/wp-json\/wp\/v2\/product\/53044","targetHints":{"allow":["GET"]}}],"collection":[{"href":"https:\/\/www.fokussrl.com\/fr\/wp-json\/wp\/v2\/product"}],"about":[{"href":"https:\/\/www.fokussrl.com\/fr\/wp-json\/wp\/v2\/types\/product"}],"wp:featuredmedia":[{"embeddable":true,"href":"https:\/\/www.fokussrl.com\/fr\/wp-json\/wp\/v2\/media\/53045"}],"wp:attachment":[{"href":"https:\/\/www.fokussrl.com\/fr\/wp-json\/wp\/v2\/media?parent=53044"}],"wp:term":[{"taxonomy":"product_brand","embeddable":true,"href":"https:\/\/www.fokussrl.com\/fr\/wp-json\/wp\/v2\/product_brand?post=53044"},{"taxonomy":"product_cat","embeddable":true,"href":"https:\/\/www.fokussrl.com\/fr\/wp-json\/wp\/v2\/product_cat?post=53044"},{"taxonomy":"product_tag","embeddable":true,"href":"https:\/\/www.fokussrl.com\/fr\/wp-json\/wp\/v2\/product_tag?post=53044"}],"curies":[{"name":"wp","href":"https:\/\/api.w.org\/{rel}","templated":true}]}}