{"id":53051,"date":"2025-01-30T23:02:55","date_gmt":"2025-01-30T22:02:55","guid":{"rendered":"http:\/\/fokussrl.com\/prodotto\/insert-granules-hydraulique-pfp-160-glass\/"},"modified":"2025-01-30T22:47:07","modified_gmt":"2025-01-30T21:47:07","slug":"insert-granules-hydraulique-pfp-160-glass","status":"publish","type":"product","link":"https:\/\/www.fokussrl.com\/fr\/produit\/insert-granules-hydraulique-pfp-160-glass\/","title":{"rendered":"Insert \u00e0 granul\u00e9s hydraulique PFP 160 GLASS &#8211; Klover"},"content":{"rendered":"","protected":false},"excerpt":{"rendered":"<p>Insert \u00e0 granul\u00e9s hydro de derni\u00e8re g\u00e9n\u00e9ration avec double vitrage pour un design raffin\u00e9.<\/p>\n<p>\u2022 Chargement facile des granul\u00e9s avec un tiroir sup\u00e9rieur pratique<\/p>\n<p>\u2022 Unit\u00e9 amovible pour le nettoyage et l&rsquo;entretien<\/p>\n<p>\u2022 Brasero en fonte<\/p>\n<p>\u2022 Tous les composants hydrauliques inclus de s\u00e9rie<\/p>\n<p>\u2022 Circuit de fum\u00e9e facile \u00e0 nettoyer<\/p>\n<p><strong>Caract\u00e9ristiques techniques<\/strong><\/p>\n<p><strong>Brasero en fonte<\/strong><\/p>\n<p>Gr\u00e2ce \u00e0 l&rsquo;\u00e9tanch\u00e9it\u00e9 du brasero et de son joint, le flux d&rsquo;oxyg\u00e8ne concentr\u00e9 emp\u00eache les d\u00e9p\u00f4ts.<\/p>\n<p><strong>Circulateur \u00e9lectronique<\/strong><\/p>\n<p>Gr\u00e2ce au circulateur \u00e9lectronique de derni\u00e8re g\u00e9n\u00e9ration, la consommation d&rsquo;\u00e9lectricit\u00e9 est minimis\u00e9e.<\/p>\n<p><strong>\u00c9cran tactile<\/strong><\/p>\n<p>Contr\u00f4lez votre appareil en touchant simplement l&rsquo;\u00e9cran tactile moderne.<\/p>\n<p><strong>Double vitrage<\/strong><\/p>\n<p><strong>Programmateur hebdomadaire<\/strong><\/p>\n<p>Avec le chronothermostat int\u00e9gr\u00e9, vous pouvez d\u00e9finir jusqu&rsquo;\u00e0 4 cycles quotidiens d&rsquo;allumage et d&rsquo;extinction, optimisant ainsi le fonctionnement tout au long de la journ\u00e9e.<\/p>\n<p><strong>Carte \u00e9lectronique de derni\u00e8re g\u00e9n\u00e9ration<\/strong><\/p>\n<p>Con\u00e7ue pour un contr\u00f4le total, une efficacit\u00e9 et une s\u00e9curit\u00e9 de l&rsquo;appareil.<\/p>\n<p><strong>Sortie sup\u00e9rieure<\/strong><\/p>\n<p>Pr\u00e9par\u00e9 pour une \u00e9vacuation sup\u00e9rieure<\/p>\n<p><strong>Traitement Chrome Protected<\/strong><\/p>\n<p>Le syst\u00e8me de chargement des granul\u00e9s est enti\u00e8rement chrom\u00e9 pour \u00e9viter la d\u00e9t\u00e9rioration et l&rsquo;usure caus\u00e9es par l&rsquo;humidit\u00e9 dans le combustible.<\/p>\n<p>\u00ab\u00a0<\/p>\n","protected":false},"featured_media":53052,"template":"","meta":{"_acf_changed":false},"product_brand":[4820],"product_cat":[4610],"product_tag":[],"class_list":{"0":"post-53051","1":"product","2":"type-product","3":"status-publish","4":"has-post-thumbnail","6":"product_brand-klover-fr","7":"product_cat-cheminees-hydro-a-granules","8":"product_shipping_class-termocamini-a-pellet-2-2","9":"sales-flash-overlay","10":"woocommerce-text-align-center","11":"woocommerce-image-align-center","12":"do-quantity-buttons","14":"first","15":"instock","16":"taxable","17":"shipping-taxable","18":"purchasable","19":"product-type-simple"},"acf":[],"_links":{"self":[{"href":"https:\/\/www.fokussrl.com\/fr\/wp-json\/wp\/v2\/product\/53051","targetHints":{"allow":["GET"]}}],"collection":[{"href":"https:\/\/www.fokussrl.com\/fr\/wp-json\/wp\/v2\/product"}],"about":[{"href":"https:\/\/www.fokussrl.com\/fr\/wp-json\/wp\/v2\/types\/product"}],"wp:featuredmedia":[{"embeddable":true,"href":"https:\/\/www.fokussrl.com\/fr\/wp-json\/wp\/v2\/media\/53052"}],"wp:attachment":[{"href":"https:\/\/www.fokussrl.com\/fr\/wp-json\/wp\/v2\/media?parent=53051"}],"wp:term":[{"taxonomy":"product_brand","embeddable":true,"href":"https:\/\/www.fokussrl.com\/fr\/wp-json\/wp\/v2\/product_brand?post=53051"},{"taxonomy":"product_cat","embeddable":true,"href":"https:\/\/www.fokussrl.com\/fr\/wp-json\/wp\/v2\/product_cat?post=53051"},{"taxonomy":"product_tag","embeddable":true,"href":"https:\/\/www.fokussrl.com\/fr\/wp-json\/wp\/v2\/product_tag?post=53051"}],"curies":[{"name":"wp","href":"https:\/\/api.w.org\/{rel}","templated":true}]}}