{"id":53054,"date":"2025-01-30T23:02:55","date_gmt":"2025-01-30T22:02:55","guid":{"rendered":"http:\/\/fokussrl.com\/prodotto\/cheminee-granules-hydraulique-marlin-500-idro-27-kw\/"},"modified":"2025-01-30T22:47:07","modified_gmt":"2025-01-30T21:47:07","slug":"cheminee-granules-hydraulique-marlin-500-idro-27-kw","status":"publish","type":"product","link":"https:\/\/www.fokussrl.com\/fr\/produit\/cheminee-granules-hydraulique-marlin-500-idro-27-kw\/","title":{"rendered":"Chemin\u00e9e \u00e0 granul\u00e9s hydraulique MARLIN 500 IDRO 27 kW &#8211; L&rsquo;artistico"},"content":{"rendered":"<ul>\n<li>Puissance thermique nominale : max. 27 kW \/ min. 7,6 kW<\/li>\n<li>Puissance thermique transmise &agrave; l&rsquo;eau : max. 18 kW \/ min. 4,4 kW<\/li>\n<li>Puissance thermique &agrave; l&rsquo;environnement : max. 9,0 kW \/ min. 3,2 kW<\/li>\n<li>Rendement : max. 90,5% \/ min. 94,5%<\/li>\n<li>Consommation horaire de granul&eacute;s : max. 6,0 kg\/h. \/ min. 1,6 kg\/h<\/li>\n<li>Autonomie : max. 15 h \/ min. 56 min.<\/li>\n<li>Capacit&eacute; du r&eacute;servoir de granul&eacute;s : 90 kg<\/li>\n<li>Pression maximale de service : 3 bars &#8211; max 90&deg;<\/li>\n<li>Absorption &eacute;lectrique en r&eacute;gime : 105 max- 79 min W\/h<\/li>\n<li>Ventilateur d&rsquo;air : NON<\/li>\n<li>R&eacute;glage et fonctionnement : T&eacute;l&eacute;commande<\/li>\n<li>Poids net : 220 kg<\/li>\n<\/ul>\n<h2>INFORMATIONS TECHNIQUES<\/h2>\n<ul>\n<li>Dimensions L 90 x P 70 x H 150 cm<\/li>\n<li>Classe &eacute;nerg&eacute;tique A+<\/li>\n<li>Efficacit&eacute; &eacute;nerg&eacute;tique 117<\/li>\n<li>Code couleur 51413 (MH27)<\/li>\n<li>Certification environnementale DM186 4 &Eacute;toiles<\/li>\n<\/ul>\n","protected":false},"excerpt":{"rendered":"<p>Chemin\u00e9e hydro \u00e0 granul\u00e9s avec effet de chemin\u00e9e traditionnelle et chaleur rayonnante.<\/p>\n<p>Verre s\u00e9rigraphi\u00e9 noir. Convient aux nouvelles chemin\u00e9es, aux grands espaces et \u00e0 ceux qui n\u00e9cessitent une grande puissance de chauffage de l&rsquo;eau.<\/p>\n<p>Version compl\u00e8te avec kit d&rsquo;eau chaude pour radiateurs. Pas d&rsquo;eau chaude sanitaire.<\/p>\n","protected":false},"featured_media":53055,"template":"","meta":{"_acf_changed":false},"product_brand":[4822],"product_cat":[4610],"product_tag":[],"class_list":{"0":"post-53054","1":"product","2":"type-product","3":"status-publish","4":"has-post-thumbnail","6":"product_brand-l-artistico-fr","7":"product_cat-cheminees-hydro-a-granules","8":"product_shipping_class-termocamini-a-pellet-2-2","9":"sales-flash-overlay","10":"woocommerce-text-align-center","11":"woocommerce-image-align-center","12":"do-quantity-buttons","14":"first","15":"instock","16":"taxable","17":"shipping-taxable","18":"purchasable","19":"product-type-simple"},"acf":[],"_links":{"self":[{"href":"https:\/\/www.fokussrl.com\/fr\/wp-json\/wp\/v2\/product\/53054","targetHints":{"allow":["GET"]}}],"collection":[{"href":"https:\/\/www.fokussrl.com\/fr\/wp-json\/wp\/v2\/product"}],"about":[{"href":"https:\/\/www.fokussrl.com\/fr\/wp-json\/wp\/v2\/types\/product"}],"wp:featuredmedia":[{"embeddable":true,"href":"https:\/\/www.fokussrl.com\/fr\/wp-json\/wp\/v2\/media\/53055"}],"wp:attachment":[{"href":"https:\/\/www.fokussrl.com\/fr\/wp-json\/wp\/v2\/media?parent=53054"}],"wp:term":[{"taxonomy":"product_brand","embeddable":true,"href":"https:\/\/www.fokussrl.com\/fr\/wp-json\/wp\/v2\/product_brand?post=53054"},{"taxonomy":"product_cat","embeddable":true,"href":"https:\/\/www.fokussrl.com\/fr\/wp-json\/wp\/v2\/product_cat?post=53054"},{"taxonomy":"product_tag","embeddable":true,"href":"https:\/\/www.fokussrl.com\/fr\/wp-json\/wp\/v2\/product_tag?post=53054"}],"curies":[{"name":"wp","href":"https:\/\/api.w.org\/{rel}","templated":true}]}}