{"id":53068,"date":"2025-01-30T23:02:55","date_gmt":"2025-01-30T22:02:55","guid":{"rendered":"http:\/\/fokussrl.com\/prodotto\/insert-granules-perseo-6-kw\/"},"modified":"2025-01-30T22:47:08","modified_gmt":"2025-01-30T21:47:08","slug":"insert-granules-perseo-6-kw","status":"publish","type":"product","link":"https:\/\/www.fokussrl.com\/fr\/produit\/insert-granules-perseo-6-kw\/","title":{"rendered":"Insert \u00e0 granul\u00e9s PERSEO 6 kW &#8211; L&rsquo;artistico"},"content":{"rendered":"<ul>\n<li>Puissance thermique max. 6,8 min. 3 kW<\/li>\n<li>Rendement max. 91,2 % min 92,2%<\/li>\n<li>Consommation horaire de granul\u00e9s max. 1,5 Kg\/h. min. 0,6 Kg\/h.<\/li>\n<li>Autonomie max. 7 h. \/ min. 16 h.<\/li>\n<li>Capacit\u00e9 du r\u00e9servoir \u00e0 granul\u00e9s 10 kg<\/li>\n<li>Consommation \u00e9lectrique en fonctionnement 33 &#8211; 52 W\/h.<\/li>\n<li>Ventilateur d&rsquo;air 280 m3\/h.<\/li>\n<li>R\u00e9gulation et fonctionnement T\u00e9l\u00e9commande IR<\/li>\n<li>Poids net 84 kg<\/li>\n<li>Complet avec t\u00e9l\u00e9commande et kit de chargement de granul\u00e9s<\/li>\n<li>Certification environnementale DM186 4 \u00e9toiles<\/li>\n<\/ul>\n","protected":false},"excerpt":{"rendered":"<p>Chemin\u00e9e \u00e0 granul\u00e9s silencieuse et minimaliste, PERSEO 6 est la solution parfaite pour r\u00e9nover une ancienne chemin\u00e9e \u00e0 bois ou en cr\u00e9er une nouvelle en parfaite harmonie avec le mur. Esth\u00e9tique et performances techniques cohabitent dans cette chemin\u00e9e, vous offrant la possibilit\u00e9 de chauffer votre environnement sans gaspillage, gr\u00e2ce \u00e0 la programmation des allumages et arr\u00eats. La vitre frontale \u00e9l\u00e9gante souligne la beaut\u00e9 de la flamme dans une chemin\u00e9e qui r\u00e9chauffe le c\u0153ur et la vue. PERSEO 6 apporte \u00e0 votre maison toute la chaleur d\u2019une chemin\u00e9e traditionnelle, avec la tranquillit\u00e9 et les \u00e9conomies d\u2019un syst\u00e8me de chauffage innovant et intelligent.<\/p>\n","protected":false},"featured_media":53069,"template":"","meta":{"_acf_changed":false},"product_brand":[4822],"product_cat":[4593],"product_tag":[],"class_list":{"0":"post-53068","1":"product","2":"type-product","3":"status-publish","4":"has-post-thumbnail","6":"product_brand-l-artistico-fr","7":"product_cat-inserts-a-granules","8":"product_shipping_class-inserti-a-pellet-2-2","9":"sales-flash-overlay","10":"woocommerce-text-align-center","11":"woocommerce-image-align-center","12":"do-quantity-buttons","14":"first","15":"instock","16":"taxable","17":"shipping-taxable","18":"product-type-simple"},"acf":[],"_links":{"self":[{"href":"https:\/\/www.fokussrl.com\/fr\/wp-json\/wp\/v2\/product\/53068","targetHints":{"allow":["GET"]}}],"collection":[{"href":"https:\/\/www.fokussrl.com\/fr\/wp-json\/wp\/v2\/product"}],"about":[{"href":"https:\/\/www.fokussrl.com\/fr\/wp-json\/wp\/v2\/types\/product"}],"wp:featuredmedia":[{"embeddable":true,"href":"https:\/\/www.fokussrl.com\/fr\/wp-json\/wp\/v2\/media\/53069"}],"wp:attachment":[{"href":"https:\/\/www.fokussrl.com\/fr\/wp-json\/wp\/v2\/media?parent=53068"}],"wp:term":[{"taxonomy":"product_brand","embeddable":true,"href":"https:\/\/www.fokussrl.com\/fr\/wp-json\/wp\/v2\/product_brand?post=53068"},{"taxonomy":"product_cat","embeddable":true,"href":"https:\/\/www.fokussrl.com\/fr\/wp-json\/wp\/v2\/product_cat?post=53068"},{"taxonomy":"product_tag","embeddable":true,"href":"https:\/\/www.fokussrl.com\/fr\/wp-json\/wp\/v2\/product_tag?post=53068"}],"curies":[{"name":"wp","href":"https:\/\/api.w.org\/{rel}","templated":true}]}}