{"id":53083,"date":"2025-01-30T23:03:09","date_gmt":"2025-01-30T22:03:09","guid":{"rendered":"http:\/\/fokussrl.com\/prodotto\/cheminee-granules-ventilee-et-canalisable-mini-starfire-9-1-kw\/"},"modified":"2026-02-21T10:07:56","modified_gmt":"2026-02-21T09:07:56","slug":"cheminee-a-granules-ventilee-et-canalisable-verty-ap-1000-91-kw-lartistico","status":"publish","type":"product","link":"https:\/\/www.fokussrl.com\/fr\/produit\/cheminee-a-granules-ventilee-et-canalisable-verty-ap-1000-91-kw-lartistico\/","title":{"rendered":"Chemin\u00e9e \u00e0 granul\u00e9s ventil\u00e9e et canalisable VERTY AP 1000  9,1 kW &#8211; L&rsquo;artistico"},"content":{"rendered":"<ul>\n<li>Puissance thermique nominale: max. 9,1 kW \/ min. 4,5 kW<\/li>\n<li>Rendement: max. 93,3% \/ min. 93,9 %<\/li>\n<li>Consommation horaire de pellets: max. 2,0 kg\/h. \/ min. 1,0 kg\/h.<\/li>\n<li>Autonomie: max. 17 h. \/ min. 35 h.<\/li>\n<li>Capacit\u00e9 du r\u00e9servoir: 35 kg<\/li>\n<li>Absorption \u00e9lectrique en r\u00e9gime: 77 &#8211; 140 W\/h.<\/li>\n<li>Ventilateur d&rsquo;air: 250 m3\/h + lat\u00e9ral 180 + 180 m3\/h.<\/li>\n<li>Poids net: 153 kg<\/li>\n<\/ul>\n<h2>INFORMATIONS TECHNIQUES<\/h2>\n<ul>\n<li>Dimensions L 40,2 x P 60 x H 148,5 cm<\/li>\n<li>Classe \u00e9nerg\u00e9tique A+<\/li>\n<li>Efficacit\u00e9 \u00e9nerg\u00e9tique 119<\/li>\n<li>Code couleur 51405<\/li>\n<li>Certification environnementale DM186 4 \u00e9toiles<\/li>\n<\/ul>\n","protected":false},"excerpt":{"rendered":"<p>En nous rassemblant autour du feu, nous avons cr\u00e9\u00e9 un petit bijou de style et d&rsquo;efficacit\u00e9 aux formes \u00e9lanc\u00e9es. Une seule paroi de verre et le feu, rien d&rsquo;autre. Pur comme les meilleures choses.<\/p>\n","protected":false},"featured_media":53084,"template":"","meta":{"_acf_changed":false},"product_brand":[4822],"product_cat":[4580],"product_tag":[],"class_list":{"0":"post-53083","1":"product","2":"type-product","3":"status-publish","4":"has-post-thumbnail","6":"product_brand-l-artistico-fr","7":"product_cat-cheminees-a-granules","8":"product_shipping_class-caminetti-a-pellet-2-2","9":"sales-flash-overlay","10":"woocommerce-text-align-center","11":"woocommerce-image-align-center","12":"do-quantity-buttons","14":"first","15":"instock","16":"taxable","17":"shipping-taxable","18":"purchasable","19":"product-type-simple"},"acf":[],"_links":{"self":[{"href":"https:\/\/www.fokussrl.com\/fr\/wp-json\/wp\/v2\/product\/53083","targetHints":{"allow":["GET"]}}],"collection":[{"href":"https:\/\/www.fokussrl.com\/fr\/wp-json\/wp\/v2\/product"}],"about":[{"href":"https:\/\/www.fokussrl.com\/fr\/wp-json\/wp\/v2\/types\/product"}],"wp:featuredmedia":[{"embeddable":true,"href":"https:\/\/www.fokussrl.com\/fr\/wp-json\/wp\/v2\/media\/53084"}],"wp:attachment":[{"href":"https:\/\/www.fokussrl.com\/fr\/wp-json\/wp\/v2\/media?parent=53083"}],"wp:term":[{"taxonomy":"product_brand","embeddable":true,"href":"https:\/\/www.fokussrl.com\/fr\/wp-json\/wp\/v2\/product_brand?post=53083"},{"taxonomy":"product_cat","embeddable":true,"href":"https:\/\/www.fokussrl.com\/fr\/wp-json\/wp\/v2\/product_cat?post=53083"},{"taxonomy":"product_tag","embeddable":true,"href":"https:\/\/www.fokussrl.com\/fr\/wp-json\/wp\/v2\/product_tag?post=53083"}],"curies":[{"name":"wp","href":"https:\/\/api.w.org\/{rel}","templated":true}]}}