{"id":53094,"date":"2025-01-30T23:03:09","date_gmt":"2025-01-30T22:03:09","guid":{"rendered":"http:\/\/fokussrl.com\/prodotto\/monobloc-bois-ventile-3-lc\/"},"modified":"2025-01-30T22:47:11","modified_gmt":"2025-01-30T21:47:11","slug":"monobloc-bois-ventile-3-lc","status":"publish","type":"product","link":"https:\/\/www.fokussrl.com\/fr\/produit\/monobloc-bois-ventile-3-lc\/","title":{"rendered":"Monobloc \u00e0 bois ventil\u00e9 3 LC &#8211; La Nordica &#8211; Extraflame"},"content":{"rendered":"<ul>\n<li>Puissance thermique nominale : 12,0 kW<\/li>\n<li>Surface chauffable : 344 m<\/li>\n<li>Dimensions (LxHxP) : 1034 x 1645-1685 x 655 mm<\/li>\n<li>Consommation horaire : 3,5 kg\/h<\/li>\n<li>Diam\u00e8tre \u00e9vacuation des fum\u00e9es (&Oslash;) : 200 mm<\/li>\n<li>Rendement : 82,0 %<\/li>\n<li>Poids net : 320 kg<\/li>\n<li>Certification environnementale DM186 4 \u00e9toiles<\/li>\n<li>Classe \u00e9nerg\u00e9tique A+<\/li>\n<\/ul>\n","protected":false},"excerpt":{"rendered":"<p>Le Monoblocco 3LC est un excellent choix pour ceux qui recherchent une chemin\u00e9e \u00e0 bois de haute qualit\u00e9 et aux performances fiables. Construit avec des mat\u00e9riaux d\u2019\u00e9paisseur sup\u00e9rieure, ce monobloc garantit solidit\u00e9 et durabilit\u00e9 dans le temps.<\/p>\n<p>Sa caract\u00e9ristique distinctive est le verre c\u00e9ramique divis\u00e9 en trois parties, avec des c\u00f4t\u00e9s courts ouvrables, offrant une vue large et claire du feu sous diff\u00e9rents angles de la pi\u00e8ce. Gr\u00e2ce aux supports avec roues et pieds r\u00e9glables, ce monobloc peut \u00eatre positionn\u00e9 et install\u00e9 avec pr\u00e9cision.<\/p>\n<p>La grille en fonte basculante, \u00e9quip\u00e9e d\u2019un tiroir \u00e0 cendres amovible, simplifie les op\u00e9rations de nettoyage et d\u2019entretien, tandis que la chambre de combustion en Nordiker est con\u00e7ue pour \u00eatre facilement inspectable et rempla\u00e7able, garantissant un entretien facile dans le temps.<\/p>\n<p>\u00c9quip\u00e9 d\u2019un carter de s\u00e9rie, le Monoblocco 3LC offre un mouvement de porte fluide et doux, avec un nouveau syst\u00e8me permettant une translation lors de la lev\u00e9e, assurant une ouverture facile et s\u00e9curis\u00e9e.<\/p>\n<p>Avec le Monoblocco 3LC, vous pouvez profiter de la chaleur confortable et de l\u2019atmosph\u00e8re relaxante d\u2019une chemin\u00e9e \u00e0 bois, avec la tranquillit\u00e9 d\u2019avoir un produit solide et fiable qui s\u2019int\u00e8gre parfaitement dans votre environnement domestique.<\/p>\n","protected":false},"featured_media":53095,"template":"","meta":{"_acf_changed":false},"product_brand":[4824],"product_cat":[4586],"product_tag":[],"class_list":{"0":"post-53094","1":"product","2":"type-product","3":"status-publish","4":"has-post-thumbnail","6":"product_brand-la-nordica-extraflame-fr","7":"product_cat-monoblocs-au-bois","8":"product_shipping_class-monoblocchi-a-legna-2-2","9":"sales-flash-overlay","10":"woocommerce-text-align-center","11":"woocommerce-image-align-center","12":"do-quantity-buttons","14":"first","15":"instock","16":"taxable","17":"shipping-taxable","18":"purchasable","19":"product-type-simple"},"acf":[],"_links":{"self":[{"href":"https:\/\/www.fokussrl.com\/fr\/wp-json\/wp\/v2\/product\/53094","targetHints":{"allow":["GET"]}}],"collection":[{"href":"https:\/\/www.fokussrl.com\/fr\/wp-json\/wp\/v2\/product"}],"about":[{"href":"https:\/\/www.fokussrl.com\/fr\/wp-json\/wp\/v2\/types\/product"}],"wp:featuredmedia":[{"embeddable":true,"href":"https:\/\/www.fokussrl.com\/fr\/wp-json\/wp\/v2\/media\/53095"}],"wp:attachment":[{"href":"https:\/\/www.fokussrl.com\/fr\/wp-json\/wp\/v2\/media?parent=53094"}],"wp:term":[{"taxonomy":"product_brand","embeddable":true,"href":"https:\/\/www.fokussrl.com\/fr\/wp-json\/wp\/v2\/product_brand?post=53094"},{"taxonomy":"product_cat","embeddable":true,"href":"https:\/\/www.fokussrl.com\/fr\/wp-json\/wp\/v2\/product_cat?post=53094"},{"taxonomy":"product_tag","embeddable":true,"href":"https:\/\/www.fokussrl.com\/fr\/wp-json\/wp\/v2\/product_tag?post=53094"}],"curies":[{"name":"wp","href":"https:\/\/api.w.org\/{rel}","templated":true}]}}