{"id":53099,"date":"2025-01-30T23:03:09","date_gmt":"2025-01-30T22:03:09","guid":{"rendered":"http:\/\/fokussrl.com\/prodotto\/cuisiniere-bois-alaska-vst\/"},"modified":"2025-01-30T22:47:11","modified_gmt":"2025-01-30T21:47:11","slug":"cuisiniere-bois-alaska-vst","status":"publish","type":"product","link":"https:\/\/www.fokussrl.com\/fr\/produit\/cuisiniere-bois-alaska-vst\/","title":{"rendered":"Cuisini\u00e8re \u00e0 bois ALASKA VST &#8211; La Nordica &#8211; Extraflame"},"content":{"rendered":"<ul>\n<li>Air primaire et secondaire r\u00e9glables, tertiaire pr\u00e9-r\u00e9gl\u00e9e<\/li>\n<li>Chambre de combustion en Nordiker, facilement inspectable et rempla\u00e7able<\/li>\n<li>Tiroir \u00e0 cendres amovible<\/li>\n<li>Tiroir amovible pour le bois (ou objets)<\/li>\n<li>Portes, fa\u00e7ade et cadre en fonte \u00e9maill\u00e9e<\/li>\n<li>Sortie de fum\u00e9e arri\u00e8re centrale ou sup\u00e9rieure<\/li>\n<li>Puissance thermique nominale : 12,0 kW<\/li>\n<li>Surface chauffable : 344 m&sup3;<\/li>\n<li>Rendement 88,6 %<\/li>\n<li>Consommation horaire 3,2 kg\/h<\/li>\n<li>Dimensions (LxHxP) 1307x860x705 mm<\/li>\n<li>Poids net 350 kg<\/li>\n<li>Diam\u00e8tre sortie fum\u00e9e (&Oslash;) 150 mm A\/S<\/li>\n<li>Classe \u00c9nerg\u00e9tique A+<\/li>\n<li>Certification Environnementale DM186 5 \u00c9TOILES<\/li>\n<\/ul>\n","protected":false},"excerpt":{"rendered":"<p>L&rsquo;Alaska est issue d&rsquo;une grande attention et soin du d\u00e9tail, avec un design unique, reconnaissable et fonctionnel, et un choix judicieux de mat\u00e9riaux pour une qualit\u00e9 de fabrication synonyme de durabilit\u00e9.<\/p>\n<p>Cette cuisine, parmi les mod\u00e8les les plus grands de sa cat\u00e9gorie, se distingue par son grand four de 78 litres qui atteint facilement plus de 300\u00b0C, sa grande plaque \u00e9paisse compatible avec tous les types de casseroles et ses 3 anneaux en fonte qui, s&rsquo;ils sont retir\u00e9s, permettent \u00e9galement une cuisson directe sur le feu.<\/p>\n","protected":false},"featured_media":53100,"template":"","meta":{"_acf_changed":false},"product_brand":[4824],"product_cat":[4588],"product_tag":[],"class_list":{"0":"post-53099","1":"product","2":"type-product","3":"status-publish","4":"has-post-thumbnail","6":"product_brand-la-nordica-extraflame-fr","7":"product_cat-cuisinieres-au-bois","8":"product_shipping_class-cucine-a-legna-2-2","9":"sales-flash-overlay","10":"woocommerce-text-align-center","11":"woocommerce-image-align-center","12":"do-quantity-buttons","14":"first","15":"instock","16":"taxable","17":"shipping-taxable","18":"purchasable","19":"product-type-simple"},"acf":[],"_links":{"self":[{"href":"https:\/\/www.fokussrl.com\/fr\/wp-json\/wp\/v2\/product\/53099","targetHints":{"allow":["GET"]}}],"collection":[{"href":"https:\/\/www.fokussrl.com\/fr\/wp-json\/wp\/v2\/product"}],"about":[{"href":"https:\/\/www.fokussrl.com\/fr\/wp-json\/wp\/v2\/types\/product"}],"wp:featuredmedia":[{"embeddable":true,"href":"https:\/\/www.fokussrl.com\/fr\/wp-json\/wp\/v2\/media\/53100"}],"wp:attachment":[{"href":"https:\/\/www.fokussrl.com\/fr\/wp-json\/wp\/v2\/media?parent=53099"}],"wp:term":[{"taxonomy":"product_brand","embeddable":true,"href":"https:\/\/www.fokussrl.com\/fr\/wp-json\/wp\/v2\/product_brand?post=53099"},{"taxonomy":"product_cat","embeddable":true,"href":"https:\/\/www.fokussrl.com\/fr\/wp-json\/wp\/v2\/product_cat?post=53099"},{"taxonomy":"product_tag","embeddable":true,"href":"https:\/\/www.fokussrl.com\/fr\/wp-json\/wp\/v2\/product_tag?post=53099"}],"curies":[{"name":"wp","href":"https:\/\/api.w.org\/{rel}","templated":true}]}}