{"id":53103,"date":"2025-01-30T23:03:09","date_gmt":"2025-01-30T22:03:09","guid":{"rendered":"http:\/\/fokussrl.com\/prodotto\/diffuseur-shade-pour-kit-wind-air\/"},"modified":"2025-01-30T22:47:12","modified_gmt":"2025-01-30T21:47:12","slug":"diffuseur-shade-pour-kit-wind-air","status":"publish","type":"product","link":"https:\/\/www.fokussrl.com\/fr\/produit\/diffuseur-shade-pour-kit-wind-air\/","title":{"rendered":"Diffuseur SHADE pour Kit Wind Air &#8211; La Nordica &#8211; Extraflame"},"content":{"rendered":"","protected":false},"excerpt":{"rendered":"<p>Diffuseur Shade pour le syst\u00e8me \u00ab Wind Air \u00bb \u00e0 r\u00e9glage fixe. Blanc brillant (1 pi\u00e8ce)<\/p>\n","protected":false},"featured_media":53104,"template":"","meta":{"_acf_changed":false},"product_brand":[4824],"product_cat":[4567],"product_tag":[],"class_list":{"0":"post-53103","1":"product","2":"type-product","3":"status-publish","4":"has-post-thumbnail","6":"product_brand-la-nordica-extraflame-fr","7":"product_cat-accessoires-pour-poeles-et-cheminees","8":"product_shipping_class-accessori-2-2","9":"sales-flash-overlay","10":"woocommerce-text-align-center","11":"woocommerce-image-align-center","12":"do-quantity-buttons","14":"first","15":"instock","16":"taxable","17":"shipping-taxable","18":"purchasable","19":"product-type-simple"},"acf":[],"_links":{"self":[{"href":"https:\/\/www.fokussrl.com\/fr\/wp-json\/wp\/v2\/product\/53103","targetHints":{"allow":["GET"]}}],"collection":[{"href":"https:\/\/www.fokussrl.com\/fr\/wp-json\/wp\/v2\/product"}],"about":[{"href":"https:\/\/www.fokussrl.com\/fr\/wp-json\/wp\/v2\/types\/product"}],"wp:featuredmedia":[{"embeddable":true,"href":"https:\/\/www.fokussrl.com\/fr\/wp-json\/wp\/v2\/media\/53104"}],"wp:attachment":[{"href":"https:\/\/www.fokussrl.com\/fr\/wp-json\/wp\/v2\/media?parent=53103"}],"wp:term":[{"taxonomy":"product_brand","embeddable":true,"href":"https:\/\/www.fokussrl.com\/fr\/wp-json\/wp\/v2\/product_brand?post=53103"},{"taxonomy":"product_cat","embeddable":true,"href":"https:\/\/www.fokussrl.com\/fr\/wp-json\/wp\/v2\/product_cat?post=53103"},{"taxonomy":"product_tag","embeddable":true,"href":"https:\/\/www.fokussrl.com\/fr\/wp-json\/wp\/v2\/product_tag?post=53103"}],"curies":[{"name":"wp","href":"https:\/\/api.w.org\/{rel}","templated":true}]}}