{"id":53105,"date":"2025-01-30T23:03:09","date_gmt":"2025-01-30T22:03:09","guid":{"rendered":"http:\/\/fokussrl.com\/prodotto\/poele-bois-avec-four-isotta-forno-evo-9-7-kw\/"},"modified":"2025-01-30T22:47:12","modified_gmt":"2025-01-30T21:47:12","slug":"poele-bois-avec-four-isotta-forno-evo-9-7-kw","status":"publish","type":"product","link":"https:\/\/www.fokussrl.com\/fr\/produit\/poele-bois-avec-four-isotta-forno-evo-9-7-kw\/","title":{"rendered":"Po\u00eale \u00e0 bois avec four ISOTTA FORNO EVO 9,7 kW &#8211; La Nordica &#8211; Extraflame"},"content":{"rendered":"<ul>\n<li>Structure enti&egrave;rement en fonte &eacute;maill&eacute;e<\/li>\n<li>Tiroir &agrave; cendres amovible<\/li>\n<li>Air primaire et secondaire r&eacute;glable pour une meilleure gestion de la combustion<\/li>\n<li>Syst&egrave;me de post-combustion pour de faibles &eacute;missions<\/li>\n<li>Verre c&eacute;ramique<\/li>\n<li>Porte de chargement lat&eacute;rale<\/li>\n<li>Four panoramique &eacute;maill&eacute; de 39 l avec int&eacute;rieur en pierre de lave<\/li>\n<li>Grille de four chrom&eacute;e standard<\/li>\n<\/ul>\n<p>Ce produit est certifi&eacute; <strong>4 &eacute;toiles<\/strong> selon les exigences d&apos;&eacute;missions et de rendement de la certification <strong>Air Propre<\/strong><\/p>\n<ul>\n<li>Puissance thermique nominale : 9,7 kW<\/li>\n<li>Surface chauffable : 278 m&sup3;<\/li>\n<li>Efficacit&eacute; 87,7 %<\/li>\n<li>Dimensions (LxHxP) 795x1244x530 mm<\/li>\n<li>Poids net 296 kg<\/li>\n<li>Consommation horaire 2,6 kg\/h<\/li>\n<li>Diam&egrave;tre de sortie des fum&eacute;es (&Oslash;) 150 mm sup&eacute;rieur<\/li>\n<li>Classe &eacute;nerg&eacute;tique A+<\/li>\n<\/ul>\n","protected":false},"excerpt":{"rendered":"<p>D\u00e9couvrez l&rsquo;union parfaite entre tradition et innovation avec le po\u00eale \u00e0 bois Isotta Forno Evo. Con\u00e7u avec une structure en fonte \u00e9maill\u00e9e de couleur noir anthracite, ce po\u00eale ajoute non seulement une touche d&rsquo;\u00e9l\u00e9gance \u00e0 votre maison, mais offre \u00e9galement des performances fiables et des fonctionnalit\u00e9s avanc\u00e9es.<\/p>\n<p>Dot\u00e9 d&rsquo;un tiroir \u00e0 cendres amovible pour un nettoyage pratique et rapide, ce po\u00eale vous permet de garder votre espace toujours propre. Avec la r\u00e9gulation de l&rsquo;air primaire et secondaire, vous pouvez g\u00e9rer la combustion de mani\u00e8re optimale, tandis que le syst\u00e8me de post-combustion garantit de faibles \u00e9missions pour une exp\u00e9rience plus \u00e9cologique.<\/p>\n<p>Le verre c\u00e9ramique r\u00e9sistant \u00e0 la chaleur vous permet de profiter de la vue captivante des flammes tandis que le four \u00e9maill\u00e9 panoramique de 39 litres, avec un int\u00e9rieur en pierre de lave, offre une option polyvalente pour la pr\u00e9paration de divers plats. La grille chrom\u00e9e incluse ajoute encore plus de praticit\u00e9 \u00e0 votre exp\u00e9rience culinaire.<\/p>\n<p>Avec la porte lat\u00e9rale, il est facile d&rsquo;ajouter du bois sans interrompre la chaleur, tandis que le design panoramique du four vous permet de surveiller la cuisson de vos plats pr\u00e9f\u00e9r\u00e9s.<\/p>\n","protected":false},"featured_media":53106,"template":"","meta":{"_acf_changed":false},"product_brand":[4824],"product_cat":[4601],"product_tag":[],"class_list":{"0":"post-53105","1":"product","2":"type-product","3":"status-publish","4":"has-post-thumbnail","6":"product_brand-la-nordica-extraflame-fr","7":"product_cat-poeles-au-bois-avec-four","8":"product_shipping_class-stufe-a-legna-con-forno-2-2","9":"sales-flash-overlay","10":"woocommerce-text-align-center","11":"woocommerce-image-align-center","12":"do-quantity-buttons","14":"first","15":"instock","16":"taxable","17":"shipping-taxable","18":"purchasable","19":"product-type-simple"},"acf":[],"_links":{"self":[{"href":"https:\/\/www.fokussrl.com\/fr\/wp-json\/wp\/v2\/product\/53105","targetHints":{"allow":["GET"]}}],"collection":[{"href":"https:\/\/www.fokussrl.com\/fr\/wp-json\/wp\/v2\/product"}],"about":[{"href":"https:\/\/www.fokussrl.com\/fr\/wp-json\/wp\/v2\/types\/product"}],"wp:featuredmedia":[{"embeddable":true,"href":"https:\/\/www.fokussrl.com\/fr\/wp-json\/wp\/v2\/media\/53106"}],"wp:attachment":[{"href":"https:\/\/www.fokussrl.com\/fr\/wp-json\/wp\/v2\/media?parent=53105"}],"wp:term":[{"taxonomy":"product_brand","embeddable":true,"href":"https:\/\/www.fokussrl.com\/fr\/wp-json\/wp\/v2\/product_brand?post=53105"},{"taxonomy":"product_cat","embeddable":true,"href":"https:\/\/www.fokussrl.com\/fr\/wp-json\/wp\/v2\/product_cat?post=53105"},{"taxonomy":"product_tag","embeddable":true,"href":"https:\/\/www.fokussrl.com\/fr\/wp-json\/wp\/v2\/product_tag?post=53105"}],"curies":[{"name":"wp","href":"https:\/\/api.w.org\/{rel}","templated":true}]}}