{"id":53111,"date":"2025-01-30T23:03:09","date_gmt":"2025-01-30T22:03:09","guid":{"rendered":"http:\/\/fokussrl.com\/prodotto\/poele-granules-ventile-teodora-evo\/"},"modified":"2025-01-30T22:47:13","modified_gmt":"2025-01-30T21:47:13","slug":"poele-granules-ventile-teodora-evo","status":"publish","type":"product","link":"https:\/\/www.fokussrl.com\/fr\/produit\/poele-granules-ventile-teodora-evo\/","title":{"rendered":"Po\u00eale \u00e0 granul\u00e9s ventil\u00e9 TEODORA EVO &#8211; La Nordica &#8211; Extraflame"},"content":{"rendered":"<ul>\n<li>Porte foyer, chambre de combustion et brasier en fonte<\/li>\n<li>\u00c9changeur de chaleur \u00e0 faisceau tubulaire (nettoyage manuel)<\/li>\n<li>Tr\u00e9mie \u00e9tanche<\/li>\n<li>Ventilation frontale de la pi\u00e8ce avec moteur d\u00e9di\u00e9 et fonction confort<\/li>\n<li>Poign\u00e9e avec prise ergonomique<\/li>\n<li>Possibilit\u00e9 de sortie des fum\u00e9es : arri\u00e8re align\u00e9e<\/li>\n<li>Structure en fonte \u00e9maill\u00e9e pour une longue dur\u00e9e<\/li>\n<li>Chambre de combustion amovible par service autoris\u00e9<\/li>\n<li>T\u00e9l\u00e9commande IR<\/li>\n<li>\u00c9cran tactile LCD<\/li>\n<\/ul>\n<p>Ce produit est certifi\u00e9 <strong>4 \u00e9toiles<\/strong> selon les exigences d&rsquo;\u00e9mission et d&rsquo;efficacit\u00e9 de la certification <strong>Air Propre<\/strong>.<\/p>\n<ul>\n<li>Puissance thermique nominale : 2,5-8,0 kW<\/li>\n<li>Surface chauffable : 229 m\u00b3<\/li>\n<li>Dimensions (LxHxP) 610x739x644 mm<\/li>\n<li>Poids net 139 kg<\/li>\n<li>Efficacit\u00e9 94,0 &#8211; 90,8 %<\/li>\n<li>Consommation horaire 0,5 &#8211; 1,8 kg\/h<\/li>\n<li>Diam\u00e8tre de sortie des fum\u00e9es (\u00d8) 80 mm P<\/li>\n<li>Capacit\u00e9 totale du r\u00e9servoir 14 kg<\/li>\n<li>Classe \u00c9nerg\u00e9tique A+<\/li>\n<\/ul>\n","protected":false},"excerpt":{"rendered":"<p>Le po\u00eale \u00e0 granul\u00e9s Todora de Nordica Extraflame offre non seulement un design attrayant au style r\u00e9tro, mais aussi des fonctionnalit\u00e9s avanc\u00e9es qui en font un choix pratique et \u00e9l\u00e9gant pour chauffer n&rsquo;importe quel environnement. Sa construction en fonte \u00e9maill\u00e9e contribue non seulement \u00e0 son esth\u00e9tique raffin\u00e9e, mais assure \u00e9galement une durabilit\u00e9 et une r\u00e9sistance sup\u00e9rieures au fil du temps.<\/p>\n<p>Le verre c\u00e9ramique situ\u00e9 \u00e0 l&rsquo;avant permet de profiter en toute s\u00e9curit\u00e9 de la vue sur la flamme, gr\u00e2ce \u00e0 sa r\u00e9sistance \u00e0 des temp\u00e9ratures \u00e9lev\u00e9es. La possibilit\u00e9 d&rsquo;extraire le foyer en fonte facilite les op\u00e9rations de maintenance et de nettoyage, garantissant des performances optimales dans le temps.<\/p>\n<p>Avec une capacit\u00e9 de r\u00e9servoir de 15 kg, le po\u00eale peut fournir une chaleur constante pour une utilisation prolong\u00e9e, ce qui le rend id\u00e9al pour des pi\u00e8ces de diverses tailles. La possibilit\u00e9 de programmer le po\u00eale hebdomadairement ou de le contr\u00f4ler via la t\u00e9l\u00e9commande incluse ajoute un niveau suppl\u00e9mentaire de commodit\u00e9 et de praticit\u00e9 \u00e0 l&rsquo;exp\u00e9rience utilisateur.<\/p>\n","protected":false},"featured_media":53112,"template":"","meta":{"_acf_changed":false},"product_brand":[4824],"product_cat":[4603],"product_tag":[],"class_list":{"0":"post-53111","1":"product","2":"type-product","3":"status-publish","4":"has-post-thumbnail","6":"product_brand-la-nordica-extraflame-fr","7":"product_cat-poeles-a-granules","8":"product_shipping_class-stufe-a-pellet-2-2","9":"sales-flash-overlay","10":"woocommerce-text-align-center","11":"woocommerce-image-align-center","12":"do-quantity-buttons","14":"first","15":"instock","16":"taxable","17":"shipping-taxable","18":"purchasable","19":"product-type-simple"},"acf":[],"_links":{"self":[{"href":"https:\/\/www.fokussrl.com\/fr\/wp-json\/wp\/v2\/product\/53111","targetHints":{"allow":["GET"]}}],"collection":[{"href":"https:\/\/www.fokussrl.com\/fr\/wp-json\/wp\/v2\/product"}],"about":[{"href":"https:\/\/www.fokussrl.com\/fr\/wp-json\/wp\/v2\/types\/product"}],"wp:featuredmedia":[{"embeddable":true,"href":"https:\/\/www.fokussrl.com\/fr\/wp-json\/wp\/v2\/media\/53112"}],"wp:attachment":[{"href":"https:\/\/www.fokussrl.com\/fr\/wp-json\/wp\/v2\/media?parent=53111"}],"wp:term":[{"taxonomy":"product_brand","embeddable":true,"href":"https:\/\/www.fokussrl.com\/fr\/wp-json\/wp\/v2\/product_brand?post=53111"},{"taxonomy":"product_cat","embeddable":true,"href":"https:\/\/www.fokussrl.com\/fr\/wp-json\/wp\/v2\/product_cat?post=53111"},{"taxonomy":"product_tag","embeddable":true,"href":"https:\/\/www.fokussrl.com\/fr\/wp-json\/wp\/v2\/product_tag?post=53111"}],"curies":[{"name":"wp","href":"https:\/\/api.w.org\/{rel}","templated":true}]}}