{"id":53114,"date":"2025-01-30T23:03:09","date_gmt":"2025-01-30T22:03:09","guid":{"rendered":"http:\/\/fokussrl.com\/prodotto\/poele-bois-fonte-marlena-5-0\/"},"modified":"2026-01-14T09:45:00","modified_gmt":"2026-01-14T08:45:00","slug":"poele-bois-fonte-marlena-5-0","status":"publish","type":"product","link":"https:\/\/www.fokussrl.com\/fr\/produit\/poele-bois-fonte-marlena-5-0\/","title":{"rendered":"Po\u00eale \u00e0 bois en fonte MARLENA.16 &#8211; La Nordica &#8211; Extraflame"},"content":{"rendered":"<ul>\n<li>Structure enti\u00e8rement en fonte \u00e9maill\u00e9e<\/li>\n<li>Foyer en fonte et Nordiker<\/li>\n<li>Tiroir \u00e0 cendres amovible<\/li>\n<li>Air primaire et secondaire r\u00e9glable pour une meilleure gestion de la combustion<\/li>\n<li>Syst\u00e8me de post-combustion pour de faibles \u00e9missions<\/li>\n<li>Verre c\u00e9ramique incurv\u00e9<\/li>\n<li>Possibilit\u00e9 de pr\u00e9lever de l&rsquo;air de l&rsquo;ext\u00e9rieur et de l&rsquo;introduire directement dans les registres du po\u00eale<\/li>\n<li>Porte avec grande vision du feu<\/li>\n<li>Poign\u00e9e ergonomique<\/li>\n<li>Puissance thermique nominale : 7,5 kW<\/li>\n<li>Surface chauffable : 215 m\u00b3<\/li>\n<li>Rendement 85,8 %<\/li>\n<li>Consommation horaire 2,0 kg\/h<\/li>\n<li>Dimensions (LxHxP) 465x1562x475 mm<\/li>\n<li>Poids net 140 kg<\/li>\n<li>Diam\u00e8tre de sortie des fum\u00e9es (\u00d8) 130 mm S<\/li>\n<li>Certification environnementale DM186 5 \u00e9toiles<\/li>\n<li>Classe \u00e9nerg\u00e9tique A+<\/li>\n<\/ul>\n","protected":false},"excerpt":{"rendered":"<p>Le po\u00eale \u00e0 granul\u00e9s Todora de Nordica Extraflame offre non seulement un design attrayant au style r\u00e9tro, mais aussi des fonctionnalit\u00e9s avanc\u00e9es qui en font un choix pratique et \u00e9l\u00e9gant pour chauffer n&rsquo;importe quel environnement. Sa construction en fonte \u00e9maill\u00e9e contribue non seulement \u00e0 son esth\u00e9tique raffin\u00e9e, mais assure \u00e9galement une durabilit\u00e9 et une r\u00e9sistance sup\u00e9rieures au fil du temps.<\/p>\n<p>Le verre c\u00e9ramique situ\u00e9 \u00e0 l&rsquo;avant permet de profiter en toute s\u00e9curit\u00e9 de la vue sur la flamme, gr\u00e2ce \u00e0 sa r\u00e9sistance \u00e0 des temp\u00e9ratures \u00e9lev\u00e9es. La possibilit\u00e9 d&rsquo;extraire le foyer en fonte facilite les op\u00e9rations de maintenance et de nettoyage, garantissant des performances optimales dans le temps.<\/p>\n<p>Avec une capacit\u00e9 de r\u00e9servoir de 15 kg, le po\u00eale peut fournir une chaleur constante pour une utilisation prolong\u00e9e, ce qui le rend id\u00e9al pour des pi\u00e8ces de diverses tailles. La possibilit\u00e9 de programmer le po\u00eale hebdomadairement ou de le contr\u00f4ler via la t\u00e9l\u00e9commande incluse ajoute un niveau suppl\u00e9mentaire de commodit\u00e9 et de praticit\u00e9 \u00e0 l&rsquo;exp\u00e9rience utilisateur.<\/p>\n","protected":false},"featured_media":53115,"template":"","meta":{"_acf_changed":false},"product_brand":[4824],"product_cat":[4599],"product_tag":[],"class_list":{"0":"post-53114","1":"product","2":"type-product","3":"status-publish","4":"has-post-thumbnail","6":"product_brand-la-nordica-extraflame-fr","7":"product_cat-poeles-au-bois","8":"product_shipping_class-stufe-a-legna-2-2","9":"sales-flash-overlay","10":"woocommerce-text-align-center","11":"woocommerce-image-align-center","12":"do-quantity-buttons","14":"first","15":"instock","16":"taxable","17":"shipping-taxable","18":"purchasable","19":"product-type-simple"},"acf":[],"_links":{"self":[{"href":"https:\/\/www.fokussrl.com\/fr\/wp-json\/wp\/v2\/product\/53114","targetHints":{"allow":["GET"]}}],"collection":[{"href":"https:\/\/www.fokussrl.com\/fr\/wp-json\/wp\/v2\/product"}],"about":[{"href":"https:\/\/www.fokussrl.com\/fr\/wp-json\/wp\/v2\/types\/product"}],"wp:featuredmedia":[{"embeddable":true,"href":"https:\/\/www.fokussrl.com\/fr\/wp-json\/wp\/v2\/media\/53115"}],"wp:attachment":[{"href":"https:\/\/www.fokussrl.com\/fr\/wp-json\/wp\/v2\/media?parent=53114"}],"wp:term":[{"taxonomy":"product_brand","embeddable":true,"href":"https:\/\/www.fokussrl.com\/fr\/wp-json\/wp\/v2\/product_brand?post=53114"},{"taxonomy":"product_cat","embeddable":true,"href":"https:\/\/www.fokussrl.com\/fr\/wp-json\/wp\/v2\/product_cat?post=53114"},{"taxonomy":"product_tag","embeddable":true,"href":"https:\/\/www.fokussrl.com\/fr\/wp-json\/wp\/v2\/product_tag?post=53114"}],"curies":[{"name":"wp","href":"https:\/\/api.w.org\/{rel}","templated":true}]}}