{"id":53117,"date":"2025-01-30T23:03:09","date_gmt":"2025-01-30T22:03:09","guid":{"rendered":"http:\/\/fokussrl.com\/prodotto\/poele-bois-fonte-tahiti-eps\/"},"modified":"2026-01-14T09:34:10","modified_gmt":"2026-01-14T08:34:10","slug":"poele-bois-fonte-tahiti-eps","status":"publish","type":"product","link":"https:\/\/www.fokussrl.com\/fr\/produit\/poele-bois-fonte-tahiti-eps\/","title":{"rendered":"Po\u00eale \u00e0 bois en fonte JENNIFER.16 EPS &#8211; La Nordica &#8211; Extraflame"},"content":{"rendered":"<ul>\n<li>Tiroir \u00e0 cendres amovible<\/li>\n<li>Foyer en fonte et Nordiker<\/li>\n<li>Structure enti\u00e8rement en fonte \u00e9maill\u00e9e<\/li>\n<li>Air primaire et secondaire r\u00e9glable pour une meilleure gestion de la combustion<\/li>\n<li>Syst\u00e8me de post-combustion pour de faibles \u00e9missions<\/li>\n<li>Portes de chargement avant et lat\u00e9rale<\/li>\n<li>Possibilit\u00e9 de puiser l&rsquo;air de l&rsquo;ext\u00e9rieur et de le diriger dans les registres du po\u00eale<\/li>\n<li>Verre c\u00e9ramique<\/li>\n<li>Possibilit\u00e9 de charger des b\u00fbches jusqu&rsquo;\u00e0 50 cm<\/li>\n<li>Syst\u00e8me EPS pour la r\u00e9cup\u00e9ration de chaleur<\/li>\n<\/ul>\n<p>N.B. La fonte \u00e9maill\u00e9e, si elle est utilis\u00e9e correctement, a une dur\u00e9e de vie presque illimit\u00e9e et n\u00e9cessite un entretien minimal<\/p>\n<p>Ce produit est certifi\u00e9 <strong>4 \u00e9toiles<\/strong> selon les exigences en mati\u00e8re d&rsquo;\u00e9missions et de rendement de la certification <strong>Air Propre<\/strong>.<\/p>\n<ul>\n<li>Puissance thermique nominale : 8,0 kW<\/li>\n<li>Surface chauffable : 229 m\u00b3<\/li>\n<li>Dimensions (LxHxP) 702x1370x478 mm<\/li>\n<li>Poids net 143 kg<\/li>\n<li>Rendement 87,6%<\/li>\n<li>Diam\u00e8tre du conduit de fum\u00e9e (\u00d8) 150 mm S<\/li>\n<li>Consommation horaire 2,2 kg\/h<\/li>\n<li>Classe \u00e9nerg\u00e9tique A+<\/li>\n<\/ul>\n","protected":false},"excerpt":{"rendered":"<p>Ce po\u00eale \u00e0 bois est un excellent choix pour ceux qui recherchent un produit offrant des performances thermiques \u00e9lev\u00e9es et un design \u00e9l\u00e9gant. Enti\u00e8rement construit en fonte \u00e9maill\u00e9e, il offre une haute efficacit\u00e9 thermique et de faibles \u00e9missions. Le grand foyer permet de charger des b\u00fbches allant jusqu&rsquo;\u00e0 50 cm, tandis que la possibilit\u00e9 de pr\u00e9lever l&rsquo;air comburant de l&rsquo;ext\u00e9rieur lors de l&rsquo;installation augmente la s\u00e9curit\u00e9 et la fiabilit\u00e9.<\/p>\n<p>La pr\u00e9sence d&rsquo;une porte lat\u00e9rale d\u00e9di\u00e9e simplifie encore le chargement du bois, offrant une alternative \u00e0 la grande porte frontale. Nous proposons la version avec syst\u00e8me d&rsquo;accumulation EPS int\u00e9gr\u00e9 qui garantit des rendements encore plus \u00e9lev\u00e9s et des \u00e9missions r\u00e9duites, permettant \u00e9galement d&rsquo;acc\u00e9der aux incitations pr\u00e9vues par le Compte Thermique.<\/p>\n","protected":false},"featured_media":68526,"template":"","meta":{"_acf_changed":false},"product_brand":[4824],"product_cat":[4599],"product_tag":[],"class_list":{"0":"post-53117","1":"product","2":"type-product","3":"status-publish","4":"has-post-thumbnail","6":"product_brand-la-nordica-extraflame-fr","7":"product_cat-poeles-au-bois","8":"product_shipping_class-stufe-a-legna-2-2","9":"sales-flash-overlay","10":"woocommerce-text-align-center","11":"woocommerce-image-align-center","12":"do-quantity-buttons","14":"first","15":"instock","16":"taxable","17":"shipping-taxable","18":"purchasable","19":"product-type-simple"},"acf":[],"_links":{"self":[{"href":"https:\/\/www.fokussrl.com\/fr\/wp-json\/wp\/v2\/product\/53117","targetHints":{"allow":["GET"]}}],"collection":[{"href":"https:\/\/www.fokussrl.com\/fr\/wp-json\/wp\/v2\/product"}],"about":[{"href":"https:\/\/www.fokussrl.com\/fr\/wp-json\/wp\/v2\/types\/product"}],"wp:featuredmedia":[{"embeddable":true,"href":"https:\/\/www.fokussrl.com\/fr\/wp-json\/wp\/v2\/media\/68526"}],"wp:attachment":[{"href":"https:\/\/www.fokussrl.com\/fr\/wp-json\/wp\/v2\/media?parent=53117"}],"wp:term":[{"taxonomy":"product_brand","embeddable":true,"href":"https:\/\/www.fokussrl.com\/fr\/wp-json\/wp\/v2\/product_brand?post=53117"},{"taxonomy":"product_cat","embeddable":true,"href":"https:\/\/www.fokussrl.com\/fr\/wp-json\/wp\/v2\/product_cat?post=53117"},{"taxonomy":"product_tag","embeddable":true,"href":"https:\/\/www.fokussrl.com\/fr\/wp-json\/wp\/v2\/product_tag?post=53117"}],"curies":[{"name":"wp","href":"https:\/\/api.w.org\/{rel}","templated":true}]}}