{"id":53123,"date":"2025-01-30T23:03:09","date_gmt":"2025-01-30T22:03:09","guid":{"rendered":"http:\/\/fokussrl.com\/prodotto\/poele-bois-ischia-7-7-kw\/"},"modified":"2025-01-30T22:47:14","modified_gmt":"2025-01-30T21:47:14","slug":"poele-bois-ischia-7-7-kw","status":"publish","type":"product","link":"https:\/\/www.fokussrl.com\/fr\/produit\/poele-bois-ischia-7-7-kw\/","title":{"rendered":"Po\u00eale \u00e0 bois ISCHIA 7,7 kW &#8211; Laminox"},"content":{"rendered":"<ul>\n<li>Dimensions ext\u00e9rieures : P 435 x L 782 x H 750 mm<\/li>\n<li>Porte de foyer : 610 x 300 mm<\/li>\n<li>Compartiment de feu (LxPxH) : 630x270x250 mm<\/li>\n<li>Puissance thermique max : 9,6 kW<\/li>\n<li>Puissance thermique nominale : 7,7 kW<\/li>\n<li>Diam\u00e8tre de sortie des fum\u00e9es : 130 mm sup\u00e9rieur ou arri\u00e8re<\/li>\n<li>Poids : 110 kg<\/li>\n<li>Rendement : 80,1%<\/li>\n<li>Certification environnementale 4 \u00e9toiles<\/li>\n<\/ul>\n","protected":false},"excerpt":{"rendered":"<p>Po\u00eale \u00e0 bois de 8 kW au design \u00e9l\u00e9gant, structure en acier et base pour ranger le bois. Double vitrage panoramique, incurv\u00e9 et assombri. Option de sortie de fum\u00e9e sup\u00e9rieure ou arri\u00e8re.<\/p>\n","protected":false},"featured_media":53124,"template":"","meta":{"_acf_changed":false},"product_brand":[4826],"product_cat":[4599],"product_tag":[],"class_list":{"0":"post-53123","1":"product","2":"type-product","3":"status-publish","4":"has-post-thumbnail","6":"product_brand-laminox-idro-fr","7":"product_cat-poeles-au-bois","8":"product_shipping_class-stufe-a-legna-2-2","9":"sales-flash-overlay","10":"woocommerce-text-align-center","11":"woocommerce-image-align-center","12":"do-quantity-buttons","14":"first","15":"instock","16":"taxable","17":"shipping-taxable","18":"purchasable","19":"product-type-simple"},"acf":[],"_links":{"self":[{"href":"https:\/\/www.fokussrl.com\/fr\/wp-json\/wp\/v2\/product\/53123","targetHints":{"allow":["GET"]}}],"collection":[{"href":"https:\/\/www.fokussrl.com\/fr\/wp-json\/wp\/v2\/product"}],"about":[{"href":"https:\/\/www.fokussrl.com\/fr\/wp-json\/wp\/v2\/types\/product"}],"wp:featuredmedia":[{"embeddable":true,"href":"https:\/\/www.fokussrl.com\/fr\/wp-json\/wp\/v2\/media\/53124"}],"wp:attachment":[{"href":"https:\/\/www.fokussrl.com\/fr\/wp-json\/wp\/v2\/media?parent=53123"}],"wp:term":[{"taxonomy":"product_brand","embeddable":true,"href":"https:\/\/www.fokussrl.com\/fr\/wp-json\/wp\/v2\/product_brand?post=53123"},{"taxonomy":"product_cat","embeddable":true,"href":"https:\/\/www.fokussrl.com\/fr\/wp-json\/wp\/v2\/product_cat?post=53123"},{"taxonomy":"product_tag","embeddable":true,"href":"https:\/\/www.fokussrl.com\/fr\/wp-json\/wp\/v2\/product_tag?post=53123"}],"curies":[{"name":"wp","href":"https:\/\/api.w.org\/{rel}","templated":true}]}}