{"id":53132,"date":"2025-01-30T23:03:09","date_gmt":"2025-01-30T22:03:09","guid":{"rendered":"http:\/\/fokussrl.com\/prodotto\/poele-bois-procida-4-8-kw\/"},"modified":"2025-01-30T22:47:15","modified_gmt":"2025-01-30T21:47:15","slug":"poele-bois-procida-4-8-kw","status":"publish","type":"product","link":"https:\/\/www.fokussrl.com\/fr\/produit\/poele-bois-procida-4-8-kw\/","title":{"rendered":"Po\u00eale \u00e0 bois PROCIDA 4,8 kW &#8211; Laminox"},"content":{"rendered":"<ul>\n<li>Dimensions externes : P 432 x L 420 x H 748 mm<\/li>\n<li>Dimensions de la chambre de combustion : 300 x 300 mm<\/li>\n<li>Profondeur de la chambre de combustion : 260 mm<\/li>\n<li>Puissance thermique max. : 6,2 kW<\/li>\n<li>Puissance thermique nominale : 4,8 kW<\/li>\n<li>Volume chauffable : 130 M3<\/li>\n<li>Diam\u00e8tre de sortie des fum\u00e9es : 150 mm sup\u00e9rieur ou arri\u00e8re<\/li>\n<li>Poids : 85 kg<\/li>\n<li>Rendement : 77,6 %<\/li>\n<li>Certification environnementale : 4 \u00e9toiles<\/li>\n<\/ul>\n","protected":false},"excerpt":{"rendered":"<p>Po\u00eale \u00e0 bois de 5 kW avec structure en acier et base pour ranger le bois. Option de sortie de fum\u00e9e sup\u00e9rieure ou arri\u00e8re.<\/p>\n","protected":false},"featured_media":53133,"template":"","meta":{"_acf_changed":false},"product_brand":[4826],"product_cat":[4599],"product_tag":[],"class_list":{"0":"post-53132","1":"product","2":"type-product","3":"status-publish","4":"has-post-thumbnail","6":"product_brand-laminox-idro-fr","7":"product_cat-poeles-au-bois","8":"product_shipping_class-stufe-a-legna-2-2","9":"sales-flash-overlay","10":"woocommerce-text-align-center","11":"woocommerce-image-align-center","12":"do-quantity-buttons","14":"first","15":"instock","16":"taxable","17":"shipping-taxable","18":"purchasable","19":"product-type-simple"},"acf":[],"_links":{"self":[{"href":"https:\/\/www.fokussrl.com\/fr\/wp-json\/wp\/v2\/product\/53132","targetHints":{"allow":["GET"]}}],"collection":[{"href":"https:\/\/www.fokussrl.com\/fr\/wp-json\/wp\/v2\/product"}],"about":[{"href":"https:\/\/www.fokussrl.com\/fr\/wp-json\/wp\/v2\/types\/product"}],"wp:featuredmedia":[{"embeddable":true,"href":"https:\/\/www.fokussrl.com\/fr\/wp-json\/wp\/v2\/media\/53133"}],"wp:attachment":[{"href":"https:\/\/www.fokussrl.com\/fr\/wp-json\/wp\/v2\/media?parent=53132"}],"wp:term":[{"taxonomy":"product_brand","embeddable":true,"href":"https:\/\/www.fokussrl.com\/fr\/wp-json\/wp\/v2\/product_brand?post=53132"},{"taxonomy":"product_cat","embeddable":true,"href":"https:\/\/www.fokussrl.com\/fr\/wp-json\/wp\/v2\/product_cat?post=53132"},{"taxonomy":"product_tag","embeddable":true,"href":"https:\/\/www.fokussrl.com\/fr\/wp-json\/wp\/v2\/product_tag?post=53132"}],"curies":[{"name":"wp","href":"https:\/\/api.w.org\/{rel}","templated":true}]}}