{"id":53137,"date":"2025-01-30T23:03:09","date_gmt":"2025-01-30T22:03:09","guid":{"rendered":"http:\/\/fokussrl.com\/prodotto\/poele-bois-fonte-luna-8-1-kw\/"},"modified":"2025-01-30T22:47:17","modified_gmt":"2025-01-30T21:47:17","slug":"poele-bois-fonte-luna-8-1-kw","status":"publish","type":"product","link":"https:\/\/www.fokussrl.com\/fr\/produit\/poele-bois-fonte-luna-8-1-kw\/","title":{"rendered":"Po\u00eale \u00e0 bois en fonte LUNA 8,1 kW &#8211; Laminox"},"content":{"rendered":"<ul>\n<li>Dimensions externes : P 310 x L 490 x H 590 mm<\/li>\n<li>Dimensions de la chambre de combustion : 390 x 300 mm<\/li>\n<li>Profondeur de la chambre de combustion : 200 mm<\/li>\n<li>Puissance thermique max. : 10,2 kW<\/li>\n<li>Puissance thermique nominale : 8,1 kW<\/li>\n<li>Volume chauffable : 220 M3<\/li>\n<li>Diam\u00e8tre de sortie des fum\u00e9es : 140 mm sup\u00e9rieur ou arri\u00e8re<\/li>\n<li>Poids : 80 kg<\/li>\n<li>Rendement : 79,4 %<\/li>\n<li>Certification environnementale : 4 \u00e9toiles<\/li>\n<\/ul>\n","protected":false},"excerpt":{"rendered":"<p>Po\u00eale \u00e0 bois de 8 kW avec structure et porte en fonte, et option de sortie de fum\u00e9e sup\u00e9rieure ou arri\u00e8re.<\/p>\n","protected":false},"featured_media":53138,"template":"","meta":{"_acf_changed":false},"product_brand":[4826],"product_cat":[4599],"product_tag":[],"class_list":{"0":"post-53137","1":"product","2":"type-product","3":"status-publish","4":"has-post-thumbnail","6":"product_brand-laminox-idro-fr","7":"product_cat-poeles-au-bois","8":"product_shipping_class-stufe-a-legna-2-2","9":"sales-flash-overlay","10":"woocommerce-text-align-center","11":"woocommerce-image-align-center","12":"do-quantity-buttons","14":"first","15":"instock","16":"taxable","17":"shipping-taxable","18":"purchasable","19":"product-type-simple"},"acf":[],"_links":{"self":[{"href":"https:\/\/www.fokussrl.com\/fr\/wp-json\/wp\/v2\/product\/53137","targetHints":{"allow":["GET"]}}],"collection":[{"href":"https:\/\/www.fokussrl.com\/fr\/wp-json\/wp\/v2\/product"}],"about":[{"href":"https:\/\/www.fokussrl.com\/fr\/wp-json\/wp\/v2\/types\/product"}],"wp:featuredmedia":[{"embeddable":true,"href":"https:\/\/www.fokussrl.com\/fr\/wp-json\/wp\/v2\/media\/53138"}],"wp:attachment":[{"href":"https:\/\/www.fokussrl.com\/fr\/wp-json\/wp\/v2\/media?parent=53137"}],"wp:term":[{"taxonomy":"product_brand","embeddable":true,"href":"https:\/\/www.fokussrl.com\/fr\/wp-json\/wp\/v2\/product_brand?post=53137"},{"taxonomy":"product_cat","embeddable":true,"href":"https:\/\/www.fokussrl.com\/fr\/wp-json\/wp\/v2\/product_cat?post=53137"},{"taxonomy":"product_tag","embeddable":true,"href":"https:\/\/www.fokussrl.com\/fr\/wp-json\/wp\/v2\/product_tag?post=53137"}],"curies":[{"name":"wp","href":"https:\/\/api.w.org\/{rel}","templated":true}]}}