{"id":53151,"date":"2025-01-30T23:03:09","date_gmt":"2025-01-30T22:03:09","guid":{"rendered":"http:\/\/fokussrl.com\/prodotto\/poele-granules-cosmo-verre-bronze\/"},"modified":"2025-01-30T22:47:19","modified_gmt":"2025-01-30T21:47:19","slug":"poele-granules-cosmo-verre-bronze","status":"publish","type":"product","link":"https:\/\/www.fokussrl.com\/fr\/produit\/poele-granules-cosmo-verre-bronze\/","title":{"rendered":"Po\u00eale \u00e0 granul\u00e9s COSMO verre bronze &#8211; Linea Vz"},"content":{"rendered":"<ul>\n<li>Puissance thermique totale : 5,24 kW<\/li>\n<li>Puissance thermique nominale : 4,62 kW<\/li>\n<li>Efficacit\u00e9 jusqu&rsquo;\u00e0 89,68%<\/li>\n<li>Volume chauffable : 132 m3<\/li>\n<li>Capacit\u00e9 du r\u00e9servoir : 10 kg<\/li>\n<li>Consommation de granul\u00e9s : 0,60\/1,20 kg\/h<\/li>\n<li>Autonomie maximale : 7 h<\/li>\n<li>Taille de la sortie des fum\u00e9es : 80 mm<\/li>\n<li>Taille de l&rsquo;entr\u00e9e d&rsquo;air : 35 mm<\/li>\n<li>Consommation \u00e9lectrique : 51-330 Watts<\/li>\n<li>Dimensions du po\u00eale : L. 60 cm P. 26 cm H. 81 cm<\/li>\n<\/ul>\n","protected":false},"excerpt":{"rendered":"<p>Design moderne conf\u00e9r\u00e9 par la face avant asym\u00e9trique tout en verre et le rev\u00eatement en acier. Porte lat\u00e9rale gauche.<\/p>\n<p>Offre : derni\u00e8re pi\u00e8ce expos\u00e9e en salle d&rsquo;exposition. Privil\u00e9giez le retrait avec votre propre v\u00e9hicule.<\/p>\n","protected":false},"featured_media":53152,"template":"","meta":{"_acf_changed":false},"product_brand":[4828],"product_cat":[4603],"product_tag":[],"class_list":{"0":"post-53151","1":"product","2":"type-product","3":"status-publish","4":"has-post-thumbnail","6":"product_brand-linea-vz-fr","7":"product_cat-poeles-a-granules","8":"product_shipping_class-stufe-a-pellet-2-2","9":"sales-flash-overlay","10":"woocommerce-text-align-center","11":"woocommerce-image-align-center","12":"do-quantity-buttons","14":"first","15":"instock","16":"taxable","17":"shipping-taxable","18":"purchasable","19":"product-type-simple"},"acf":[],"_links":{"self":[{"href":"https:\/\/www.fokussrl.com\/fr\/wp-json\/wp\/v2\/product\/53151","targetHints":{"allow":["GET"]}}],"collection":[{"href":"https:\/\/www.fokussrl.com\/fr\/wp-json\/wp\/v2\/product"}],"about":[{"href":"https:\/\/www.fokussrl.com\/fr\/wp-json\/wp\/v2\/types\/product"}],"wp:featuredmedia":[{"embeddable":true,"href":"https:\/\/www.fokussrl.com\/fr\/wp-json\/wp\/v2\/media\/53152"}],"wp:attachment":[{"href":"https:\/\/www.fokussrl.com\/fr\/wp-json\/wp\/v2\/media?parent=53151"}],"wp:term":[{"taxonomy":"product_brand","embeddable":true,"href":"https:\/\/www.fokussrl.com\/fr\/wp-json\/wp\/v2\/product_brand?post=53151"},{"taxonomy":"product_cat","embeddable":true,"href":"https:\/\/www.fokussrl.com\/fr\/wp-json\/wp\/v2\/product_cat?post=53151"},{"taxonomy":"product_tag","embeddable":true,"href":"https:\/\/www.fokussrl.com\/fr\/wp-json\/wp\/v2\/product_tag?post=53151"}],"curies":[{"name":"wp","href":"https:\/\/api.w.org\/{rel}","templated":true}]}}