{"id":53164,"date":"2025-01-30T23:03:09","date_gmt":"2025-01-30T22:03:09","guid":{"rendered":"http:\/\/fokussrl.com\/prodotto\/cheminee-granules-canalisable-trilogy-10-3-kw\/"},"modified":"2025-01-30T22:47:21","modified_gmt":"2025-01-30T21:47:21","slug":"cheminee-granules-canalisable-trilogy-10-3-kw","status":"publish","type":"product","link":"https:\/\/www.fokussrl.com\/fr\/produit\/cheminee-granules-canalisable-trilogy-10-3-kw\/","title":{"rendered":"Chemin\u00e9e \u00e0 granul\u00e9s canalisable TRILOGY 10,3 kW &#8211; Magikal"},"content":{"rendered":"<ul>\n<li>Brasero autonettoyant<\/li>\n<li>Combustion \u00e9tanche<\/li>\n<li>Syst\u00e8me de fonctionnement silencieux<\/li>\n<li>R\u00e9sistance en quartz<\/li>\n<li>Sonde K<\/li>\n<li>Vis prot\u00e9g\u00e9e par galvanisation<\/li>\n<li>Niveau du capteur de granul\u00e9s<\/li>\n<li>Sortie des fum\u00e9es sup\u00e9rieure<\/li>\n<\/ul>\n<p>Caract\u00e9ristiques techniques<\/p>\n<ul>\n<li>Puissance thermique : 10,3 kW<\/li>\n<li>Rendement : 90,7 %<\/li>\n<li>Volume chauffable* : 240 m3<\/li>\n<li>Classe \u00e9nerg\u00e9tique : A+<\/li>\n<li>Capacit\u00e9 du r\u00e9servoir : 30 Kg<\/li>\n<li>Diam\u00e8tre de sortie des fum\u00e9es : 80 mm<\/li>\n<li>Dimensions : L 720 x H 1041 x P 628 mm<\/li>\n<li>Poids : 165 Kg<\/li>\n<\/ul>\n<p><strong>Certification environnementale 4 \u00e9toiles<\/strong><\/p>\n<p>Conforme aux limites impos\u00e9es par le D\u00e9cret Environnemental N\u00b0186 Italien.<\/p>\n","protected":false},"excerpt":{"rendered":"<p>Trilogy associe l&rsquo;efficacit\u00e9 technologique au charme captivant d&rsquo;une chemin\u00e9e, offrant une exp\u00e9rience de chauffage domestique in\u00e9gal\u00e9e. Gr\u00e2ce \u00e0 son syst\u00e8me de fonctionnement silencieux, le chargement des granul\u00e9s se fait avec un moteur brushless \u00e0 courant continu, \u00e9liminant compl\u00e8tement les nuisances sonores pendant le fonctionnement. De plus, la possibilit\u00e9 de d\u00e9sactiver les moteurs d&rsquo;air chaud lorsque la chemin\u00e9e est \u00e0 puissance r\u00e9duite permet un fonctionnement encore plus silencieux, gr\u00e2ce au syst\u00e8me de convection naturelle qui assure un mouvement d&rsquo;air ad\u00e9quat sans utilisation de moteurs.<\/p>\n<p>Mais Trilogy ne s&rsquo;arr\u00eate pas l\u00e0.<\/p>\n<p>Avec sa chambre de combustion en mat\u00e9riaux r\u00e9fractaires de haute qualit\u00e9, elle garantit une combustion efficace et contr\u00f4l\u00e9e, assurant une r\u00e9partition uniforme de la chaleur et une plus grande durabilit\u00e9 dans le temps. De plus, gr\u00e2ce \u00e0 ses doubles sorties d&rsquo;air chaud canalysables s\u00e9par\u00e9ment, vous avez un contr\u00f4le total sur la distribution de la chaleur, vous permettant d&rsquo;optimiser le confort dans chaque pi\u00e8ce de votre maison.<\/p>\n<p>Avec Trilogy, vous pouvez profiter de la chaleur accueillante et de l&rsquo;atmosph\u00e8re enveloppante d&rsquo;une chemin\u00e9e traditionnelle sans sacrifier la praticit\u00e9 et l&rsquo;efficacit\u00e9 de la technologie moderne. Alliant performances de pointe et design raffin\u00e9, Trilogy se distingue comme le choix id\u00e9al pour ceux qui recherchent un chauffage domestique de haute qualit\u00e9 qui s&rsquo;int\u00e8gre parfaitement \u00e0 leur mode de vie.<\/p>\n<p>Remarque : Livr\u00e9 avec trappe de chargement et tuyau flexible de 1 m\u00e8tre, inspection lat\u00e9rale 400&#215;900 mm.<\/p>\n","protected":false},"featured_media":53165,"template":"","meta":{"_acf_changed":false},"product_brand":[4830],"product_cat":[4580],"product_tag":[],"class_list":{"0":"post-53164","1":"product","2":"type-product","3":"status-publish","4":"has-post-thumbnail","6":"product_brand-magikal-fr","7":"product_cat-cheminees-a-granules","8":"product_shipping_class-caminetti-a-pellet-2-2","9":"sales-flash-overlay","10":"woocommerce-text-align-center","11":"woocommerce-image-align-center","12":"do-quantity-buttons","14":"first","15":"instock","16":"taxable","17":"shipping-taxable","18":"purchasable","19":"product-type-simple"},"acf":[],"_links":{"self":[{"href":"https:\/\/www.fokussrl.com\/fr\/wp-json\/wp\/v2\/product\/53164","targetHints":{"allow":["GET"]}}],"collection":[{"href":"https:\/\/www.fokussrl.com\/fr\/wp-json\/wp\/v2\/product"}],"about":[{"href":"https:\/\/www.fokussrl.com\/fr\/wp-json\/wp\/v2\/types\/product"}],"wp:featuredmedia":[{"embeddable":true,"href":"https:\/\/www.fokussrl.com\/fr\/wp-json\/wp\/v2\/media\/53165"}],"wp:attachment":[{"href":"https:\/\/www.fokussrl.com\/fr\/wp-json\/wp\/v2\/media?parent=53164"}],"wp:term":[{"taxonomy":"product_brand","embeddable":true,"href":"https:\/\/www.fokussrl.com\/fr\/wp-json\/wp\/v2\/product_brand?post=53164"},{"taxonomy":"product_cat","embeddable":true,"href":"https:\/\/www.fokussrl.com\/fr\/wp-json\/wp\/v2\/product_cat?post=53164"},{"taxonomy":"product_tag","embeddable":true,"href":"https:\/\/www.fokussrl.com\/fr\/wp-json\/wp\/v2\/product_tag?post=53164"}],"curies":[{"name":"wp","href":"https:\/\/api.w.org\/{rel}","templated":true}]}}