{"id":53185,"date":"2025-01-30T23:03:09","date_gmt":"2025-01-30T22:03:09","guid":{"rendered":"http:\/\/fokussrl.com\/prodotto\/poele-gaz-mosel-plan-5-kw\/"},"modified":"2025-01-30T22:47:29","modified_gmt":"2025-01-30T21:47:29","slug":"poele-gaz-mosel-plan-5-kw","status":"publish","type":"product","link":"https:\/\/www.fokussrl.com\/fr\/produit\/poele-gaz-mosel-plan-5-kw\/","title":{"rendered":"Po\u00eale \u00e0 gaz MOSEL PLAN 5 kW &#8211; Oranier"},"content":{"rendered":"<ul>\n<li>Hauteur : 780 mm<\/li>\n<li>Largeur : 510 mm<\/li>\n<li>Profondeur : 320 mm<\/li>\n<li>Puissance thermique nominale : 5,0 kW<\/li>\n<li>Puissance calorifique nominale : 6,1 kW<\/li>\n<li>Poids : 33 kg<\/li>\n<li>D\u00e9bit des fum\u00e9es : 5,83 g\/s<\/li>\n<li>Temp\u00e9rature des fum\u00e9es : 190&deg;C<\/li>\n<li>D\u00e9pression minimale de la chemin\u00e9e : 5 Pa<\/li>\n<\/ul>\n","protected":false},"excerpt":{"rendered":"<p>Dans les endroits o\u00f9 l&rsquo;utilisation du bois est co\u00fbteuse ou difficile, un po\u00eale \u00e0 gaz repr\u00e9sente la solution id\u00e9ale, offrant la m\u00eame commodit\u00e9 qu&rsquo;un po\u00eale \u00e0 granul\u00e9s tout en apportant des avantages significatifs par rapport \u00e0 ces derniers.<\/p>\n<p><strong>La Mosel<\/strong> est un po\u00eale \u00e0 gaz qui se raccorde \u00e0 un conduit de chemin\u00e9e. Sa chambre de combustion est particuli\u00e8rement spacieuse, et gr\u00e2ce aux efforts constants de nos techniciens qualifi\u00e9s, nous avons d\u00e9velopp\u00e9 une flamme magnifique.<\/p>\n<p><em>Peinture du po\u00eale:<\/em> gris <br \/><em>Type de gaz:<\/em> gaz naturel<br \/><em>Sortie:<\/em> toit via conduit de chemin\u00e9e<\/p>\n<p><em>Plaque sup\u00e9rieure optionnelle:<\/em> pierre ollaire<\/p>\n","protected":false},"featured_media":53186,"template":"","meta":{"_acf_changed":false},"product_brand":[4832],"product_cat":[4598],"product_tag":[],"class_list":{"0":"post-53185","1":"product","2":"type-product","3":"status-publish","4":"has-post-thumbnail","6":"product_brand-oranier-fr","7":"product_cat-poeles-a-gaz","8":"product_shipping_class-stufe-a-gas-2-2","9":"sales-flash-overlay","10":"woocommerce-text-align-center","11":"woocommerce-image-align-center","12":"do-quantity-buttons","14":"first","15":"instock","16":"taxable","17":"shipping-taxable","18":"purchasable","19":"product-type-simple"},"acf":[],"_links":{"self":[{"href":"https:\/\/www.fokussrl.com\/fr\/wp-json\/wp\/v2\/product\/53185","targetHints":{"allow":["GET"]}}],"collection":[{"href":"https:\/\/www.fokussrl.com\/fr\/wp-json\/wp\/v2\/product"}],"about":[{"href":"https:\/\/www.fokussrl.com\/fr\/wp-json\/wp\/v2\/types\/product"}],"wp:featuredmedia":[{"embeddable":true,"href":"https:\/\/www.fokussrl.com\/fr\/wp-json\/wp\/v2\/media\/53186"}],"wp:attachment":[{"href":"https:\/\/www.fokussrl.com\/fr\/wp-json\/wp\/v2\/media?parent=53185"}],"wp:term":[{"taxonomy":"product_brand","embeddable":true,"href":"https:\/\/www.fokussrl.com\/fr\/wp-json\/wp\/v2\/product_brand?post=53185"},{"taxonomy":"product_cat","embeddable":true,"href":"https:\/\/www.fokussrl.com\/fr\/wp-json\/wp\/v2\/product_cat?post=53185"},{"taxonomy":"product_tag","embeddable":true,"href":"https:\/\/www.fokussrl.com\/fr\/wp-json\/wp\/v2\/product_tag?post=53185"}],"curies":[{"name":"wp","href":"https:\/\/api.w.org\/{rel}","templated":true}]}}