{"id":53194,"date":"2025-01-30T23:03:21","date_gmt":"2025-01-30T22:03:21","guid":{"rendered":"http:\/\/fokussrl.com\/prodotto\/cheminee-bois-centrale-gala-20-5-kw\/"},"modified":"2025-01-30T22:47:31","modified_gmt":"2025-01-30T21:47:31","slug":"cheminee-bois-centrale-gala-20-5-kw","status":"publish","type":"product","link":"https:\/\/www.fokussrl.com\/fr\/produit\/cheminee-bois-centrale-gala-20-5-kw\/","title":{"rendered":"Chemin\u00e9e \u00e0 bois centrale GALA 20,5 kW &#8211; Rocal"},"content":{"rendered":"<ul>\n<li>Structure en acier \u00e0 haute \u00e9paisseur peint en noir<\/li>\n<li>Puissance maximale : 20,5 kW<\/li>\n<li>Puissance nominale : 17,4 kW<\/li>\n<li>Efficacit\u00e9 : 83,7 %<\/li>\n<li>\u00c9missions de poussi\u00e8res : CO \u00e0 13% O2 = 0,082%<\/li>\n<li>Poids : 297 kg<\/li>\n<li>Prise d&rsquo;air externe<\/li>\n<li>Dimensions : 1100 x 2878 x 1100 mm<\/li>\n<li>Certification : UNE-EN 13240<\/li>\n<\/ul>\n","protected":false},"excerpt":{"rendered":"<p>Cette chemin\u00e9e centrale imposante a \u00e9galement acquis la r\u00e9putation d&rsquo;\u00eatre synonyme d&rsquo;\u00e9l\u00e9gance et de distinction. Elle est g\u00e9n\u00e9ralement le point central de tout salon et se distingue \u00e9galement par sa haute efficacit\u00e9 \u00e9nerg\u00e9tique.<\/p>\n","protected":false},"featured_media":53195,"template":"","meta":{"_acf_changed":false},"product_brand":[4836],"product_cat":[4582],"product_tag":[],"class_list":{"0":"post-53194","1":"product","2":"type-product","3":"status-publish","4":"has-post-thumbnail","6":"product_brand-rocal-fr","7":"product_cat-cheminees-design","8":"product_shipping_class-caminetti-di-design-2-2","9":"sales-flash-overlay","10":"woocommerce-text-align-center","11":"woocommerce-image-align-center","12":"do-quantity-buttons","14":"first","15":"instock","16":"taxable","17":"shipping-taxable","18":"product-type-simple"},"acf":[],"_links":{"self":[{"href":"https:\/\/www.fokussrl.com\/fr\/wp-json\/wp\/v2\/product\/53194","targetHints":{"allow":["GET"]}}],"collection":[{"href":"https:\/\/www.fokussrl.com\/fr\/wp-json\/wp\/v2\/product"}],"about":[{"href":"https:\/\/www.fokussrl.com\/fr\/wp-json\/wp\/v2\/types\/product"}],"wp:featuredmedia":[{"embeddable":true,"href":"https:\/\/www.fokussrl.com\/fr\/wp-json\/wp\/v2\/media\/53195"}],"wp:attachment":[{"href":"https:\/\/www.fokussrl.com\/fr\/wp-json\/wp\/v2\/media?parent=53194"}],"wp:term":[{"taxonomy":"product_brand","embeddable":true,"href":"https:\/\/www.fokussrl.com\/fr\/wp-json\/wp\/v2\/product_brand?post=53194"},{"taxonomy":"product_cat","embeddable":true,"href":"https:\/\/www.fokussrl.com\/fr\/wp-json\/wp\/v2\/product_cat?post=53194"},{"taxonomy":"product_tag","embeddable":true,"href":"https:\/\/www.fokussrl.com\/fr\/wp-json\/wp\/v2\/product_tag?post=53194"}],"curies":[{"name":"wp","href":"https:\/\/api.w.org\/{rel}","templated":true}]}}