{"id":53203,"date":"2025-01-30T23:03:21","date_gmt":"2025-01-30T22:03:21","guid":{"rendered":"http:\/\/fokussrl.com\/prodotto\/cheminee-bois-centrale-giselle-90-18-kw\/"},"modified":"2025-01-30T22:47:32","modified_gmt":"2025-01-30T21:47:32","slug":"cheminee-bois-centrale-giselle-90-18-kw","status":"publish","type":"product","link":"https:\/\/www.fokussrl.com\/fr\/produit\/cheminee-bois-centrale-giselle-90-18-kw\/","title":{"rendered":"Chemin\u00e9e \u00e0 bois centrale GISELLE 90 18 kW &#8211; Rocal"},"content":{"rendered":"<ul>\n<li>Structure en acier &eacute;pais peint en noir<\/li>\n<li>Puissance maximale: 18 kW<\/li>\n<li>Puissance nominale: 15 kW<\/li>\n<li>Rendement: 77,5%<\/li>\n<li>&Eacute;missions de poussi&egrave;res: CO &agrave; 13% O2 = 0,088%<\/li>\n<li>Poids: 325 kg<\/li>\n<li>Prise d&rsquo;air ext&eacute;rieure<\/li>\n<li>Dimensions: 900 x 3096 x 900 mm<\/li>\n<li>Certification: UNE-EN 13240<\/li>\n<\/ul>\n","protected":false},"excerpt":{"rendered":"<p>Une chemin\u00e9e centrale pour les amateurs de feu et de bonnes conversations, Giselle est le pr\u00e9texte id\u00e9al pour se r\u00e9unir autour du feu.<\/p>\n","protected":false},"featured_media":53204,"template":"","meta":{"_acf_changed":false},"product_brand":[4836],"product_cat":[4582],"product_tag":[],"class_list":{"0":"post-53203","1":"product","2":"type-product","3":"status-publish","4":"has-post-thumbnail","6":"product_brand-rocal-fr","7":"product_cat-cheminees-design","8":"product_shipping_class-caminetti-di-design-2-2","9":"sales-flash-overlay","10":"woocommerce-text-align-center","11":"woocommerce-image-align-center","12":"do-quantity-buttons","14":"first","15":"instock","16":"taxable","17":"shipping-taxable","18":"product-type-simple"},"acf":[],"_links":{"self":[{"href":"https:\/\/www.fokussrl.com\/fr\/wp-json\/wp\/v2\/product\/53203","targetHints":{"allow":["GET"]}}],"collection":[{"href":"https:\/\/www.fokussrl.com\/fr\/wp-json\/wp\/v2\/product"}],"about":[{"href":"https:\/\/www.fokussrl.com\/fr\/wp-json\/wp\/v2\/types\/product"}],"wp:featuredmedia":[{"embeddable":true,"href":"https:\/\/www.fokussrl.com\/fr\/wp-json\/wp\/v2\/media\/53204"}],"wp:attachment":[{"href":"https:\/\/www.fokussrl.com\/fr\/wp-json\/wp\/v2\/media?parent=53203"}],"wp:term":[{"taxonomy":"product_brand","embeddable":true,"href":"https:\/\/www.fokussrl.com\/fr\/wp-json\/wp\/v2\/product_brand?post=53203"},{"taxonomy":"product_cat","embeddable":true,"href":"https:\/\/www.fokussrl.com\/fr\/wp-json\/wp\/v2\/product_cat?post=53203"},{"taxonomy":"product_tag","embeddable":true,"href":"https:\/\/www.fokussrl.com\/fr\/wp-json\/wp\/v2\/product_tag?post=53203"}],"curies":[{"name":"wp","href":"https:\/\/api.w.org\/{rel}","templated":true}]}}