{"id":53221,"date":"2025-01-30T23:03:21","date_gmt":"2025-01-30T22:03:21","guid":{"rendered":"http:\/\/fokussrl.com\/prodotto\/cheminee-bois-born-15-kw\/"},"modified":"2025-01-30T22:47:39","modified_gmt":"2025-01-30T21:47:39","slug":"cheminee-bois-born-15-kw","status":"publish","type":"product","link":"https:\/\/www.fokussrl.com\/fr\/produit\/cheminee-bois-born-15-kw\/","title":{"rendered":"Chemin\u00e9e \u00e0 bois BORN 15 kW &#8211; Rocal"},"content":{"rendered":"<ul>\n<li>Structure en acier \u00e0 haute \u00e9paisseur peint en noir<\/li>\n<li>Puissance nominale: 12,4 kW<\/li>\n<li>Puissance maximale: 15 kW<\/li>\n<li>Rendement: 81,1%<\/li>\n<li>\u00c9missions de poussi\u00e8res: CO \u00e0 13% O2 = 0,107%<\/li>\n<li>Poids: 156 kg<\/li>\n<li>Prise d&rsquo;air externe<\/li>\n<li>Dimensions: 898,5 x 787,5 x 2700<\/li>\n<li>Consommation: 3,48 kg\/h.<\/li>\n<li>Certification: UNE-EN 13240<\/li>\n<\/ul>\n","protected":false},"excerpt":{"rendered":"<p>Born est une chemin\u00e9e centrale triangulaire. Ses trois faces offrent une excellente vue sur le feu. Le r\u00e9sultat est une maison tr\u00e8s transparente au design contemporain et sobre.<\/p>\n","protected":false},"featured_media":53222,"template":"","meta":{"_acf_changed":false},"product_brand":[4836],"product_cat":[4582],"product_tag":[],"class_list":{"0":"post-53221","1":"product","2":"type-product","3":"status-publish","4":"has-post-thumbnail","6":"product_brand-rocal-fr","7":"product_cat-cheminees-design","8":"product_shipping_class-caminetti-di-design-2-2","9":"sales-flash-overlay","10":"woocommerce-text-align-center","11":"woocommerce-image-align-center","12":"do-quantity-buttons","14":"first","15":"instock","16":"taxable","17":"shipping-taxable","18":"product-type-simple"},"acf":[],"_links":{"self":[{"href":"https:\/\/www.fokussrl.com\/fr\/wp-json\/wp\/v2\/product\/53221","targetHints":{"allow":["GET"]}}],"collection":[{"href":"https:\/\/www.fokussrl.com\/fr\/wp-json\/wp\/v2\/product"}],"about":[{"href":"https:\/\/www.fokussrl.com\/fr\/wp-json\/wp\/v2\/types\/product"}],"wp:featuredmedia":[{"embeddable":true,"href":"https:\/\/www.fokussrl.com\/fr\/wp-json\/wp\/v2\/media\/53222"}],"wp:attachment":[{"href":"https:\/\/www.fokussrl.com\/fr\/wp-json\/wp\/v2\/media?parent=53221"}],"wp:term":[{"taxonomy":"product_brand","embeddable":true,"href":"https:\/\/www.fokussrl.com\/fr\/wp-json\/wp\/v2\/product_brand?post=53221"},{"taxonomy":"product_cat","embeddable":true,"href":"https:\/\/www.fokussrl.com\/fr\/wp-json\/wp\/v2\/product_cat?post=53221"},{"taxonomy":"product_tag","embeddable":true,"href":"https:\/\/www.fokussrl.com\/fr\/wp-json\/wp\/v2\/product_tag?post=53221"}],"curies":[{"name":"wp","href":"https:\/\/api.w.org\/{rel}","templated":true}]}}