{"id":53291,"date":"2025-01-30T23:03:21","date_gmt":"2025-01-30T22:03:21","guid":{"rendered":"http:\/\/fokussrl.com\/prodotto\/cheminee-murale-bois-d-7-8-kw\/"},"modified":"2025-01-30T22:48:12","modified_gmt":"2025-01-30T21:48:12","slug":"cheminee-murale-bois-d-7-8-kw","status":"publish","type":"product","link":"https:\/\/www.fokussrl.com\/fr\/produit\/cheminee-murale-bois-d-7-8-kw\/","title":{"rendered":"Chemin\u00e9e murale \u00e0 bois D-7 8 kW &#8211; Rocal"},"content":{"rendered":"<ul>\n<li>Structure en acier de grande &eacute;paisseur peint en noir<\/li>\n<li>Puissance maximale: 8 kW<\/li>\n<li>Puissance nominale: 6,6 kW<\/li>\n<li>Rendement: 88 %<\/li>\n<li>&Eacute;missions de particules: CO &agrave; 13% O2 = 0,098 %<\/li>\n<li>Poids: 101 kg<\/li>\n<li>Entr&eacute;e d&rsquo;air externe<\/li>\n<li>Dimensions: 654 x 2833 x 420<\/li>\n<li>Certification: UNE-EN 13240<\/li>\n<\/ul>\n","protected":false},"excerpt":{"rendered":"<p>Gr\u00e2ce \u00e0 ses dimensions et \u00e0 son esth\u00e9tique, le D-7 est l&rsquo;une des chemin\u00e9es les plus modernes, s&rsquo;adaptant \u00e0 tous les types de maisons au design contemporain et se distinguant par sa polyvalence. Une chemin\u00e9e petite mais compl\u00e8te.<\/p>\n","protected":false},"featured_media":53292,"template":"","meta":{"_acf_changed":false},"product_brand":[4836],"product_cat":[4582,4585],"product_tag":[],"class_list":{"0":"post-53291","1":"product","2":"type-product","3":"status-publish","4":"has-post-thumbnail","6":"product_brand-rocal-fr","7":"product_cat-cheminees-design","8":"product_cat-cheminees-modernes-au-bois-murales","9":"product_shipping_class-caminetti-di-design-2-2","10":"sales-flash-overlay","11":"woocommerce-text-align-center","12":"woocommerce-image-align-center","13":"do-quantity-buttons","15":"first","16":"instock","17":"taxable","18":"shipping-taxable","19":"product-type-simple"},"acf":[],"_links":{"self":[{"href":"https:\/\/www.fokussrl.com\/fr\/wp-json\/wp\/v2\/product\/53291","targetHints":{"allow":["GET"]}}],"collection":[{"href":"https:\/\/www.fokussrl.com\/fr\/wp-json\/wp\/v2\/product"}],"about":[{"href":"https:\/\/www.fokussrl.com\/fr\/wp-json\/wp\/v2\/types\/product"}],"wp:featuredmedia":[{"embeddable":true,"href":"https:\/\/www.fokussrl.com\/fr\/wp-json\/wp\/v2\/media\/53292"}],"wp:attachment":[{"href":"https:\/\/www.fokussrl.com\/fr\/wp-json\/wp\/v2\/media?parent=53291"}],"wp:term":[{"taxonomy":"product_brand","embeddable":true,"href":"https:\/\/www.fokussrl.com\/fr\/wp-json\/wp\/v2\/product_brand?post=53291"},{"taxonomy":"product_cat","embeddable":true,"href":"https:\/\/www.fokussrl.com\/fr\/wp-json\/wp\/v2\/product_cat?post=53291"},{"taxonomy":"product_tag","embeddable":true,"href":"https:\/\/www.fokussrl.com\/fr\/wp-json\/wp\/v2\/product_tag?post=53291"}],"curies":[{"name":"wp","href":"https:\/\/api.w.org\/{rel}","templated":true}]}}