{"id":53300,"date":"2025-01-30T23:03:21","date_gmt":"2025-01-30T22:03:21","guid":{"rendered":"http:\/\/fokussrl.com\/prodotto\/cheminee-bois-city-14-1-kw\/"},"modified":"2025-01-30T22:48:15","modified_gmt":"2025-01-30T21:48:15","slug":"cheminee-bois-city-14-1-kw","status":"publish","type":"product","link":"https:\/\/www.fokussrl.com\/fr\/produit\/cheminee-bois-city-14-1-kw\/","title":{"rendered":"Chemin\u00e9e \u00e0 bois CITY 14,1 kW &#8211; Rocal"},"content":{"rendered":"<ul>\n<li>Structure en acier de grande &eacute;paisseur peint en noir<\/li>\n<li>Puissance nominale: 14,1 kW<\/li>\n<li>Rendement: 85,1 %<\/li>\n<li>&Eacute;missions de particules: CO &agrave; 13% O2 = 0,08%<\/li>\n<li>Poids: 152 kg<\/li>\n<li>Entr&eacute;e d&rsquo;air externe<\/li>\n<li>Dimensions: 800 x 450 x 2759<\/li>\n<li>Certification: UNE-EN 13240<\/li>\n<\/ul>\n","protected":false},"excerpt":{"rendered":"<p>Chemin\u00e9e d\u00e9corative et de chauffage adapt\u00e9e pour une installation murale.<\/p>\n","protected":false},"featured_media":53301,"template":"","meta":{"_acf_changed":false},"product_brand":[4836],"product_cat":[4582],"product_tag":[],"class_list":{"0":"post-53300","1":"product","2":"type-product","3":"status-publish","4":"has-post-thumbnail","6":"product_brand-rocal-fr","7":"product_cat-cheminees-design","8":"product_shipping_class-caminetti-di-design-2-2","9":"sales-flash-overlay","10":"woocommerce-text-align-center","11":"woocommerce-image-align-center","12":"do-quantity-buttons","14":"first","15":"instock","16":"taxable","17":"shipping-taxable","18":"product-type-simple"},"acf":[],"_links":{"self":[{"href":"https:\/\/www.fokussrl.com\/fr\/wp-json\/wp\/v2\/product\/53300","targetHints":{"allow":["GET"]}}],"collection":[{"href":"https:\/\/www.fokussrl.com\/fr\/wp-json\/wp\/v2\/product"}],"about":[{"href":"https:\/\/www.fokussrl.com\/fr\/wp-json\/wp\/v2\/types\/product"}],"wp:featuredmedia":[{"embeddable":true,"href":"https:\/\/www.fokussrl.com\/fr\/wp-json\/wp\/v2\/media\/53301"}],"wp:attachment":[{"href":"https:\/\/www.fokussrl.com\/fr\/wp-json\/wp\/v2\/media?parent=53300"}],"wp:term":[{"taxonomy":"product_brand","embeddable":true,"href":"https:\/\/www.fokussrl.com\/fr\/wp-json\/wp\/v2\/product_brand?post=53300"},{"taxonomy":"product_cat","embeddable":true,"href":"https:\/\/www.fokussrl.com\/fr\/wp-json\/wp\/v2\/product_cat?post=53300"},{"taxonomy":"product_tag","embeddable":true,"href":"https:\/\/www.fokussrl.com\/fr\/wp-json\/wp\/v2\/product_tag?post=53300"}],"curies":[{"name":"wp","href":"https:\/\/api.w.org\/{rel}","templated":true}]}}