{"id":53322,"date":"2025-01-30T23:03:21","date_gmt":"2025-01-30T22:03:21","guid":{"rendered":"http:\/\/fokussrl.com\/prodotto\/cheminee-bois-angle-murale-angle-9-5-kw\/"},"modified":"2025-01-30T22:48:21","modified_gmt":"2025-01-30T21:48:21","slug":"cheminee-bois-angle-murale-angle-9-5-kw","status":"publish","type":"product","link":"https:\/\/www.fokussrl.com\/fr\/produit\/cheminee-bois-angle-murale-angle-9-5-kw\/","title":{"rendered":"Chemin\u00e9e \u00e0 bois d&rsquo;angle et murale ANGLE 9,5 kW &#8211; Rocal"},"content":{"rendered":"<ul>\n<li>Structure en acier peint noir &eacute;pais<\/li>\n<li>Puissance nominale : 7,25 kW<\/li>\n<li>Rendement : 81,3%<\/li>\n<li>Emissions de poussi&egrave;res : CO &agrave; 13% O2 = 0,09%<\/li>\n<li>Poids : 139 kg<\/li>\n<li>Prise d&rsquo;air : externe<\/li>\n<li>Dimensions : 883 x 2781 x 349<\/li>\n<li>Certification : UNE-EN 13240<\/li>\n<\/ul>\n","protected":false},"excerpt":{"rendered":"<p>Ce mod\u00e8le se distingue par sa polyvalence : il peut \u00eatre install\u00e9 dans un angle ou frontalement. Il peut \u00e9galement \u00eatre fix\u00e9 au mur avec un support pivotant.<\/p>\n","protected":false},"featured_media":53323,"template":"","meta":{"_acf_changed":false},"product_brand":[4836],"product_cat":[4582],"product_tag":[],"class_list":{"0":"post-53322","1":"product","2":"type-product","3":"status-publish","4":"has-post-thumbnail","6":"product_brand-rocal-fr","7":"product_cat-cheminees-design","8":"product_shipping_class-caminetti-di-design-2-2","9":"sales-flash-overlay","10":"woocommerce-text-align-center","11":"woocommerce-image-align-center","12":"do-quantity-buttons","14":"first","15":"instock","16":"taxable","17":"shipping-taxable","18":"product-type-simple"},"acf":[],"_links":{"self":[{"href":"https:\/\/www.fokussrl.com\/fr\/wp-json\/wp\/v2\/product\/53322","targetHints":{"allow":["GET"]}}],"collection":[{"href":"https:\/\/www.fokussrl.com\/fr\/wp-json\/wp\/v2\/product"}],"about":[{"href":"https:\/\/www.fokussrl.com\/fr\/wp-json\/wp\/v2\/types\/product"}],"wp:featuredmedia":[{"embeddable":true,"href":"https:\/\/www.fokussrl.com\/fr\/wp-json\/wp\/v2\/media\/53323"}],"wp:attachment":[{"href":"https:\/\/www.fokussrl.com\/fr\/wp-json\/wp\/v2\/media?parent=53322"}],"wp:term":[{"taxonomy":"product_brand","embeddable":true,"href":"https:\/\/www.fokussrl.com\/fr\/wp-json\/wp\/v2\/product_brand?post=53322"},{"taxonomy":"product_cat","embeddable":true,"href":"https:\/\/www.fokussrl.com\/fr\/wp-json\/wp\/v2\/product_cat?post=53322"},{"taxonomy":"product_tag","embeddable":true,"href":"https:\/\/www.fokussrl.com\/fr\/wp-json\/wp\/v2\/product_tag?post=53322"}],"curies":[{"name":"wp","href":"https:\/\/api.w.org\/{rel}","templated":true}]}}