{"id":53353,"date":"2025-01-30T23:03:21","date_gmt":"2025-01-30T22:03:21","guid":{"rendered":"http:\/\/fokussrl.com\/prodotto\/poele-bioethanol-kyoto-3-kw\/"},"modified":"2025-01-30T22:48:27","modified_gmt":"2025-01-30T21:48:27","slug":"poele-bioethanol-kyoto-3-kw","status":"publish","type":"product","link":"https:\/\/www.fokussrl.com\/fr\/produit\/poele-bioethanol-kyoto-3-kw\/","title":{"rendered":"Po\u00eale \u00e0 bio\u00e9thanol KYOTO 3 kW &#8211; Tecno Air System"},"content":{"rendered":"<ul>\n<li>Puissance: 3000 W<\/li>\n<li>Capacit\u00e9 de chauffage: 100 m\u00b3<\/li>\n<li>Consommation de bio\u00e9thanol: 0,32 L\/h<\/li>\n<li>Capacit\u00e9 du r\u00e9servoir: 1,5 L<\/li>\n<li>Autonomie maximale: +\/- 7 h<\/li>\n<li>Poids: 36 Kg<\/li>\n<\/ul>\n","protected":false},"excerpt":{"rendered":"<p>Po\u00eale \u00e0 bio\u00e9thanol KYOTO sans conduit de fum\u00e9e.<\/p>\n<p>Le bio\u00e9thanol, issu de la fermentation de substances naturelles sucr\u00e9es, produit de la chaleur lors de la combustion tout en ne lib\u00e9rant que du dioxyde de carbone et de la vapeur d&rsquo;eau, en faisant une source d&rsquo;\u00e9nergie renouvelable.<\/p>\n<p>Dans une perspective toujours plus avanc\u00e9e de protection de l&rsquo;environnement, nous avons con\u00e7u le po\u00eale \u00e0 bio\u00e9thanol, canalisant la chaleur produite dans une coque harmonieuse et agr\u00e9able, mais surtout fonctionnelle, permettant de profiter en toute tranquillit\u00e9 de la chaleur du foyer domestique.<\/p>\n<p>Excellent compl\u00e9ment au chauffage traditionnel, il ne n\u00e9cessite pas de conduit de fum\u00e9e et ne laisse aucun r\u00e9sidu de combustion.<\/p>\n<p><strong>Kyoto<\/strong> fait partie de la ligne Haut de Gamme de Tecno Air System et est n\u00e9e de la collaboration entre l\u2019entreprise et l\u2019architecte Prevedello.<br \/>Caract\u00e9ris\u00e9 par un design distinctif mais harmonieux, il cr\u00e9e une atmosph\u00e8re chaleureuse et accueillante.<br \/>Kyoto est un <strong>biopo\u00eale<\/strong> \u00e9quip\u00e9 d&rsquo;une structure en acier peint et d&rsquo;une porte avec verre de protection.<\/p>\n<p>Le br\u00fbleur est amovible et r\u00e9glable avec fibre (1,5 litres).<\/p>\n<ul>\n<li>Design arrondi<\/li>\n<li>Autonomie d&rsquo;utilisation \u00e9lev\u00e9e<\/li>\n<li>Br\u00fbleur r\u00e9glable et amovible avec fibre et couvercle de fermeture de flamme<\/li>\n","protected":false},"featured_media":53354,"template":"","meta":{"_acf_changed":false},"product_brand":[4837],"product_cat":[4597],"product_tag":[],"class_list":{"0":"post-53353","1":"product","2":"type-product","3":"status-publish","4":"has-post-thumbnail","6":"product_brand-tecno-air-system-fr","7":"product_cat-poeles-a-bioethanol","8":"product_shipping_class-stufe-a-bioetanolo-2-2","9":"sales-flash-overlay","10":"woocommerce-text-align-center","11":"woocommerce-image-align-center","12":"do-quantity-buttons","14":"first","15":"instock","16":"taxable","17":"shipping-taxable","18":"purchasable","19":"product-type-simple"},"acf":[],"_links":{"self":[{"href":"https:\/\/www.fokussrl.com\/fr\/wp-json\/wp\/v2\/product\/53353","targetHints":{"allow":["GET"]}}],"collection":[{"href":"https:\/\/www.fokussrl.com\/fr\/wp-json\/wp\/v2\/product"}],"about":[{"href":"https:\/\/www.fokussrl.com\/fr\/wp-json\/wp\/v2\/types\/product"}],"wp:featuredmedia":[{"embeddable":true,"href":"https:\/\/www.fokussrl.com\/fr\/wp-json\/wp\/v2\/media\/53354"}],"wp:attachment":[{"href":"https:\/\/www.fokussrl.com\/fr\/wp-json\/wp\/v2\/media?parent=53353"}],"wp:term":[{"taxonomy":"product_brand","embeddable":true,"href":"https:\/\/www.fokussrl.com\/fr\/wp-json\/wp\/v2\/product_brand?post=53353"},{"taxonomy":"product_cat","embeddable":true,"href":"https:\/\/www.fokussrl.com\/fr\/wp-json\/wp\/v2\/product_cat?post=53353"},{"taxonomy":"product_tag","embeddable":true,"href":"https:\/\/www.fokussrl.com\/fr\/wp-json\/wp\/v2\/product_tag?post=53353"}],"curies":[{"name":"wp","href":"https:\/\/api.w.org\/{rel}","templated":true}]}}