{"id":53375,"date":"2025-01-30T23:03:21","date_gmt":"2025-01-30T22:03:21","guid":{"rendered":"http:\/\/fokussrl.com\/prodotto\/poele-granules-canalisable-bellavista-s-2-10-5-kw\/"},"modified":"2025-08-25T16:56:53","modified_gmt":"2025-08-25T14:56:53","slug":"poele-granules-canalisable-bellavista-s-2-10-5-kw","status":"publish","type":"product","link":"https:\/\/www.fokussrl.com\/fr\/produit\/poele-granules-canalisable-bellavista-s-2-10-5-kw\/","title":{"rendered":"Po\u00eale \u00e0 granul\u00e9s canalisable BELLAVISTA S 3 10,5 kW &#8211; Thermorossi"},"content":{"rendered":"<ul>\n<li>DIMENSIONS (HXLXP) 1489X431X674<\/li>\n<li>POIDS (KG) 183<\/li>\n<li>ZONE CHAUFFABLE (M\u00b2) 100,0<\/li>\n<li>PUISSANCE DU FOYER (kW) 4,4 &#8211; 12,2<\/li>\n<li>PUISSANCE NOMINALE (kW) 3,9 &#8211; 11,1<\/li>\n<li>CONSOMMATION HORAIRES PELLETS (KG\/H) 0,90 &#8211; 2,5<\/li>\n<li>CAPACIT\u00c9 DU R\u00c9SERVOIR (KG) 25<\/li>\n<li>PELLETPOWER\u00ae &#8211;<\/li>\n<li>BR\u00dbLEUR BREVET\u00c9 OUI<\/li>\n<li>VENTILATION AMBIANTE OUI AVEC AIRBOX (OPTIONNEL)<\/li>\n<li>AIR PRIMAIRE DE L&rsquo;EXT\u00c9RIEUR OUI<\/li>\n<li>\u00c9MISSIONS CO (MG\/M\u00b3; 13% D&rsquo;O2)*A 39<\/li>\n<li>\u00c9MISSIONS DE POUSSI\u00c8RES (MG\/M\u00b3; 13% D&rsquo;O2)*A 14,1<\/li>\n<li>NIVEAU SONORE (DB) 36<\/li>\n<li>iCONTROL web-app avec module WiFi<\/li>\n<li>PROGRAMMATION HEBDOMADAIRE OPT (3 PAR JOUR) OUI<\/li>\n<li>SMART INFO OUI<\/li>\n<li>VALVE DE SURPRESSION OUI<\/li>\n<li>DIAM\u00c8TRE SORTIE FUM\u00c9E (MM) 100<\/li>\n<li>TIRAGE MINIMUM REQUIS (PA) 12<\/li>\n<li>CONSOMMATION \u00c9LECTRIQUE (WATT) 60-320<\/li>\n<li>THERMOSTAT DE S\u00c9CURIT\u00c9 OUI<\/li>\n<\/ul>\n<p><strong>REMARQUE : VERSION COMPL\u00c8TE AVEC AIRBOX 3 POUR CANALISATION<\/strong><\/p>\n<p>Remarque : le prix inclut iControl et 2 packs de pierres noires et blanches<\/p>\n","protected":false},"excerpt":{"rendered":"<p><strong>Bellavista Square :<\/strong> po\u00eale \u00e0 granul\u00e9s au design unique et inimitable, id\u00e9ale comme solution en p\u00e9ninsule pour s\u00e9parer deux espaces gr\u00e2ce \u00e0 sa vitre panoramique offrant une vue \u00e0 270\u00b0 sur le feu.<\/p>\n","protected":false},"featured_media":53376,"template":"","meta":{"_acf_changed":false},"product_brand":[4839],"product_cat":[4604],"product_tag":[],"class_list":{"0":"post-53375","1":"product","2":"type-product","3":"status-publish","4":"has-post-thumbnail","6":"product_brand-thermorossi-fr","7":"product_cat-poeles-a-granules-ventiles","8":"product_shipping_class-stufe-a-pellet-canalizzate-2-2","9":"sales-flash-overlay","10":"woocommerce-text-align-center","11":"woocommerce-image-align-center","12":"do-quantity-buttons","14":"first","15":"instock","16":"taxable","17":"shipping-taxable","18":"purchasable","19":"product-type-simple"},"acf":[],"_links":{"self":[{"href":"https:\/\/www.fokussrl.com\/fr\/wp-json\/wp\/v2\/product\/53375","targetHints":{"allow":["GET"]}}],"collection":[{"href":"https:\/\/www.fokussrl.com\/fr\/wp-json\/wp\/v2\/product"}],"about":[{"href":"https:\/\/www.fokussrl.com\/fr\/wp-json\/wp\/v2\/types\/product"}],"wp:featuredmedia":[{"embeddable":true,"href":"https:\/\/www.fokussrl.com\/fr\/wp-json\/wp\/v2\/media\/53376"}],"wp:attachment":[{"href":"https:\/\/www.fokussrl.com\/fr\/wp-json\/wp\/v2\/media?parent=53375"}],"wp:term":[{"taxonomy":"product_brand","embeddable":true,"href":"https:\/\/www.fokussrl.com\/fr\/wp-json\/wp\/v2\/product_brand?post=53375"},{"taxonomy":"product_cat","embeddable":true,"href":"https:\/\/www.fokussrl.com\/fr\/wp-json\/wp\/v2\/product_cat?post=53375"},{"taxonomy":"product_tag","embeddable":true,"href":"https:\/\/www.fokussrl.com\/fr\/wp-json\/wp\/v2\/product_tag?post=53375"}],"curies":[{"name":"wp","href":"https:\/\/api.w.org\/{rel}","templated":true}]}}