{"id":53388,"date":"2025-01-30T23:03:21","date_gmt":"2025-01-30T22:03:21","guid":{"rendered":"http:\/\/fokussrl.com\/prodotto\/poele-granules-silencieuse-bellavista-r-2-10-5-kw\/"},"modified":"2025-01-30T22:48:32","modified_gmt":"2025-01-30T21:48:32","slug":"poele-granules-silencieuse-bellavista-r-2-10-5-kw","status":"publish","type":"product","link":"https:\/\/www.fokussrl.com\/fr\/produit\/poele-granules-silencieuse-bellavista-r-2-10-5-kw\/","title":{"rendered":"Po\u00eale \u00e0 granul\u00e9s silencieuse BELLAVISTA R 2 10,5 kW &#8211; Thermorossi"},"content":{"rendered":"<ul>\n<li>DIMENSIONS (HXLXP) 1493X481X671<\/li>\n<li>POIDS (KG) 183<\/li>\n<li>ZONE CHAUFFABLE (M&sup2;) 100,0<\/li>\n<li>PUISSANCE AU FOYER (kW) 4,4 &#8211; 12,2<\/li>\n<li>PUISSANCE NOMINALE (kW) 3,9 &#8211; 11,1<\/li>\n<li>CONSOMMATION HORAIRES DE GRANUL\u00c9S (KG\/H) 0,90 &#8211; 2,5<\/li>\n<li>CAPACIT\u00c9 DU R\u00c9SERVOIR (KG) 25<\/li>\n<li>PELLETPOWER&reg; &#8211;<\/li>\n<li>BR\u00dbLEUR BREVET\u00c9 OUI<\/li>\n<li>VENTILATION DE LA PI\u00c8CE OUI AVEC AIRBOX (OPTIONNEL)<\/li>\n<li>AIR PRIMAIRE DE L&rsquo;EXT\u00c9RIEUR OUI<\/li>\n<li>\u00c9MISSIONS DE CO (MG\/M&sup3;; 13% O2)*A 38<\/li>\n<li>\u00c9MISSIONS DE POUSSI\u00c8RES (MG\/M&sup3;; 13% O2)*A 14,1<\/li>\n<li>SILENCE (DB) 36<\/li>\n<li>iCONTROL application web avec module WiFi OUI<\/li>\n<li>OPT PROGRAMMATION HEBDOMADAIRE (3 FOIS PAR JOUR) OUI<\/li>\n<li>SMART INFO OUI<\/li>\n<li>SOUPAPE DE S\u00dbRET\u00c9 OUI<\/li>\n<li>DIAM\u00c8TRE SORTIE DES FUM\u00c9ES (MM) 100<\/li>\n<li>TIRAGE MINIMAL REQUIS (PA) 12<\/li>\n<li>CONSOMMATION \u00c9LECTRIQUE (WATT) 60-320<\/li>\n<li>THERMOSTAT DE S\u00c9CURIT\u00c9 OUI<\/li>\n<\/ul>\n<p>Version Silent sans ventilation. En ajoutant AIRBOX 3, elle devient ventil\u00e9e ou canalis\u00e9e.<\/p>\n<p>N.B. Le prix inclut iCONTROL et 2 bo\u00eetes de pierres blanches et noires.<\/p>\n","protected":false},"excerpt":{"rendered":"<p>Ce produit est conforme \u00e0 la classe 4 \u00e9toiles selon les exigences d&rsquo;\u00e9missions et de rendement du d\u00e9cret du 7 novembre 2017, n\u00b0 186.<\/p>\n","protected":false},"featured_media":53363,"template":"","meta":{"_acf_changed":false},"product_brand":[4839],"product_cat":[4603],"product_tag":[],"class_list":{"0":"post-53388","1":"product","2":"type-product","3":"status-publish","4":"has-post-thumbnail","6":"product_brand-thermorossi-fr","7":"product_cat-poeles-a-granules","8":"product_shipping_class-stufe-a-pellet-2-2","9":"sales-flash-overlay","10":"woocommerce-text-align-center","11":"woocommerce-image-align-center","12":"do-quantity-buttons","14":"first","15":"instock","16":"taxable","17":"shipping-taxable","18":"purchasable","19":"product-type-simple"},"acf":[],"_links":{"self":[{"href":"https:\/\/www.fokussrl.com\/fr\/wp-json\/wp\/v2\/product\/53388","targetHints":{"allow":["GET"]}}],"collection":[{"href":"https:\/\/www.fokussrl.com\/fr\/wp-json\/wp\/v2\/product"}],"about":[{"href":"https:\/\/www.fokussrl.com\/fr\/wp-json\/wp\/v2\/types\/product"}],"wp:featuredmedia":[{"embeddable":true,"href":"https:\/\/www.fokussrl.com\/fr\/wp-json\/wp\/v2\/media\/53363"}],"wp:attachment":[{"href":"https:\/\/www.fokussrl.com\/fr\/wp-json\/wp\/v2\/media?parent=53388"}],"wp:term":[{"taxonomy":"product_brand","embeddable":true,"href":"https:\/\/www.fokussrl.com\/fr\/wp-json\/wp\/v2\/product_brand?post=53388"},{"taxonomy":"product_cat","embeddable":true,"href":"https:\/\/www.fokussrl.com\/fr\/wp-json\/wp\/v2\/product_cat?post=53388"},{"taxonomy":"product_tag","embeddable":true,"href":"https:\/\/www.fokussrl.com\/fr\/wp-json\/wp\/v2\/product_tag?post=53388"}],"curies":[{"name":"wp","href":"https:\/\/api.w.org\/{rel}","templated":true}]}}