{"id":53389,"date":"2025-01-30T23:03:21","date_gmt":"2025-01-30T22:03:21","guid":{"rendered":"http:\/\/fokussrl.com\/prodotto\/poele-granules-silencieuse-bellavista-s-2-10-5-kw\/"},"modified":"2025-08-25T16:55:29","modified_gmt":"2025-08-25T14:55:29","slug":"poele-granules-silencieuse-bellavista-s-2-10-5-kw","status":"publish","type":"product","link":"https:\/\/www.fokussrl.com\/fr\/produit\/poele-granules-silencieuse-bellavista-s-2-10-5-kw\/","title":{"rendered":"Po\u00eale \u00e0 granul\u00e9s silencieuse BELLAVISTA S 3 10,5 kW &#8211; Thermorossi"},"content":{"rendered":"<ul>\n<li>Dimensions : 1489 x 431 x 674 mm<\/li>\n<li>Poids : 183 kg<\/li>\n<li>Surface chauffable : 100,0 m\u00b2<\/li>\n<li>Puissance au foyer : 4,4 &#8211; 12,2 kW<\/li>\n<li>Puissance nominale : 3,9 &#8211; 11,1 kW<\/li>\n<li>Consommation horaire de granul\u00e9s : 0,90 &#8211; 2,5 kg\/h<\/li>\n<li>Capacit\u00e9 du r\u00e9servoir : 25<\/li>\n<li>Br\u00fbleur brevet\u00e9 : oui<\/li>\n<li>Ventilation de la pi\u00e8ce : oui avec airbox (optionnel)<\/li>\n<li>Air primaire de l&rsquo;ext\u00e9rieur : oui<\/li>\n<li>\u00c9missions de CO (mg\/m\u00b3; 13% O2)*A 39<\/li>\n<li>\u00c9missions de poussi\u00e8res (mg\/m\u00b3; 13% O2)*A 14,1<\/li>\n<li>Silence : 36 dB<\/li>\n<li>Icontrol application web avec module WiFi<\/li>\n<li>Opt programmation hebdomadaire (3 fois par jour) : oui<\/li>\n<li>Smart info : oui<\/li>\n<li>Soupape de surpression : oui<\/li>\n<li>Diam\u00e8tre sortie des fum\u00e9es : 100 mm<\/li>\n<li>D\u00e9pression minimale requise : 12 PA<\/li>\n<li>Consommation \u00e9lectrique : 60-320 W<\/li>\n<li>Thermostat de s\u00e9curit\u00e9 : oui<\/li>\n<\/ul>\n<p>Version Silent sans ventilation. En ajoutant Airbox 3, elle devient ventil\u00e9e ou canalis\u00e9e.<\/p>\n<p>N.B. Le prix inclut Icontrol et 2 bo\u00eetes de pierres blanches et noires.<\/p>\n","protected":false},"excerpt":{"rendered":"<p><strong>Remarque : VERSION COMPL\u00c8TE AVEC AIRBOX 3 POUR CANALISATION<\/strong><\/p>\n","protected":false},"featured_media":53376,"template":"","meta":{"_acf_changed":false},"product_brand":[4839],"product_cat":[4603],"product_tag":[],"class_list":{"0":"post-53389","1":"product","2":"type-product","3":"status-publish","4":"has-post-thumbnail","6":"product_brand-thermorossi-fr","7":"product_cat-poeles-a-granules","8":"product_shipping_class-stufe-a-pellet-2-2","9":"sales-flash-overlay","10":"woocommerce-text-align-center","11":"woocommerce-image-align-center","12":"do-quantity-buttons","14":"first","15":"instock","16":"taxable","17":"shipping-taxable","18":"purchasable","19":"product-type-simple"},"acf":[],"_links":{"self":[{"href":"https:\/\/www.fokussrl.com\/fr\/wp-json\/wp\/v2\/product\/53389","targetHints":{"allow":["GET"]}}],"collection":[{"href":"https:\/\/www.fokussrl.com\/fr\/wp-json\/wp\/v2\/product"}],"about":[{"href":"https:\/\/www.fokussrl.com\/fr\/wp-json\/wp\/v2\/types\/product"}],"wp:featuredmedia":[{"embeddable":true,"href":"https:\/\/www.fokussrl.com\/fr\/wp-json\/wp\/v2\/media\/53376"}],"wp:attachment":[{"href":"https:\/\/www.fokussrl.com\/fr\/wp-json\/wp\/v2\/media?parent=53389"}],"wp:term":[{"taxonomy":"product_brand","embeddable":true,"href":"https:\/\/www.fokussrl.com\/fr\/wp-json\/wp\/v2\/product_brand?post=53389"},{"taxonomy":"product_cat","embeddable":true,"href":"https:\/\/www.fokussrl.com\/fr\/wp-json\/wp\/v2\/product_cat?post=53389"},{"taxonomy":"product_tag","embeddable":true,"href":"https:\/\/www.fokussrl.com\/fr\/wp-json\/wp\/v2\/product_tag?post=53389"}],"curies":[{"name":"wp","href":"https:\/\/api.w.org\/{rel}","templated":true}]}}