{"id":53390,"date":"2025-01-30T23:03:31","date_gmt":"2025-01-30T22:03:31","guid":{"rendered":"http:\/\/fokussrl.com\/prodotto\/cheminee-centrale-bois-sur-mesure-ch-05-avec-vitre-et-piedestal\/"},"modified":"2025-01-30T22:48:33","modified_gmt":"2025-01-30T21:48:33","slug":"cheminee-centrale-bois-sur-mesure-ch-05-avec-vitre-et-piedestal","status":"publish","type":"product","link":"https:\/\/www.fokussrl.com\/fr\/produit\/cheminee-centrale-bois-sur-mesure-ch-05-avec-vitre-et-piedestal\/","title":{"rendered":"Chemin\u00e9e centrale \u00e0 bois sur mesure CH 05 avec vitre et pi\u00e9destal"},"content":{"rendered":"<ul>\n<li>Structure en acier de forte \u00e9paisseur peint anthracite<\/li>\n<li>Puissance thermique: 14 kW<\/li>\n<li>Rendement: 75%<\/li>\n<li>Dimensions: 750 x 750 x 2200<\/li>\n<li>Diam\u00e8tre de raccordement des fum\u00e9es: 200 mm<\/li>\n<li>Dimension de la porte: 300 x 730<\/li>\n<li>\u00c9missions de CO: 0,23%<\/li>\n<li>Poids net: 120 Kg<\/li>\n<li>Garantie 10 ans<\/li>\n<\/ul>\n","protected":false},"excerpt":{"rendered":"<p>Chemin\u00e9e d\u00e9corative et de chauffage sur mesure, adapt\u00e9e pour \u00eatre install\u00e9e au centre d&rsquo;une pi\u00e8ce. Id\u00e9ale pour des appartements de taille moyenne. Elle est dot\u00e9e de deux panneaux de verre fixes et de deux ouvrants. R\u00e9alisation pour un client avec une hauteur de cache-chemin\u00e9e du sol au plafond de 6,40 m\u00e8tres.<\/p>\n","protected":false},"featured_media":52894,"template":"","meta":{"_acf_changed":false},"product_brand":[4810],"product_cat":[4582],"product_tag":[],"class_list":{"0":"post-53390","1":"product","2":"type-product","3":"status-publish","4":"has-post-thumbnail","6":"product_brand-focgrup-fr","7":"product_cat-cheminees-design","8":"product_shipping_class-caminetti-di-design-2-2","9":"sales-flash-overlay","10":"woocommerce-text-align-center","11":"woocommerce-image-align-center","12":"do-quantity-buttons","14":"first","15":"instock","16":"taxable","17":"shipping-taxable","18":"purchasable","19":"product-type-simple"},"acf":[],"_links":{"self":[{"href":"https:\/\/www.fokussrl.com\/fr\/wp-json\/wp\/v2\/product\/53390","targetHints":{"allow":["GET"]}}],"collection":[{"href":"https:\/\/www.fokussrl.com\/fr\/wp-json\/wp\/v2\/product"}],"about":[{"href":"https:\/\/www.fokussrl.com\/fr\/wp-json\/wp\/v2\/types\/product"}],"wp:featuredmedia":[{"embeddable":true,"href":"https:\/\/www.fokussrl.com\/fr\/wp-json\/wp\/v2\/media\/52894"}],"wp:attachment":[{"href":"https:\/\/www.fokussrl.com\/fr\/wp-json\/wp\/v2\/media?parent=53390"}],"wp:term":[{"taxonomy":"product_brand","embeddable":true,"href":"https:\/\/www.fokussrl.com\/fr\/wp-json\/wp\/v2\/product_brand?post=53390"},{"taxonomy":"product_cat","embeddable":true,"href":"https:\/\/www.fokussrl.com\/fr\/wp-json\/wp\/v2\/product_cat?post=53390"},{"taxonomy":"product_tag","embeddable":true,"href":"https:\/\/www.fokussrl.com\/fr\/wp-json\/wp\/v2\/product_tag?post=53390"}],"curies":[{"name":"wp","href":"https:\/\/api.w.org\/{rel}","templated":true}]}}