{"id":53391,"date":"2025-01-30T23:03:31","date_gmt":"2025-01-30T22:03:31","guid":{"rendered":"http:\/\/fokussrl.com\/prodotto\/tuyau-aspiration-granules-hevo-pour-reservoir\/"},"modified":"2025-01-30T22:48:33","modified_gmt":"2025-01-30T21:48:33","slug":"tuyau-aspiration-granules-hevo-pour-reservoir","status":"publish","type":"product","link":"https:\/\/www.fokussrl.com\/fr\/produit\/tuyau-aspiration-granules-hevo-pour-reservoir\/","title":{"rendered":"Tuyau d&rsquo;aspiration de granul\u00e9s HEVO pour r\u00e9servoir"},"content":{"rendered":"","protected":false},"excerpt":{"rendered":"<p>Tuyau d&rsquo;aspiration de granul\u00e9s pour chaudi\u00e8re murale HEVO Magikal. Prix au m\u00e8tre.<\/p>\n","protected":false},"featured_media":53392,"template":"","meta":{"_acf_changed":false},"product_brand":[],"product_cat":[4567],"product_tag":[],"class_list":{"0":"post-53391","1":"product","2":"type-product","3":"status-publish","4":"has-post-thumbnail","6":"product_cat-accessoires-pour-poeles-et-cheminees","7":"product_shipping_class-accessori-2-2","8":"sales-flash-overlay","9":"woocommerce-text-align-center","10":"woocommerce-image-align-center","11":"do-quantity-buttons","13":"first","14":"instock","15":"taxable","16":"shipping-taxable","17":"purchasable","18":"product-type-simple"},"acf":[],"_links":{"self":[{"href":"https:\/\/www.fokussrl.com\/fr\/wp-json\/wp\/v2\/product\/53391","targetHints":{"allow":["GET"]}}],"collection":[{"href":"https:\/\/www.fokussrl.com\/fr\/wp-json\/wp\/v2\/product"}],"about":[{"href":"https:\/\/www.fokussrl.com\/fr\/wp-json\/wp\/v2\/types\/product"}],"wp:featuredmedia":[{"embeddable":true,"href":"https:\/\/www.fokussrl.com\/fr\/wp-json\/wp\/v2\/media\/53392"}],"wp:attachment":[{"href":"https:\/\/www.fokussrl.com\/fr\/wp-json\/wp\/v2\/media?parent=53391"}],"wp:term":[{"taxonomy":"product_brand","embeddable":true,"href":"https:\/\/www.fokussrl.com\/fr\/wp-json\/wp\/v2\/product_brand?post=53391"},{"taxonomy":"product_cat","embeddable":true,"href":"https:\/\/www.fokussrl.com\/fr\/wp-json\/wp\/v2\/product_cat?post=53391"},{"taxonomy":"product_tag","embeddable":true,"href":"https:\/\/www.fokussrl.com\/fr\/wp-json\/wp\/v2\/product_tag?post=53391"}],"curies":[{"name":"wp","href":"https:\/\/api.w.org\/{rel}","templated":true}]}}