{"id":53400,"date":"2025-01-30T23:03:31","date_gmt":"2025-01-30T22:03:31","guid":{"rendered":"http:\/\/fokussrl.com\/prodotto\/poele-bioethanol-ventilee-elegance-3-kw\/"},"modified":"2025-01-30T22:48:34","modified_gmt":"2025-01-30T21:48:34","slug":"poele-bioethanol-ventilee-elegance-3-kw","status":"publish","type":"product","link":"https:\/\/www.fokussrl.com\/fr\/produit\/poele-bioethanol-ventilee-elegance-3-kw\/","title":{"rendered":"Po\u00eale \u00e0 bio\u00e9thanol ventil\u00e9e ELEGANCE 3 kW"},"content":{"rendered":"<ul>\n<li>Puissance: 3000 W<\/li>\n<li>Capacit\u00e9 de chauffage: 100 mc<\/li>\n<li>Consommation bio\u00e9thanol: 0,32 L\/h<\/li>\n<li>Capacit\u00e9 du r\u00e9servoir: 2 L<\/li>\n<li>Autonomie maximale: +\/- 7 h<\/li>\n<li>Consommation \u00e9lectrique: 25 W<\/li>\n<li>Poids: 22,5 Kg<\/li>\n<\/ul>\n","protected":false},"excerpt":{"rendered":"<p>Po\u00eale \u00e0 bio\u00e9thanol ELEGANCE ventil\u00e9e et sans conduit de fum\u00e9e.<\/p>\n<p>Le bio\u00e9thanol, issu de la fermentation de substances naturelles sucr\u00e9es, produit de la chaleur lors de la combustion tout en ne lib\u00e9rant que du dioxyde de carbone et de la vapeur d&rsquo;eau, en faisant une source d&rsquo;\u00e9nergie renouvelable.<\/p>\n<p>Dans une perspective toujours plus avanc\u00e9e de protection de l&rsquo;environnement, nous avons con\u00e7u le po\u00eale \u00e0 bio\u00e9thanol, canalisant la chaleur produite dans une coque harmonieuse et agr\u00e9able, mais surtout fonctionnelle, permettant de profiter en toute tranquillit\u00e9 de la chaleur du foyer domestique.<\/p>\n<p>Excellent compl\u00e9ment au chauffage traditionnel, il ne n\u00e9cessite pas de conduit de fum\u00e9e et ne laisse aucun r\u00e9sidu de combustion.<\/p>\n<p>Formes \u00e9l\u00e9gantes et design moderne caract\u00e9risent ce po\u00eale ventil\u00e9 aux excellentes performances. La t\u00e9l\u00e9commande incluse permet de r\u00e9gler la ventilation pour r\u00e9partir uniform\u00e9ment la chaleur dans toute la pi\u00e8ce.<\/p>\n<ul>\n<li>Ventilation \u00e0 3 vitesses<\/li>\n<li>Design arrondi<\/li>\n<li>Haute autonomie d&rsquo;utilisation<\/li>\n<li>Br\u00fblleur r\u00e9glable et amovible avec fibre et couvercle de fermeture de flamme<\/li>\n<li>Pieds r\u00e9glables<\/li>\n<li>Pompe manuelle<\/li>\n","protected":false},"featured_media":53401,"template":"","meta":{"_acf_changed":false},"product_brand":[],"product_cat":[4597],"product_tag":[],"class_list":{"0":"post-53400","1":"product","2":"type-product","3":"status-publish","4":"has-post-thumbnail","6":"product_cat-poeles-a-bioethanol","7":"product_shipping_class-stufe-a-bioetanolo-2-2","8":"sales-flash-overlay","9":"woocommerce-text-align-center","10":"woocommerce-image-align-center","11":"do-quantity-buttons","13":"first","14":"instock","15":"taxable","16":"shipping-taxable","17":"purchasable","18":"product-type-simple"},"acf":[],"_links":{"self":[{"href":"https:\/\/www.fokussrl.com\/fr\/wp-json\/wp\/v2\/product\/53400","targetHints":{"allow":["GET"]}}],"collection":[{"href":"https:\/\/www.fokussrl.com\/fr\/wp-json\/wp\/v2\/product"}],"about":[{"href":"https:\/\/www.fokussrl.com\/fr\/wp-json\/wp\/v2\/types\/product"}],"wp:featuredmedia":[{"embeddable":true,"href":"https:\/\/www.fokussrl.com\/fr\/wp-json\/wp\/v2\/media\/53401"}],"wp:attachment":[{"href":"https:\/\/www.fokussrl.com\/fr\/wp-json\/wp\/v2\/media?parent=53400"}],"wp:term":[{"taxonomy":"product_brand","embeddable":true,"href":"https:\/\/www.fokussrl.com\/fr\/wp-json\/wp\/v2\/product_brand?post=53400"},{"taxonomy":"product_cat","embeddable":true,"href":"https:\/\/www.fokussrl.com\/fr\/wp-json\/wp\/v2\/product_cat?post=53400"},{"taxonomy":"product_tag","embeddable":true,"href":"https:\/\/www.fokussrl.com\/fr\/wp-json\/wp\/v2\/product_tag?post=53400"}],"curies":[{"name":"wp","href":"https:\/\/api.w.org\/{rel}","templated":true}]}}