{"id":53409,"date":"2025-01-30T23:03:31","date_gmt":"2025-01-30T22:03:31","guid":{"rendered":"http:\/\/fokussrl.com\/prodotto\/activateur-tirage-electrique-nila-avec-tuyau-inox-flexible\/"},"modified":"2025-01-30T22:48:35","modified_gmt":"2025-01-30T21:48:35","slug":"activateur-tirage-electrique-nila-avec-tuyau-inox-flexible","status":"publish","type":"product","link":"https:\/\/www.fokussrl.com\/fr\/produit\/activateur-tirage-electrique-nila-avec-tuyau-inox-flexible\/","title":{"rendered":"Activateur de tirage \u00e9lectrique NILA avec tuyau inox flexible"},"content":{"rendered":"","protected":false},"excerpt":{"rendered":"<p>VERSION AVEC TUBE FLEX INOX<\/p>\n<p>Le souffleur \u00e9lectrique NILA peut \u00eatre install\u00e9 sur la partie non visible de la chemin\u00e9e, garantissant que l&rsquo;aspect frontal reste inchang\u00e9.<\/p>\n<p>En soufflant de l&rsquo;air \u00e0 travers le ventilateur \u00e9lectrique, il repr\u00e9sente la solution id\u00e9ale pour augmenter le tirage de la chemin\u00e9e dans toutes les conditions m\u00e9t\u00e9orologiques. Contrairement \u00e0 la version \u00e9olienne, il n&rsquo;est pas soumis \u00e0 l&rsquo;accumulation de suie, maintenant son efficacit\u00e9 dans le temps et ne n\u00e9cessitant aucun entretien.<\/p>\n","protected":false},"featured_media":53410,"template":"","meta":{"_acf_changed":false},"product_brand":[],"product_cat":[4567],"product_tag":[],"class_list":{"0":"post-53409","1":"product","2":"type-product","3":"status-publish","4":"has-post-thumbnail","6":"product_cat-accessoires-pour-poeles-et-cheminees","7":"product_shipping_class-accessori-2-2","8":"sales-flash-overlay","9":"woocommerce-text-align-center","10":"woocommerce-image-align-center","11":"do-quantity-buttons","13":"first","14":"instock","15":"taxable","16":"shipping-taxable","17":"purchasable","18":"product-type-simple"},"acf":[],"_links":{"self":[{"href":"https:\/\/www.fokussrl.com\/fr\/wp-json\/wp\/v2\/product\/53409","targetHints":{"allow":["GET"]}}],"collection":[{"href":"https:\/\/www.fokussrl.com\/fr\/wp-json\/wp\/v2\/product"}],"about":[{"href":"https:\/\/www.fokussrl.com\/fr\/wp-json\/wp\/v2\/types\/product"}],"wp:featuredmedia":[{"embeddable":true,"href":"https:\/\/www.fokussrl.com\/fr\/wp-json\/wp\/v2\/media\/53410"}],"wp:attachment":[{"href":"https:\/\/www.fokussrl.com\/fr\/wp-json\/wp\/v2\/media?parent=53409"}],"wp:term":[{"taxonomy":"product_brand","embeddable":true,"href":"https:\/\/www.fokussrl.com\/fr\/wp-json\/wp\/v2\/product_brand?post=53409"},{"taxonomy":"product_cat","embeddable":true,"href":"https:\/\/www.fokussrl.com\/fr\/wp-json\/wp\/v2\/product_cat?post=53409"},{"taxonomy":"product_tag","embeddable":true,"href":"https:\/\/www.fokussrl.com\/fr\/wp-json\/wp\/v2\/product_tag?post=53409"}],"curies":[{"name":"wp","href":"https:\/\/api.w.org\/{rel}","templated":true}]}}