{"id":58527,"date":"2025-02-01T16:51:13","date_gmt":"2025-02-01T15:51:13","guid":{"rendered":"http:\/\/fokussrl.com\/prodotto\/barbecue-gaz-1-bruleur-avec-table-46-5-cm\/"},"modified":"2025-02-01T16:57:42","modified_gmt":"2025-02-01T15:57:42","slug":"barbecue-gaz-1-bruleur-avec-table-46-5-cm","status":"publish","type":"product","link":"https:\/\/www.fokussrl.com\/fr\/produit\/barbecue-gaz-1-bruleur-avec-table-46-5-cm\/","title":{"rendered":"Barbecue \u00e0 gaz 1 br\u00fbleur avec table 46,5 cm &#8211; B. e P."},"content":{"rendered":"","protected":false},"excerpt":{"rendered":"<p>BARBECUE MOD\u00c8LE 1 BR\u00dbLEUR<\/p>\n<p>Le summum de sa cat\u00e9gorie. Sa taille compacte ne compromet ni la qualit\u00e9 de sa construction ni ses performances de cuisson. Id\u00e9al pour les petites familles et les espaces restreints.<\/p>\n<p>TOUS NOS PRODUITS SONT VENDUS AVEC UNE TABLE.<\/p>\n","protected":false},"featured_media":53625,"template":"","meta":{"_acf_changed":false},"product_brand":[4795],"product_cat":[4569],"product_tag":[],"class_list":{"0":"post-58527","1":"product","2":"type-product","3":"status-publish","4":"has-post-thumbnail","6":"product_brand-b-e-p-fr","7":"product_cat-barbecues-a-gaz","8":"product_shipping_class-barbecue-a-gas-2-2","9":"pa_versione-avec-couvercle","10":"pa_versione-sans-couvercle","11":"sales-flash-overlay","12":"woocommerce-text-align-center","13":"woocommerce-image-align-center","14":"do-quantity-buttons","16":"first","17":"instock","18":"taxable","19":"shipping-taxable","20":"product-type-variable"},"acf":[],"_links":{"self":[{"href":"https:\/\/www.fokussrl.com\/fr\/wp-json\/wp\/v2\/product\/58527","targetHints":{"allow":["GET"]}}],"collection":[{"href":"https:\/\/www.fokussrl.com\/fr\/wp-json\/wp\/v2\/product"}],"about":[{"href":"https:\/\/www.fokussrl.com\/fr\/wp-json\/wp\/v2\/types\/product"}],"wp:featuredmedia":[{"embeddable":true,"href":"https:\/\/www.fokussrl.com\/fr\/wp-json\/wp\/v2\/media\/53625"}],"wp:attachment":[{"href":"https:\/\/www.fokussrl.com\/fr\/wp-json\/wp\/v2\/media?parent=58527"}],"wp:term":[{"taxonomy":"product_brand","embeddable":true,"href":"https:\/\/www.fokussrl.com\/fr\/wp-json\/wp\/v2\/product_brand?post=58527"},{"taxonomy":"product_cat","embeddable":true,"href":"https:\/\/www.fokussrl.com\/fr\/wp-json\/wp\/v2\/product_cat?post=58527"},{"taxonomy":"product_tag","embeddable":true,"href":"https:\/\/www.fokussrl.com\/fr\/wp-json\/wp\/v2\/product_tag?post=58527"}],"curies":[{"name":"wp","href":"https:\/\/api.w.org\/{rel}","templated":true}]}}