{"id":58530,"date":"2025-02-01T16:51:13","date_gmt":"2025-02-01T15:51:13","guid":{"rendered":"http:\/\/fokussrl.com\/prodotto\/barbecue-gaz-2-bruleurs-avec-table-71-cm\/"},"modified":"2025-02-01T16:57:43","modified_gmt":"2025-02-01T15:57:43","slug":"barbecue-gaz-2-bruleurs-avec-table-71-cm","status":"publish","type":"product","link":"https:\/\/www.fokussrl.com\/fr\/produit\/barbecue-gaz-2-bruleurs-avec-table-71-cm\/","title":{"rendered":"Barbecue \u00e0 gaz 2 br\u00fbleurs avec table 71 cm &#8211; B. e P."},"content":{"rendered":"","protected":false},"excerpt":{"rendered":"<p>BARBECUE MOD\u00c8LE 2 BR\u00dbLEURS<\/p>\n<p>Le joyau des classiques. Il a \u00e9t\u00e9 le pr\u00e9curseur de toute la ligne \u00e0 succ\u00e8s et est d\u00e9sormais devenu la r\u00e9f\u00e9rence en termes de performances pour sa cat\u00e9gorie. Id\u00e9al pour les familles, il est appr\u00e9ci\u00e9 pour sa polyvalence.<\/p>\n<p>TOUS NOS PRODUITS SONT VENDUS AVEC UNE TABLE.<\/p>\n","protected":false},"featured_media":53652,"template":"","meta":{"_acf_changed":false},"product_brand":[4795],"product_cat":[4569],"product_tag":[],"class_list":{"0":"post-58530","1":"product","2":"type-product","3":"status-publish","4":"has-post-thumbnail","6":"product_brand-b-e-p-fr","7":"product_cat-barbecues-a-gaz","8":"product_shipping_class-barbecue-a-gas-2-2","9":"pa_versione-avec-bruleur-grille-et-couvercle","10":"pa_versione-avec-couvercle","11":"pa_versione-sans-couvercle","12":"sales-flash-overlay","13":"woocommerce-text-align-center","14":"woocommerce-image-align-center","15":"do-quantity-buttons","17":"first","18":"instock","19":"taxable","20":"shipping-taxable","21":"purchasable","22":"product-type-variable"},"acf":[],"_links":{"self":[{"href":"https:\/\/www.fokussrl.com\/fr\/wp-json\/wp\/v2\/product\/58530","targetHints":{"allow":["GET"]}}],"collection":[{"href":"https:\/\/www.fokussrl.com\/fr\/wp-json\/wp\/v2\/product"}],"about":[{"href":"https:\/\/www.fokussrl.com\/fr\/wp-json\/wp\/v2\/types\/product"}],"wp:featuredmedia":[{"embeddable":true,"href":"https:\/\/www.fokussrl.com\/fr\/wp-json\/wp\/v2\/media\/53652"}],"wp:attachment":[{"href":"https:\/\/www.fokussrl.com\/fr\/wp-json\/wp\/v2\/media?parent=58530"}],"wp:term":[{"taxonomy":"product_brand","embeddable":true,"href":"https:\/\/www.fokussrl.com\/fr\/wp-json\/wp\/v2\/product_brand?post=58530"},{"taxonomy":"product_cat","embeddable":true,"href":"https:\/\/www.fokussrl.com\/fr\/wp-json\/wp\/v2\/product_cat?post=58530"},{"taxonomy":"product_tag","embeddable":true,"href":"https:\/\/www.fokussrl.com\/fr\/wp-json\/wp\/v2\/product_tag?post=58530"}],"curies":[{"name":"wp","href":"https:\/\/api.w.org\/{rel}","templated":true}]}}